{"id":745432,"date":"2025-03-03T20:19:22","date_gmt":"2025-03-03T19:19:22","guid":{"rendered":"https:\/\/stoic-curie.212-227-153-4.plesk.page\/producto\/spremnik-otpadnih-voda-ocean-73lt-24v-1050-x-400-x-h300mm\/"},"modified":"2026-02-25T00:01:23","modified_gmt":"2026-02-25T00:01:23","slug":"spremnik-otpadnih-voda-ocean-73lt-24v-1050-x-400-x-h300mm","status":"publish","type":"product","link":"https:\/\/stoic-curie.212-227-153-4.plesk.page\/hr\/product\/spremnik-otpadnih-voda-ocean-73lt-24v-1050-x-400-x-h300mm\/","title":{"rendered":"Spremnik otpadnih voda Ocean 73lt 24v 1050 x 400 x H300mm"},"content":{"rendered":"<p>Spremnik otpadnih voda Ocean 73lt 24v 1050 x 400 x H300mm &#8211; <\/p>\n<p>Polyetilenski spremnik za otpadne vode\/otpad prema ISO8099 standardu s pumpom za usitnjavanje za pra\u017enjenje. Sadr\u017ei 10-otvor vrata za inspekciju s tri navojna priklju\u010dka od 1&#8243;1\/2, jednim navojnim priklju\u010dkom od 1\/2&#8243;, uronjivom cijevi, poklopcem, dva rotiraju\u0107a priklju\u010dka od 38 mm s navojnom maticom od 1&#8243;1\/2, priklju\u010dnik crijeva od 20 mm s navojem od 1\/2&#8243;, ventil s navojem od 1&#8243; s priklju\u010dkom za crijevo od 16\/18 mm, filter aktivnog ugljena s priklju\u010dcima od 16\/19\/25 mm, trostruki VDO tip senzora razine skoro pun\/pun s 5 otvora i LED kontrolnom plo\u010dom razine s 2,4 m kabelom. Visina pumpe iznad spremnika 100 mm.<\/p>\n","protected":false},"excerpt":{"rendered":"<p>Spremnik otpadnih voda Ocean 73lt 24v 1050 x 400 x H300mm &#8211; Polyetilenski spremnik za otpadne vode\/otpad prema ISO8099 standardu<\/p>\n","protected":false},"featured_media":5947401,"comment_status":"open","ping_status":"closed","template":"","meta":[],"product_brand":[3141],"product_cat":[1649],"product_tag":[],"class_list":{"0":"post-745432","1":"product","2":"type-product","3":"status-publish","4":"has-post-thumbnail","6":"product_brand-matromarine-hr","7":"product_cat-spremnici-za-otpadne-vode","9":"first","10":"instock","11":"shipping-taxable","12":"purchasable","13":"product-type-simple"},"_links":{"self":[{"href":"https:\/\/stoic-curie.212-227-153-4.plesk.page\/hr\/wp-json\/wp\/v2\/product\/745432","targetHints":{"allow":["GET"]}}],"collection":[{"href":"https:\/\/stoic-curie.212-227-153-4.plesk.page\/hr\/wp-json\/wp\/v2\/product"}],"about":[{"href":"https:\/\/stoic-curie.212-227-153-4.plesk.page\/hr\/wp-json\/wp\/v2\/types\/product"}],"replies":[{"embeddable":true,"href":"https:\/\/stoic-curie.212-227-153-4.plesk.page\/hr\/wp-json\/wp\/v2\/comments?post=745432"}],"version-history":[{"count":0,"href":"https:\/\/stoic-curie.212-227-153-4.plesk.page\/hr\/wp-json\/wp\/v2\/product\/745432\/revisions"}],"wp:featuredmedia":[{"embeddable":true,"href":"https:\/\/stoic-curie.212-227-153-4.plesk.page\/hr\/wp-json\/wp\/v2\/media\/5947401"}],"wp:attachment":[{"href":"https:\/\/stoic-curie.212-227-153-4.plesk.page\/hr\/wp-json\/wp\/v2\/media?parent=745432"}],"wp:term":[{"taxonomy":"product_brand","embeddable":true,"href":"https:\/\/stoic-curie.212-227-153-4.plesk.page\/hr\/wp-json\/wp\/v2\/product_brand?post=745432"},{"taxonomy":"product_cat","embeddable":true,"href":"https:\/\/stoic-curie.212-227-153-4.plesk.page\/hr\/wp-json\/wp\/v2\/product_cat?post=745432"},{"taxonomy":"product_tag","embeddable":true,"href":"https:\/\/stoic-curie.212-227-153-4.plesk.page\/hr\/wp-json\/wp\/v2\/product_tag?post=745432"}],"curies":[{"name":"wp","href":"https:\/\/api.w.org\/{rel}","templated":true}]}}