{"id":745434,"date":"2025-03-03T20:19:22","date_gmt":"2025-03-03T19:19:22","guid":{"rendered":"https:\/\/stoic-curie.212-227-153-4.plesk.page\/producto\/sustav-odvodnje-rule-98b-s-pumpom-od-800-gph-24v\/"},"modified":"2026-02-25T00:01:23","modified_gmt":"2026-02-25T00:01:23","slug":"sustav-odvodnje-rule-98b-s-pumpom-od-800-gph-24v","status":"publish","type":"product","link":"https:\/\/stoic-curie.212-227-153-4.plesk.page\/hr\/product\/sustav-odvodnje-rule-98b-s-pumpom-od-800-gph-24v\/","title":{"rendered":"Sustav odvodnje Rule 98B s pumpom od 800 gph 24v"},"content":{"rendered":"<p>Sustav odvodnje Rule 98B s pumpom od 800 gph 24v &#8211; <\/p>\n<p>Regel sustav odvodnje tu\u0161a s automatskom pumpom i plovkom. Maksimalna visina podizanja 2,7 metara, 1&#8243; navojna izlazna to\u010dka s nepovratnim ventilom. Tri 1&#8243; navojna usisna priklju\u010dka, od kojih jedan ima priklju\u010dak cijevi-na-crijevo za mogu\u0107e 38 mm crijeva. Potpuno s tri 1&#8243; navojna fittinga, uklju\u010duju\u0107i jedan cijev-na-crijevo od 20 mm, jedan od 25 mm i jedan od 30 mm.<\/p>\n","protected":false},"excerpt":{"rendered":"<p>Sustav odvodnje Rule 98B s pumpom od 800 gph 24v &#8211; Regel sustav odvodnje tu\u0161a s automatskom pumpom i plovkom.<\/p>\n","protected":false},"featured_media":5948734,"comment_status":"open","ping_status":"closed","template":"","meta":[],"product_brand":[3326],"product_cat":[1652,1656],"product_tag":[],"class_list":{"0":"post-745434","1":"product","2":"type-product","3":"status-publish","4":"has-post-thumbnail","6":"product_brand-rule-hr","7":"product_cat-brodski-tusevi","8":"product_cat-sustavi-sive-vode","10":"first","11":"instock","12":"shipping-taxable","13":"purchasable","14":"product-type-simple"},"_links":{"self":[{"href":"https:\/\/stoic-curie.212-227-153-4.plesk.page\/hr\/wp-json\/wp\/v2\/product\/745434","targetHints":{"allow":["GET"]}}],"collection":[{"href":"https:\/\/stoic-curie.212-227-153-4.plesk.page\/hr\/wp-json\/wp\/v2\/product"}],"about":[{"href":"https:\/\/stoic-curie.212-227-153-4.plesk.page\/hr\/wp-json\/wp\/v2\/types\/product"}],"replies":[{"embeddable":true,"href":"https:\/\/stoic-curie.212-227-153-4.plesk.page\/hr\/wp-json\/wp\/v2\/comments?post=745434"}],"version-history":[{"count":0,"href":"https:\/\/stoic-curie.212-227-153-4.plesk.page\/hr\/wp-json\/wp\/v2\/product\/745434\/revisions"}],"wp:featuredmedia":[{"embeddable":true,"href":"https:\/\/stoic-curie.212-227-153-4.plesk.page\/hr\/wp-json\/wp\/v2\/media\/5948734"}],"wp:attachment":[{"href":"https:\/\/stoic-curie.212-227-153-4.plesk.page\/hr\/wp-json\/wp\/v2\/media?parent=745434"}],"wp:term":[{"taxonomy":"product_brand","embeddable":true,"href":"https:\/\/stoic-curie.212-227-153-4.plesk.page\/hr\/wp-json\/wp\/v2\/product_brand?post=745434"},{"taxonomy":"product_cat","embeddable":true,"href":"https:\/\/stoic-curie.212-227-153-4.plesk.page\/hr\/wp-json\/wp\/v2\/product_cat?post=745434"},{"taxonomy":"product_tag","embeddable":true,"href":"https:\/\/stoic-curie.212-227-153-4.plesk.page\/hr\/wp-json\/wp\/v2\/product_tag?post=745434"}],"curies":[{"name":"wp","href":"https:\/\/api.w.org\/{rel}","templated":true}]}}