{"id":745440,"date":"2025-03-03T20:19:25","date_gmt":"2025-03-03T19:19:25","guid":{"rendered":"https:\/\/stoic-curie.212-227-153-4.plesk.page\/producto\/nehrdajuce-ploce-uflex-hi-perf-304-x-457mm\/"},"modified":"2026-02-25T00:01:23","modified_gmt":"2026-02-25T00:01:23","slug":"nehrdajuce-ploce-uflex-hi-perf-304-x-457mm","status":"publish","type":"product","link":"https:\/\/stoic-curie.212-227-153-4.plesk.page\/hr\/product\/nehrdajuce-ploce-uflex-hi-perf-304-x-457mm\/","title":{"rendered":"Nehr\u0111aju\u0107e plo\u010de Uflex HI-PERF 304 x 457mm"},"content":{"rendered":"<p>Nehr\u0111aju\u0107e plo\u010de Uflex HI-PERF 304 x 457mm &#8211; <\/p>\n<p>Elektromehani\u010dki 12V Uflex kit za trimiranje bez odr\u017eavanja i jednostavne instalacije. Ne zahtijeva elektroni\u010dku ili hidrauli\u010dnu kontrolnu jedinicu niti cevovod. Kontrolna plo\u010da s joystickom omogu\u0107uje vam uskla\u0111ivanje tabova za pode\u0161avanje uloge i nagiba. Kontrolna kutija tako\u0111er uklju\u010duje funkciju automatskog uskla\u0111ivanja za automatsko poravnanje zaklopki kada je deaktiviran, a mo\u017ee poslu\u017eiti i kao prekida\u010d za mogu\u0107i joystick druge stanice. Kit uklju\u010duje dva AT aktuatora i kontrolnu kutiju s kromiranim joystickom. Nehr\u0111aju\u0107i \u010deli\u010dni alati trebaju se kupiti odvojeno, a mogu biti standardni ili s visokoprofesionalnim ogledalom.<\/p>\n<p> &#8211; <\/p>\n<p>Pobolj\u0161ava ekonomiju goriva i udobnost putnika.<\/p>\n<p> &#8211; <\/p>\n<p>Tabovi su gra\u0111eni da izdr\u017ee najzahtjevnije uvjete na moru.<\/p>\n<p> &#8211; <\/p>\n<p>Instalacija samo s jednom malom rupom po tabu kroz stjenku.<\/p>\n","protected":false},"excerpt":{"rendered":"<p>Nehr\u0111aju\u0107e plo\u010de Uflex HI-PERF 304 x 457mm &#8211; Elektromehani\u010dki 12V Uflex kit za trimiranje bez odr\u017eavanja i jednostavne instalacije. Ne<\/p>\n","protected":false},"featured_media":5948740,"comment_status":"open","ping_status":"closed","template":"","meta":[],"product_brand":[3501],"product_cat":[1806],"product_tag":[],"class_list":{"0":"post-745440","1":"product","2":"type-product","3":"status-publish","4":"has-post-thumbnail","6":"product_brand-ultraflex-uflex-hr","7":"product_cat-trim-ploce","9":"first","10":"instock","11":"shipping-taxable","12":"purchasable","13":"product-type-simple"},"_links":{"self":[{"href":"https:\/\/stoic-curie.212-227-153-4.plesk.page\/hr\/wp-json\/wp\/v2\/product\/745440","targetHints":{"allow":["GET"]}}],"collection":[{"href":"https:\/\/stoic-curie.212-227-153-4.plesk.page\/hr\/wp-json\/wp\/v2\/product"}],"about":[{"href":"https:\/\/stoic-curie.212-227-153-4.plesk.page\/hr\/wp-json\/wp\/v2\/types\/product"}],"replies":[{"embeddable":true,"href":"https:\/\/stoic-curie.212-227-153-4.plesk.page\/hr\/wp-json\/wp\/v2\/comments?post=745440"}],"version-history":[{"count":0,"href":"https:\/\/stoic-curie.212-227-153-4.plesk.page\/hr\/wp-json\/wp\/v2\/product\/745440\/revisions"}],"wp:featuredmedia":[{"embeddable":true,"href":"https:\/\/stoic-curie.212-227-153-4.plesk.page\/hr\/wp-json\/wp\/v2\/media\/5948740"}],"wp:attachment":[{"href":"https:\/\/stoic-curie.212-227-153-4.plesk.page\/hr\/wp-json\/wp\/v2\/media?parent=745440"}],"wp:term":[{"taxonomy":"product_brand","embeddable":true,"href":"https:\/\/stoic-curie.212-227-153-4.plesk.page\/hr\/wp-json\/wp\/v2\/product_brand?post=745440"},{"taxonomy":"product_cat","embeddable":true,"href":"https:\/\/stoic-curie.212-227-153-4.plesk.page\/hr\/wp-json\/wp\/v2\/product_cat?post=745440"},{"taxonomy":"product_tag","embeddable":true,"href":"https:\/\/stoic-curie.212-227-153-4.plesk.page\/hr\/wp-json\/wp\/v2\/product_tag?post=745440"}],"curies":[{"name":"wp","href":"https:\/\/api.w.org\/{rel}","templated":true}]}}