{"id":745442,"date":"2025-03-03T20:19:25","date_gmt":"2025-03-03T19:19:25","guid":{"rendered":"https:\/\/stoic-curie.212-227-153-4.plesk.page\/producto\/nehrdajuce-ploce-304-x-457mm-za-uflex-hi-perf\/"},"modified":"2026-02-25T00:01:23","modified_gmt":"2026-02-25T00:01:23","slug":"nehrdajuce-ploce-304-x-457mm-za-uflex-hi-perf","status":"publish","type":"product","link":"https:\/\/stoic-curie.212-227-153-4.plesk.page\/hr\/product\/nehrdajuce-ploce-304-x-457mm-za-uflex-hi-perf\/","title":{"rendered":"Nehr\u0111aju\u0107e plo\u010de 304 x 457mm za Uflex HI-PERF"},"content":{"rendered":"<p>Nehr\u0111aju\u0107e plo\u010de 304 x 457mm za Uflex HI-PERF &#8211; <\/p>\n<p>Bez odr\u017eavanja i jednostavna instalacija elektromehani\u010dkog 12V Uflex sustava trimanja. Ne zahtijeva elektri\u010dnu ili hidrauli\u010dnu kontrolnu jedinicu i cijevi. Kontrolna plo\u010da s joystickom omogu\u0107uje uskla\u0111ivanje flapova za pode\u0161avanje nagiba i nagiba. Kontrolna kutija tako\u0111er sadr\u017ei funkciju automatskog uskla\u0111ivanja za automatsko poravnavanje flapova kada je deaktiviran, a mo\u017ee slu\u017eiti i kao prekida\u010d za mogu\u0107i drugi joystick na stanici. Kit uklju\u010duje dva AT aktuatora i kontrolnu kutiju s kromiranim joystickom. Nehr\u0111aju\u0107i \u010deli\u010dni listovi moraju se kupiti odvojeno; mogu biti standardni ili s profilom visokih performansi s ogledalom.<\/p>\n<p> &#8211; Pobolj\u0161ava ekonomi\u010dnost goriva i udobnost putnika &#8211; Flapovi su izra\u0111eni za izdr\u017eavanje vremenskih uvjeta na moru &#8211; Instalacija sa samo jednim malim otvorom po flap-u kroz le\u0111a.<\/p>\n","protected":false},"excerpt":{"rendered":"<p>Nehr\u0111aju\u0107e plo\u010de 304 x 457mm za Uflex HI-PERF &#8211; Bez odr\u017eavanja i jednostavna instalacija elektromehani\u010dkog 12V Uflex sustava trimanja. Ne<\/p>\n","protected":false},"featured_media":5948413,"comment_status":"open","ping_status":"closed","template":"","meta":[],"product_brand":[3501],"product_cat":[1806],"product_tag":[],"class_list":{"0":"post-745442","1":"product","2":"type-product","3":"status-publish","4":"has-post-thumbnail","6":"product_brand-ultraflex-uflex-hr","7":"product_cat-trim-ploce","9":"first","10":"instock","11":"shipping-taxable","12":"purchasable","13":"product-type-simple"},"_links":{"self":[{"href":"https:\/\/stoic-curie.212-227-153-4.plesk.page\/hr\/wp-json\/wp\/v2\/product\/745442","targetHints":{"allow":["GET"]}}],"collection":[{"href":"https:\/\/stoic-curie.212-227-153-4.plesk.page\/hr\/wp-json\/wp\/v2\/product"}],"about":[{"href":"https:\/\/stoic-curie.212-227-153-4.plesk.page\/hr\/wp-json\/wp\/v2\/types\/product"}],"replies":[{"embeddable":true,"href":"https:\/\/stoic-curie.212-227-153-4.plesk.page\/hr\/wp-json\/wp\/v2\/comments?post=745442"}],"version-history":[{"count":0,"href":"https:\/\/stoic-curie.212-227-153-4.plesk.page\/hr\/wp-json\/wp\/v2\/product\/745442\/revisions"}],"wp:featuredmedia":[{"embeddable":true,"href":"https:\/\/stoic-curie.212-227-153-4.plesk.page\/hr\/wp-json\/wp\/v2\/media\/5948413"}],"wp:attachment":[{"href":"https:\/\/stoic-curie.212-227-153-4.plesk.page\/hr\/wp-json\/wp\/v2\/media?parent=745442"}],"wp:term":[{"taxonomy":"product_brand","embeddable":true,"href":"https:\/\/stoic-curie.212-227-153-4.plesk.page\/hr\/wp-json\/wp\/v2\/product_brand?post=745442"},{"taxonomy":"product_cat","embeddable":true,"href":"https:\/\/stoic-curie.212-227-153-4.plesk.page\/hr\/wp-json\/wp\/v2\/product_cat?post=745442"},{"taxonomy":"product_tag","embeddable":true,"href":"https:\/\/stoic-curie.212-227-153-4.plesk.page\/hr\/wp-json\/wp\/v2\/product_tag?post=745442"}],"curies":[{"name":"wp","href":"https:\/\/api.w.org\/{rel}","templated":true}]}}