{"id":745459,"date":"2025-03-03T20:19:30","date_gmt":"2025-03-03T19:19:30","guid":{"rendered":"https:\/\/stoic-curie.212-227-153-4.plesk.page\/producto\/ultra-sidro-od-nehrdajuceg-celika-8kg\/"},"modified":"2026-02-25T00:01:23","modified_gmt":"2026-02-25T00:01:23","slug":"ultra-sidro-od-nehrdajuceg-celika-8kg","status":"publish","type":"product","link":"https:\/\/stoic-curie.212-227-153-4.plesk.page\/hr\/product\/ultra-sidro-od-nehrdajuceg-celika-8kg\/","title":{"rendered":"Ultra sidro od nehr\u0111aju\u0107eg \u010delika 8kg"},"content":{"rendered":"<p>Ultra sidro od nehr\u0111aju\u0107eg \u010delika 8kg &#8211; <\/p>\n<p style=\"color: rgb(34, 34, 34); font-family: Arial, Helvetica, sans-serif; font-size: small;\">Ru\u010dno izra\u0111eni od 316 nehr\u0111aju\u0107eg \u010delika i pomno polirani, Ultra sidra nagla\u0161avaju va\u017enost pravilne raspodjele te\u017eine i dizajna prilikom postavljanja i podizanja sidra. Osobito, ako okrenete bilo koje Ultra sidro, automatski \u0107e se vratiti u svoju optimalnu poziciju. Svako sidro ima ravnu pivotnu povr\u0161inu na donjoj strani, \u0161to olak\u0161ava oporavak.<\/p>\n<p style=\"color: rgb(34, 34, 34); font-family: Arial, Helvetica, sans-serif; font-size: small;\">Ultra sidra su dizajnirana za sve vrste plovila i mogu se sigurno montirati na prednji valjak. Standardne veli\u010dine sidra kre\u0107u se od 5 kg do 360 kg, a ve\u0107e veli\u010dine dostupne na zahtjev. Izra\u0111eni od najboljih materijala u Europi i izra\u0111eni od strane kvalificiranih in\u017eenjera, Ultra sidra dolaze s do\u017eivotnom garancijom na proizvodne nedostatke pod normalnim uvjetima i kori\u0161tenjem.<\/p>\n<p style=\"color: rgb(34, 34, 34); font-family: Arial, Helvetica, sans-serif; font-size: small;\"><strong>Karakteristike<\/strong><\/p>\n<ul style=\"color: rgb(34, 34, 34); font-family: Arial, Helvetica, sans-serif; font-size: small;\">\n<li>\n<p><strong>\u0160uplji Dr\u0161ka:<\/strong>\u00a0Ovaj dizajn koncentrira te\u017einu na vrhu sidra za bolje performanse.<\/p>\n<\/li>\n<li>\n<p><strong>Tubularna Konstrukcija:<\/strong>\u00a0Sidro se ne mo\u017ee osloniti na le\u0111a, omogu\u0107avaju\u0107i mu da se odmah vrati u optimalnu poziciju. Tako\u0111er se pravilno uklapa u prednji valjak.<\/p>\n<\/li>\n<li>\n<p><strong>Vrhunac Punjen Olovom:<\/strong>\u00a0Olovna je dodana vrhu sidra kako bi se postigla idealna raspodjela te\u017eine, osiguravaju\u0107i da u\u010dinkovito prodire u izazovne uvjete dna.<\/p>\n<\/li>\n<li>\n<p><strong>To\u010dka Za\u0161tite od Ogrebotina:<\/strong>\u00a0Pozicionirana na dnu, ova zna\u010dajka sprje\u010dava vu\u010denje i osigurava da sidro odmah postavlja kada se pomi\u010de.<\/p>\n<\/li>\n<li>\n<p><strong>Zakrivljena Vrhunac:<\/strong>\u00a0Oblik prema dolje vrha sidra omogu\u0107ava dosljedno postavljanje u nepovoljnim vremenskim uvjetima. Njegovi kutovi tako\u0111er poma\u017eu sidru da se brzo postavi, \u010dak i ako nije u savr\u0161enoj poziciji.<\/p>\n<\/li>\n<li>\n<p><strong>Maksimalna Snaga Zadr\u017eavanja :<\/strong>\u00a0Konkavna baza sli\u010di lopati i pru\u017ea izvanrednu snagu dr\u017eanja, s ve\u0107om povr\u0161inom od tradicionalnih sidra. Ovaj dizajn rezultira sigurnijim sidrom koje se ne mo\u017ee lako osloboditi.<\/p>\n<\/li>\n<li>\n<p><strong>Oja\u010dana Oko:<\/strong>\u00a0Oja\u010dano oko dr\u0161ke izgra\u0111eno je da izdr\u017ei ekstremne optere\u0107enja bez savijanja, slomljenja ili otkazivanja.<\/p>\n<\/li>\n<li>\n<p><strong>Ravna Donja Strana:<\/strong>\u00a0Kada po\u010dnete vra\u0107ati sidro s morskog dna, ono se nagne na ravnom dijelu i po\u010dinje se osloba\u0111ati (brod bi trebao biti ravno iznad sidra).<\/p>\n<\/li>\n<li>\n<p><strong>Bo\u010dne Krilne Plo\u010de:<\/strong>\u00a0ULTRAnchor ostaje siguran u promjenjivim vjetrovima ili plimama, izvr\u0161ava puni 180-stupnjevni okret (dok je jo\u0161 uvijek zakopana) kako bi odr\u017eao snagu. Ovaj dizajn tako\u0111er olak\u0161ava transport i zadr\u017eava dosljedan oblik na prednjim valjcima.<\/p>\n<\/li>\n<li>\n<p><strong>Barijera protiv Zaplitanja:<\/strong>\u00a0Ova inovativna zna\u010dajka sprje\u010dava lanac da se omota oko dr\u0161ke sidra, osiguravaju\u0107i da se mo\u017ee pravilno postaviti. Tako\u0111er omogu\u0107uje jednostavan transport i zadr\u017eava dosljedan oblik sidra na prednjim valjcima.<\/p>\n<\/li>\n<li>\n<p><strong>Detalji o Te\u017eini Sidra:<\/strong>\u00a0Te\u017eina sidra je otisnuta na dr\u0161ci, ozna\u010davaju\u0107i veli\u010dinu u kilogramima i funtama.<\/p>\n<\/li>\n<li>\n<p><strong>Serijski Broj:<\/strong>\u00a0Svaki ULTRAnchor je ozna\u010den jedinstvenim serijskim brojem, osiguravaju\u0107i da je va\u0161e sidro uvijek prepoznatljivo.<\/p>\n<\/li>\n<\/ul>\n","protected":false},"excerpt":{"rendered":"<p>Ultra sidro od nehr\u0111aju\u0107eg \u010delika 8kg &#8211; Ru\u010dno izra\u0111eni od 316 nehr\u0111aju\u0107eg \u010delika i pomno polirani, Ultra sidra nagla\u0161avaju va\u017enost<\/p>\n","protected":false},"featured_media":5946951,"comment_status":"open","ping_status":"closed","template":"","meta":[],"product_brand":[3496],"product_cat":[1867],"product_tag":[],"class_list":{"0":"post-745459","1":"product","2":"type-product","3":"status-publish","4":"has-post-thumbnail","6":"product_brand-ultra-marine-hr","7":"product_cat-sidra-ultra","9":"first","10":"instock","11":"shipping-taxable","12":"purchasable","13":"product-type-simple"},"_links":{"self":[{"href":"https:\/\/stoic-curie.212-227-153-4.plesk.page\/hr\/wp-json\/wp\/v2\/product\/745459","targetHints":{"allow":["GET"]}}],"collection":[{"href":"https:\/\/stoic-curie.212-227-153-4.plesk.page\/hr\/wp-json\/wp\/v2\/product"}],"about":[{"href":"https:\/\/stoic-curie.212-227-153-4.plesk.page\/hr\/wp-json\/wp\/v2\/types\/product"}],"replies":[{"embeddable":true,"href":"https:\/\/stoic-curie.212-227-153-4.plesk.page\/hr\/wp-json\/wp\/v2\/comments?post=745459"}],"version-history":[{"count":0,"href":"https:\/\/stoic-curie.212-227-153-4.plesk.page\/hr\/wp-json\/wp\/v2\/product\/745459\/revisions"}],"wp:featuredmedia":[{"embeddable":true,"href":"https:\/\/stoic-curie.212-227-153-4.plesk.page\/hr\/wp-json\/wp\/v2\/media\/5946951"}],"wp:attachment":[{"href":"https:\/\/stoic-curie.212-227-153-4.plesk.page\/hr\/wp-json\/wp\/v2\/media?parent=745459"}],"wp:term":[{"taxonomy":"product_brand","embeddable":true,"href":"https:\/\/stoic-curie.212-227-153-4.plesk.page\/hr\/wp-json\/wp\/v2\/product_brand?post=745459"},{"taxonomy":"product_cat","embeddable":true,"href":"https:\/\/stoic-curie.212-227-153-4.plesk.page\/hr\/wp-json\/wp\/v2\/product_cat?post=745459"},{"taxonomy":"product_tag","embeddable":true,"href":"https:\/\/stoic-curie.212-227-153-4.plesk.page\/hr\/wp-json\/wp\/v2\/product_tag?post=745459"}],"curies":[{"name":"wp","href":"https:\/\/api.w.org\/{rel}","templated":true}]}}