{"id":745460,"date":"2025-03-03T20:19:30","date_gmt":"2025-03-03T19:19:30","guid":{"rendered":"https:\/\/stoic-curie.212-227-153-4.plesk.page\/producto\/jedrilicarska-jakna-musto-mpx-gtx-pro-crvena-velicina-s\/"},"modified":"2026-02-25T00:01:23","modified_gmt":"2026-02-25T00:01:23","slug":"jedrilicarska-jakna-musto-mpx-gtx-pro-crvena-velicina-s","status":"publish","type":"product","link":"https:\/\/stoic-curie.212-227-153-4.plesk.page\/hr\/product\/jedrilicarska-jakna-musto-mpx-gtx-pro-crvena-velicina-s\/","title":{"rendered":"Jedrili\u010darska jakna Musto MPX GTX Pro Crvena S"},"content":{"rendered":"<p>Jedrili\u010darska jakna Musto MPX GTX Pro Crvena S &#8211; <\/p>\n<p>Musto MPX GORE-TEX Pro Offshore jakna 2.0 je izvrsna odje\u0107a za van. Namijenjena je ozbiljnim jedrili\u010darima i ljubiteljima prirode. Ova jakna izra\u0111ena je od laganog, prozra\u010dnog i vodootpornog Gore-Tex Pro troslojnog materijala. Nudi izvrsnu za\u0161titu od vjetra i ki\u0161e. Dizajn je funkcionalan i uklju\u010duje zna\u010dajke koje pobolj\u0161avaju udobnost i upotrebljivost.<\/p>\n<p>Jedna od klju\u010dnih zna\u010dajki su artikulirane rukave. Oni omogu\u0107uju vi\u0161e pokreta, olak\u0161avaju\u0107i jedrenje ili obavljanje aktivnosti na otvorenom. Jakna tako\u0111er ima fluorescentnu kapu koja se mo\u017ee smjestiti kada se ne koristi. To vam daje dodatnu za\u0161titu bez gubitka stila ili udobnosti. Pode\u0161avaju\u0107i dvostruki za\u0161titni flap ima odvodni kanal preko dvostrukog patentnog zatvara\u010da. To dr\u017ei vodu vani dok omogu\u0107uje lak pristup.<\/p>\n<p>Ovratnik je oblo\u017een grid flisom za dodatnu udobnost i toplinu. Ovo je posebno ugodno tijekom hladnih putovanja na otvorenom. Dvojni man\u0161eti s pode\u0161avaju\u0107im vanjskim man\u017eetama poma\u017eu u zadr\u017eavanju vjetra i vode. Time osiguravate da ostanete suhi i udobni u svakoj vremenskoj situaciji.<\/p>\n<p>Musto MPX GORE-TEX Pro Offshore jakna 2.0 ima dovoljno prostora za pohranu. Ima dvije teretne d\u017eepove s vodootpornim zatvaranjem za osiguranje osnovnih predmeta. D\u017eepovi za zagrijavanje ruku oblo\u017eeni flisom dr\u017ee va\u0161e ruke toplima u hladnom vremenu. Tako\u0111er postoji unutarnji zatvoreni d\u017eep za dragocjenosti.<\/p>\n<p>Sigurnost je va\u017ena za ovu jaknu. Ima prizmalne reflektore i reflektivne elemente u \u0161avovima za pobolj\u0161anu vidljivost u slaboj svjetlosti. Ovo je odli\u010dan izbor za aktivnosti na otvorenom gdje je vidljivost bitna. Gore-Tex Pro membrana osigurava da ostanete suhi od vanjske vlage i znoja.<\/p>\n<p>Ova jakna testirana je pod ekstremnim uvjetima od strane jedrili\u010dara Sama Daviesa tijekom Vendee Globe 2020-21. To dokazuje njezinu izdr\u017eljivost i pouzdanost. Unaprije\u0111eni GORE-TEX Pro materijal ima reciklirani vanjski sloj i solution-dyed trikot podlogu. To pokazuje Mustovu posve\u0107enost odr\u017eivosti bez gubitka performansi.<\/p>\n<p>Musto MPX GORE-TEX Pro Offshore jakna 2.0 dizajnirana je da vas \u0161titi u te\u0161kim okru\u017eenjima. Omogu\u0107uje laku pokretljivost na brodu, \u0161to je \u010dini potrebnom opremom za ozbiljne jedrili\u010dare. Ima prakti\u010dne zna\u010dajke koje pobolj\u0161avaju udobnost, za\u0161titu i sigurnost. Ovo vam omogu\u0107uje da se usredoto\u010dite na svoju avanturu bez brige o vremenu.<\/p>\n<p><strong>Klju\u010dne zna\u010dajke:<\/strong><\/p>\n<ul>\n<li>Pode\u0161avaju\u0107i man\u0161eti za prilago\u0111eno pristajanje<\/li>\n<li>Pode\u0161avaju\u0107a kapa i rub za dodatnu za\u0161titu<\/li>\n<li>D\u017eepovi za zagrijavanje ruku na prsima za prakti\u010dnost<\/li>\n<li>Reflektivni detalji za bolju vidljivost u slaboj svjetlosti<\/li>\n<li>Neonska kapa za dodatnu sigurnost<\/li>\n<li>Potpuno zape\u010da\u0107ena \u0161ava kako bi se sprije\u010dilo ulazak vode<\/li>\n<li>Izdr\u017eljiv trostruki dizajn za dugotrajnu upotrebu<\/li>\n<\/ul>\n","protected":false},"excerpt":{"rendered":"<p>Jedrili\u010darska jakna Musto MPX GTX Pro Crvena S &#8211; Musto MPX GORE-TEX Pro Offshore jakna 2.0 je izvrsna odje\u0107a za<\/p>\n","protected":false},"featured_media":5948744,"comment_status":"open","ping_status":"closed","template":"","meta":[],"product_brand":[3156],"product_cat":[1854],"product_tag":[],"class_list":{"0":"post-745460","1":"product","2":"type-product","3":"status-publish","4":"has-post-thumbnail","6":"product_brand-musto-hr","7":"product_cat-jedrilicarska-odjeca-musto","9":"first","10":"instock","11":"shipping-taxable","12":"purchasable","13":"product-type-simple"},"_links":{"self":[{"href":"https:\/\/stoic-curie.212-227-153-4.plesk.page\/hr\/wp-json\/wp\/v2\/product\/745460","targetHints":{"allow":["GET"]}}],"collection":[{"href":"https:\/\/stoic-curie.212-227-153-4.plesk.page\/hr\/wp-json\/wp\/v2\/product"}],"about":[{"href":"https:\/\/stoic-curie.212-227-153-4.plesk.page\/hr\/wp-json\/wp\/v2\/types\/product"}],"replies":[{"embeddable":true,"href":"https:\/\/stoic-curie.212-227-153-4.plesk.page\/hr\/wp-json\/wp\/v2\/comments?post=745460"}],"version-history":[{"count":0,"href":"https:\/\/stoic-curie.212-227-153-4.plesk.page\/hr\/wp-json\/wp\/v2\/product\/745460\/revisions"}],"wp:featuredmedia":[{"embeddable":true,"href":"https:\/\/stoic-curie.212-227-153-4.plesk.page\/hr\/wp-json\/wp\/v2\/media\/5948744"}],"wp:attachment":[{"href":"https:\/\/stoic-curie.212-227-153-4.plesk.page\/hr\/wp-json\/wp\/v2\/media?parent=745460"}],"wp:term":[{"taxonomy":"product_brand","embeddable":true,"href":"https:\/\/stoic-curie.212-227-153-4.plesk.page\/hr\/wp-json\/wp\/v2\/product_brand?post=745460"},{"taxonomy":"product_cat","embeddable":true,"href":"https:\/\/stoic-curie.212-227-153-4.plesk.page\/hr\/wp-json\/wp\/v2\/product_cat?post=745460"},{"taxonomy":"product_tag","embeddable":true,"href":"https:\/\/stoic-curie.212-227-153-4.plesk.page\/hr\/wp-json\/wp\/v2\/product_tag?post=745460"}],"curies":[{"name":"wp","href":"https:\/\/api.w.org\/{rel}","templated":true}]}}