{"id":745462,"date":"2025-03-03T20:19:31","date_gmt":"2025-03-03T19:19:31","guid":{"rendered":"https:\/\/stoic-curie.212-227-153-4.plesk.page\/producto\/jedrilicarska-jakna-musto-mpx-gtx-pro-crvena-velicina-l\/"},"modified":"2026-02-25T00:01:23","modified_gmt":"2026-02-25T00:01:23","slug":"jedrilicarska-jakna-musto-mpx-gtx-pro-crvena-velicina-l","status":"publish","type":"product","link":"https:\/\/stoic-curie.212-227-153-4.plesk.page\/hr\/product\/jedrilicarska-jakna-musto-mpx-gtx-pro-crvena-velicina-l\/","title":{"rendered":"Jedrili\u010darska jakna Musto MPX GTX Pro Crvena L"},"content":{"rendered":"<p>Jedrili\u010darska jakna Musto MPX GTX Pro Crvena L &#8211; <\/p>\n<p>Musto MPX GORE-TEX Pro Offshore Jacket 2.0 pa\u017eljivo je konstruirana od lagane, prozra\u010dne i vodootporne GORE-TEX Pro troslojne tkanine, koja pru\u017ea izvanrednu za\u0161titu od vjetra. Ova jakna dizajnirana je s artikuliranim rukavima, fluorescentnom kapulja\u010dom koja se mo\u017ee prakti\u010dno spremiti, te podesivim dvostrukim za\u0161titnim flapovima s drena\u017enim kanalom smje\u0161tenim iznad dvostrukog zatvara\u010da, osiguravaju\u0107i sigurno zatvaranje sprijeda. Ovratnik je oblo\u017een grid flisom za dodatnu udobnost i toplinu. <\/p>\n<p>Opremljena dvostrukim man\u017eetama koje uklju\u010duju podesive vanjske man\u017eete, ova jakna se tako\u0111er ponosi s dva teretna d\u017eepa s vodootpornim zatvara\u010dima, rukavima oblo\u017eenim flisom za ugrijavanje ruku i unutarnjim d\u017eepom sa zatvara\u010dem. Nadalje, oboga\u0107ena je prizmaticnim reflektorima i reflektivnim elementima u \u0161avovima, \u0161to je \u010dini izvanrednim izborom za aktivnosti na moru. GORE-TEX Pro membrana jam\u010di superiornu vodootpornost i prozra\u010dnost.<\/p>\n<p>Testirana u ekstremnim uvjetima od strane Sama Daviesa tijekom Vendee Globe 2020-21, MPX GORE-TEX Pro Offshore Jacket 2.0 ima nadogra\u0111enu GORE-TEX Pro tkaninu koja uklju\u010duje recikliranu vanjsku sloj i rje\u0161enje obojeni trikotni podstavu. Ova jakna je pa\u017eljivo dizajnirana kako bi vas za\u0161titila u izazovnim okru\u017eenjima dok omogu\u0107uje neometano kretanje na brodu. Iscpljena je prakti\u010dnim zna\u010dajkama usmjerenim na pobolj\u0161anje va\u0161eg udobnosti, za\u0161tite i sigurnosti.<\/p>\n<p><strong>Klju\u010dne zna\u010dajke:<\/strong><\/p>\n<ul>\n<li>Podesive man\u017eete<\/li>\n<li>Podesiva kapulja\u010da i rub<\/li>\n<li>D\u017eepovi za ugrijavanje ruku na prsima<\/li>\n<li>Reflektivni detalji za pobolj\u0161anu vidljivost<\/li>\n<li>Neonska kapulja\u010da za ve\u0107u sigurnost<\/li>\n<li>Potpuno zape\u010da\u0107ena konstrukcija<\/li>\n<li>Izdr\u017eljiv 3-slojni dizajn<\/li>\n<\/ul>\n","protected":false},"excerpt":{"rendered":"<p>Jedrili\u010darska jakna Musto MPX GTX Pro Crvena L &#8211; Musto MPX GORE-TEX Pro Offshore Jacket 2.0 pa\u017eljivo je konstruirana od<\/p>\n","protected":false},"featured_media":5948744,"comment_status":"open","ping_status":"closed","template":"","meta":[],"product_brand":[3156],"product_cat":[1854],"product_tag":[],"class_list":{"0":"post-745462","1":"product","2":"type-product","3":"status-publish","4":"has-post-thumbnail","6":"product_brand-musto-hr","7":"product_cat-jedrilicarska-odjeca-musto","9":"first","10":"instock","11":"shipping-taxable","12":"purchasable","13":"product-type-simple"},"_links":{"self":[{"href":"https:\/\/stoic-curie.212-227-153-4.plesk.page\/hr\/wp-json\/wp\/v2\/product\/745462","targetHints":{"allow":["GET"]}}],"collection":[{"href":"https:\/\/stoic-curie.212-227-153-4.plesk.page\/hr\/wp-json\/wp\/v2\/product"}],"about":[{"href":"https:\/\/stoic-curie.212-227-153-4.plesk.page\/hr\/wp-json\/wp\/v2\/types\/product"}],"replies":[{"embeddable":true,"href":"https:\/\/stoic-curie.212-227-153-4.plesk.page\/hr\/wp-json\/wp\/v2\/comments?post=745462"}],"version-history":[{"count":0,"href":"https:\/\/stoic-curie.212-227-153-4.plesk.page\/hr\/wp-json\/wp\/v2\/product\/745462\/revisions"}],"wp:featuredmedia":[{"embeddable":true,"href":"https:\/\/stoic-curie.212-227-153-4.plesk.page\/hr\/wp-json\/wp\/v2\/media\/5948744"}],"wp:attachment":[{"href":"https:\/\/stoic-curie.212-227-153-4.plesk.page\/hr\/wp-json\/wp\/v2\/media?parent=745462"}],"wp:term":[{"taxonomy":"product_brand","embeddable":true,"href":"https:\/\/stoic-curie.212-227-153-4.plesk.page\/hr\/wp-json\/wp\/v2\/product_brand?post=745462"},{"taxonomy":"product_cat","embeddable":true,"href":"https:\/\/stoic-curie.212-227-153-4.plesk.page\/hr\/wp-json\/wp\/v2\/product_cat?post=745462"},{"taxonomy":"product_tag","embeddable":true,"href":"https:\/\/stoic-curie.212-227-153-4.plesk.page\/hr\/wp-json\/wp\/v2\/product_tag?post=745462"}],"curies":[{"name":"wp","href":"https:\/\/api.w.org\/{rel}","templated":true}]}}