{"id":745463,"date":"2025-03-03T20:19:31","date_gmt":"2025-03-03T19:19:31","guid":{"rendered":"https:\/\/stoic-curie.212-227-153-4.plesk.page\/producto\/jedrilicarska-jakna-musto-mpx-gtx-pro-crvena-velicina-xl\/"},"modified":"2026-02-25T00:01:23","modified_gmt":"2026-02-25T00:01:23","slug":"jedrilicarska-jakna-musto-mpx-gtx-pro-crvena-velicina-xl","status":"publish","type":"product","link":"https:\/\/stoic-curie.212-227-153-4.plesk.page\/hr\/product\/jedrilicarska-jakna-musto-mpx-gtx-pro-crvena-velicina-xl\/","title":{"rendered":"Jedrili\u010darska jakna Musto MPX GTX Pro Crvena XL"},"content":{"rendered":"<p>Jedrili\u010darska jakna Musto MPX GTX Pro Crvena XL &#8211; <\/p>\n<p>Musto MPX GORE-TEX Pro Offshore Jacket 2.0 izra\u0111ena je od lagane, prozra\u010dne i vodootporne GORE-TEX Pro troslojne tkanine koja u\u010dinkovito \u0161titi od vjetra. Ima artikulirane rukave, fluorescentnu kapu koja se mo\u017ee skloniti i podesivi dvostruki za\u0161titni poklopac s odvodnim kanalom smje\u0161tenim iznad zatvara\u010da, \u0161to osigurava sigurno zatvaranje sprijeda. Ovratnik je oblo\u017een flisom za dodatnu udobnost i toplinu. Ova jakna opremljena je dvostrukim man\u017eetama s podesivim vanjskim man\u017eetama, dva teretna d\u017eepa s vodootpornim zatvaranjem, d\u017eepovima za grijanje ruku oblo\u017eenim flisom i unutarnjim d\u017eepom sa zatvara\u010dem. Tako\u0111er je pobolj\u0161ana prizmaticnim reflektorima i reflektivnim elementima u \u0161avovima, \u0161to je \u010dini izvrsnim izborom za off-shore aktivnosti. GORE-TEX Pro membrana osigurava izvanredno vodootpornost i prozra\u010dnost.<\/p>\n<p>Ispitano pod ekstremnim uvjetima od strane Sama Davies-a tijekom Vendee Globe-a 2020-21, MPX GORE-TEX Pro Offshore Jacket 2.0 nudi pobolj\u0161anu GORE-TEX Pro tkaninu koja uklju\u010duje recikliranu vanjsku prevlaku i rje\u0161enjem obojeni trikotni potplat. Ova jakna pa\u017eljivo je dizajnirana kako bi vas za\u0161titila u zahtjevnim okru\u017eenjima, omogu\u0107uju\u0107i slobodno kretanje na brodu. Bogata je prakti\u010dnim zna\u010dajkama osmi\u0161ljenim za pobolj\u0161anje va\u0161e udobnosti, za\u0161tite i sigurnosti.<\/p>\n<p><strong>Klju\u010dne zna\u010dajke:<\/strong><\/p>\n<ul>\n<li>Podesive man\u017eete<\/li>\n<li>Podesiva kapa i rub<\/li>\n<li>D\u017eepovi za grijanje ruku na prsima<\/li>\n<li>Reflektivni detalji za pobolj\u0161anu vidljivost<\/li>\n<li>Neon kapulja\u010da za dodatnu sigurnost<\/li>\n<li>Potpuno zape\u010da\u0107ena konstrukcija<\/li>\n<li>Izdr\u017eljiv troslojni dizajn<\/li>\n<\/ul>\n","protected":false},"excerpt":{"rendered":"<p>Jedrili\u010darska jakna Musto MPX GTX Pro Crvena XL &#8211; Musto MPX GORE-TEX Pro Offshore Jacket 2.0 izra\u0111ena je od lagane,<\/p>\n","protected":false},"featured_media":5948744,"comment_status":"open","ping_status":"closed","template":"","meta":[],"product_brand":[3156],"product_cat":[1854],"product_tag":[],"class_list":{"0":"post-745463","1":"product","2":"type-product","3":"status-publish","4":"has-post-thumbnail","6":"product_brand-musto-hr","7":"product_cat-jedrilicarska-odjeca-musto","9":"first","10":"instock","11":"shipping-taxable","12":"purchasable","13":"product-type-simple"},"_links":{"self":[{"href":"https:\/\/stoic-curie.212-227-153-4.plesk.page\/hr\/wp-json\/wp\/v2\/product\/745463","targetHints":{"allow":["GET"]}}],"collection":[{"href":"https:\/\/stoic-curie.212-227-153-4.plesk.page\/hr\/wp-json\/wp\/v2\/product"}],"about":[{"href":"https:\/\/stoic-curie.212-227-153-4.plesk.page\/hr\/wp-json\/wp\/v2\/types\/product"}],"replies":[{"embeddable":true,"href":"https:\/\/stoic-curie.212-227-153-4.plesk.page\/hr\/wp-json\/wp\/v2\/comments?post=745463"}],"version-history":[{"count":0,"href":"https:\/\/stoic-curie.212-227-153-4.plesk.page\/hr\/wp-json\/wp\/v2\/product\/745463\/revisions"}],"wp:featuredmedia":[{"embeddable":true,"href":"https:\/\/stoic-curie.212-227-153-4.plesk.page\/hr\/wp-json\/wp\/v2\/media\/5948744"}],"wp:attachment":[{"href":"https:\/\/stoic-curie.212-227-153-4.plesk.page\/hr\/wp-json\/wp\/v2\/media?parent=745463"}],"wp:term":[{"taxonomy":"product_brand","embeddable":true,"href":"https:\/\/stoic-curie.212-227-153-4.plesk.page\/hr\/wp-json\/wp\/v2\/product_brand?post=745463"},{"taxonomy":"product_cat","embeddable":true,"href":"https:\/\/stoic-curie.212-227-153-4.plesk.page\/hr\/wp-json\/wp\/v2\/product_cat?post=745463"},{"taxonomy":"product_tag","embeddable":true,"href":"https:\/\/stoic-curie.212-227-153-4.plesk.page\/hr\/wp-json\/wp\/v2\/product_tag?post=745463"}],"curies":[{"name":"wp","href":"https:\/\/api.w.org\/{rel}","templated":true}]}}