{"id":745464,"date":"2025-03-03T20:19:31","date_gmt":"2025-03-03T19:19:31","guid":{"rendered":"https:\/\/stoic-curie.212-227-153-4.plesk.page\/producto\/jedrilicarska-jakna-musto-mpx-gtx-pro-crvena-velicina-xxl\/"},"modified":"2026-02-25T00:01:23","modified_gmt":"2026-02-25T00:01:23","slug":"jedrilicarska-jakna-musto-mpx-gtx-pro-crvena-velicina-xxl","status":"publish","type":"product","link":"https:\/\/stoic-curie.212-227-153-4.plesk.page\/hr\/product\/jedrilicarska-jakna-musto-mpx-gtx-pro-crvena-velicina-xxl\/","title":{"rendered":"Jedrili\u010darska jakna Musto MPX GTX Pro Crvena XXL"},"content":{"rendered":"<p>Jedrili\u010darska jakna Musto MPX GTX Pro Crvena XXL &#8211; <\/p>\n<p><strong>MPX GORE-TEX PRO OFFSHORE JACKET 2.0<\/strong><\/p>\n<p>Musto MPX GORE-TEX Pro Offshore Jacket 2.0 dizajnirana je koriste\u0107i lagani, prozra\u010dni i vodootporni Gore-Tex Pro materijal od 3 sloja koji u\u010dinkovito blokira vjetar. Ima artikulirane rukave, fluorescentnu kapulja\u010du koja se mo\u017ee skloniti, te podesivi dvostruki \u0161titnik s drena\u017enim kanalom koji je postavljen iznad dvosmjernog zatvara\u010da za sigurno zatvaranje sprijeda. Ovratnik je podstavljen s grid flisom kako bi pru\u017eio dodatnu udobnost i toplinu. Ova jakna ima dvostruke man\u017eete s podesivim vanjskim man\u017eetama, dva teretna d\u017eepa opremljena vodootpornim zatvara\u010dima, rukavice s flisom za grijanje ruku, i unutarnji d\u017eep sa zatvara\u010dem. Nadalje, opremljena je prizmu reflektorima i reflektiraju\u0107im elementima u \u0161avovima, \u010dine\u0107i je izvrsnom opcijom za aktivnosti na otvorenom. Gore-Tex Pro membrana jam\u010di izuzetnu vodootpornost i prozra\u010dnost.<\/p>\n<p>Testirana u ekstremnim uvjetima od strane Sama Daviesa tijekom Vendee Globe 2020-21, MPX GORE-TEX Pro Offshore Jacket 2.0 sadr\u017ei unaprije\u0111eni GORE-TEX Pro materijal koji uklju\u010duje reciklirani vanjski sloj i bojani trikotni podstavu. Ova jakna je stru\u010dno dizajnirana kako bi vas za\u0161titila u izazovnim okru\u017eenjima, dok omogu\u0107ava slobodno kretanje na \u010damcu. Ispunjena je prakti\u010dnim zna\u010dajkama usmjerenim na pobolj\u0161anje va\u0161e udobnosti, za\u0161tite i sigurnosti.<\/p>\n<p><strong>Klju\u010dne zna\u010dajke:<\/strong><\/p>\n<ul>\n<li>Podesive man\u017eete<\/li>\n<li>Podesiva kapulja\u010da i porub<\/li>\n<li>D\u017eepovi za grijanje ruku na prsima<\/li>\n<li>Reflektiraju\u0107i detalji za pobolj\u0161anu vidljivost<\/li>\n<li>Neon-razdvojiva kapulja\u010da za pove\u0107anu sigurnost<\/li>\n<li>Potpuno zape\u010da\u0107ena konstrukcija<\/li>\n<li>Izdr\u017eljivi dizajn od 3 sloja<\/li>\n<\/ul>\n","protected":false},"excerpt":{"rendered":"<p>Jedrili\u010darska jakna Musto MPX GTX Pro Crvena XXL &#8211; MPX GORE-TEX PRO OFFSHORE JACKET 2.0 Musto MPX GORE-TEX Pro Offshore<\/p>\n","protected":false},"featured_media":5948744,"comment_status":"open","ping_status":"closed","template":"","meta":[],"product_brand":[3156],"product_cat":[1854],"product_tag":[],"class_list":{"0":"post-745464","1":"product","2":"type-product","3":"status-publish","4":"has-post-thumbnail","6":"product_brand-musto-hr","7":"product_cat-jedrilicarska-odjeca-musto","9":"first","10":"instock","11":"shipping-taxable","12":"purchasable","13":"product-type-simple"},"_links":{"self":[{"href":"https:\/\/stoic-curie.212-227-153-4.plesk.page\/hr\/wp-json\/wp\/v2\/product\/745464","targetHints":{"allow":["GET"]}}],"collection":[{"href":"https:\/\/stoic-curie.212-227-153-4.plesk.page\/hr\/wp-json\/wp\/v2\/product"}],"about":[{"href":"https:\/\/stoic-curie.212-227-153-4.plesk.page\/hr\/wp-json\/wp\/v2\/types\/product"}],"replies":[{"embeddable":true,"href":"https:\/\/stoic-curie.212-227-153-4.plesk.page\/hr\/wp-json\/wp\/v2\/comments?post=745464"}],"version-history":[{"count":0,"href":"https:\/\/stoic-curie.212-227-153-4.plesk.page\/hr\/wp-json\/wp\/v2\/product\/745464\/revisions"}],"wp:featuredmedia":[{"embeddable":true,"href":"https:\/\/stoic-curie.212-227-153-4.plesk.page\/hr\/wp-json\/wp\/v2\/media\/5948744"}],"wp:attachment":[{"href":"https:\/\/stoic-curie.212-227-153-4.plesk.page\/hr\/wp-json\/wp\/v2\/media?parent=745464"}],"wp:term":[{"taxonomy":"product_brand","embeddable":true,"href":"https:\/\/stoic-curie.212-227-153-4.plesk.page\/hr\/wp-json\/wp\/v2\/product_brand?post=745464"},{"taxonomy":"product_cat","embeddable":true,"href":"https:\/\/stoic-curie.212-227-153-4.plesk.page\/hr\/wp-json\/wp\/v2\/product_cat?post=745464"},{"taxonomy":"product_tag","embeddable":true,"href":"https:\/\/stoic-curie.212-227-153-4.plesk.page\/hr\/wp-json\/wp\/v2\/product_tag?post=745464"}],"curies":[{"name":"wp","href":"https:\/\/api.w.org\/{rel}","templated":true}]}}