{"id":745465,"date":"2025-03-03T20:19:32","date_gmt":"2025-03-03T19:19:32","guid":{"rendered":"https:\/\/stoic-curie.212-227-153-4.plesk.page\/producto\/jedrilicarske-hlace-musto-mpx-gtx-pro-red-velicina-s\/"},"modified":"2026-02-25T00:01:23","modified_gmt":"2026-02-25T00:01:23","slug":"jedrilicarske-hlace-musto-mpx-gtx-pro-red-velicina-s","status":"publish","type":"product","link":"https:\/\/stoic-curie.212-227-153-4.plesk.page\/hr\/product\/jedrilicarske-hlace-musto-mpx-gtx-pro-red-velicina-s\/","title":{"rendered":"Jedrili\u010darske hla\u010de Musto MPX GTX Pro Red : velicina S"},"content":{"rendered":"<p>Jedrili\u010darske hla\u010de Musto MPX GTX Pro Red : velicina S &#8211; <\/p>\n<p>Musto MPX GTX PRO Offsore Salopette, izra\u0111ena od iznimno prozra\u010dnog, vodootpornog i vjetrootpornog Gore-Tex Pro 3-slojnog materijala. Potpuno zape\u010da\u0107ene \u0161avove osiguravaju vodootpornost, elasti\u010dna pazuha i naramenice, pode\u0161avanje u struku za dodatnu udobnost. Oja\u010dana Cordura\u00ae koljena, sjedi\u0161te i rub, dvostruka prednja munja s obradom za lak\u0161i pristup, ergonomski postavljeni \u010di\u010dak za pode\u0161avanje ruba. D\u017eepovi za grijanje ruku na prsima i veliki 3D teretni d\u017eepovi na bedrima s otvorom koji odbija vodu i zatvorenim D-prstenom.<\/p>\n","protected":false},"excerpt":{"rendered":"<p>Jedrili\u010darske hla\u010de Musto MPX GTX Pro Red : velicina S &#8211; Musto MPX GTX PRO Offsore Salopette, izra\u0111ena od iznimno<\/p>\n","protected":false},"featured_media":5948748,"comment_status":"open","ping_status":"closed","template":"","meta":[],"product_brand":[3156],"product_cat":[1854],"product_tag":[],"class_list":{"0":"post-745465","1":"product","2":"type-product","3":"status-publish","4":"has-post-thumbnail","6":"product_brand-musto-hr","7":"product_cat-jedrilicarska-odjeca-musto","9":"first","10":"instock","11":"shipping-taxable","12":"purchasable","13":"product-type-simple"},"_links":{"self":[{"href":"https:\/\/stoic-curie.212-227-153-4.plesk.page\/hr\/wp-json\/wp\/v2\/product\/745465","targetHints":{"allow":["GET"]}}],"collection":[{"href":"https:\/\/stoic-curie.212-227-153-4.plesk.page\/hr\/wp-json\/wp\/v2\/product"}],"about":[{"href":"https:\/\/stoic-curie.212-227-153-4.plesk.page\/hr\/wp-json\/wp\/v2\/types\/product"}],"replies":[{"embeddable":true,"href":"https:\/\/stoic-curie.212-227-153-4.plesk.page\/hr\/wp-json\/wp\/v2\/comments?post=745465"}],"version-history":[{"count":0,"href":"https:\/\/stoic-curie.212-227-153-4.plesk.page\/hr\/wp-json\/wp\/v2\/product\/745465\/revisions"}],"wp:featuredmedia":[{"embeddable":true,"href":"https:\/\/stoic-curie.212-227-153-4.plesk.page\/hr\/wp-json\/wp\/v2\/media\/5948748"}],"wp:attachment":[{"href":"https:\/\/stoic-curie.212-227-153-4.plesk.page\/hr\/wp-json\/wp\/v2\/media?parent=745465"}],"wp:term":[{"taxonomy":"product_brand","embeddable":true,"href":"https:\/\/stoic-curie.212-227-153-4.plesk.page\/hr\/wp-json\/wp\/v2\/product_brand?post=745465"},{"taxonomy":"product_cat","embeddable":true,"href":"https:\/\/stoic-curie.212-227-153-4.plesk.page\/hr\/wp-json\/wp\/v2\/product_cat?post=745465"},{"taxonomy":"product_tag","embeddable":true,"href":"https:\/\/stoic-curie.212-227-153-4.plesk.page\/hr\/wp-json\/wp\/v2\/product_tag?post=745465"}],"curies":[{"name":"wp","href":"https:\/\/api.w.org\/{rel}","templated":true}]}}