{"id":745466,"date":"2025-03-03T20:19:32","date_gmt":"2025-03-03T19:19:32","guid":{"rendered":"https:\/\/stoic-curie.212-227-153-4.plesk.page\/producto\/jedrilicarske-hlace-musto-mpx-gtx-pro-red-velicina-m\/"},"modified":"2026-02-25T00:01:23","modified_gmt":"2026-02-25T00:01:23","slug":"jedrilicarske-hlace-musto-mpx-gtx-pro-red-velicina-m","status":"publish","type":"product","link":"https:\/\/stoic-curie.212-227-153-4.plesk.page\/hr\/product\/jedrilicarske-hlace-musto-mpx-gtx-pro-red-velicina-m\/","title":{"rendered":"Jedrili\u010darske hla\u010de Musto MPX GTX Pro Red : Velicina M"},"content":{"rendered":"<p>Jedrili\u010darske hla\u010de Musto MPX GTX Pro Red : Velicina M &#8211; <\/p>\n<p>Musto MPX GTX PRO Offshore salopette je izra\u0111ena od izuzetno prozra\u010dnog, vodootpornog i vjetrootpornog Gore-Tex Pro 3-slojnog materijala. Potpuno lijepljena konstrukcija za vodonepropusno brtvljenje, elasti\u010dni pazuhe i naramenice, prilagodba struka za ve\u0107i komfor. Oja\u010dana Cordura\u00c2\u00ae koljena, stra\u017enji dio i rub, dvostruki prednji zip s ispustom za jednostavan pristup, ergonomski postavljeni stezni remeni. D\u017eepovi za grijanje ruku na prsima i veliki 3D cargo d\u017eepovi na bedrima s otvaranjem otpornih na vodu i zatvorenim D- prstenom.<\/p>\n","protected":false},"excerpt":{"rendered":"<p>Jedrili\u010darske hla\u010de Musto MPX GTX Pro Red : Velicina M &#8211; Musto MPX GTX PRO Offshore salopette je izra\u0111ena od<\/p>\n","protected":false},"featured_media":5948748,"comment_status":"open","ping_status":"closed","template":"","meta":[],"product_brand":[3156],"product_cat":[1854],"product_tag":[],"class_list":{"0":"post-745466","1":"product","2":"type-product","3":"status-publish","4":"has-post-thumbnail","6":"product_brand-musto-hr","7":"product_cat-jedrilicarska-odjeca-musto","9":"first","10":"instock","11":"shipping-taxable","12":"purchasable","13":"product-type-simple"},"_links":{"self":[{"href":"https:\/\/stoic-curie.212-227-153-4.plesk.page\/hr\/wp-json\/wp\/v2\/product\/745466","targetHints":{"allow":["GET"]}}],"collection":[{"href":"https:\/\/stoic-curie.212-227-153-4.plesk.page\/hr\/wp-json\/wp\/v2\/product"}],"about":[{"href":"https:\/\/stoic-curie.212-227-153-4.plesk.page\/hr\/wp-json\/wp\/v2\/types\/product"}],"replies":[{"embeddable":true,"href":"https:\/\/stoic-curie.212-227-153-4.plesk.page\/hr\/wp-json\/wp\/v2\/comments?post=745466"}],"version-history":[{"count":0,"href":"https:\/\/stoic-curie.212-227-153-4.plesk.page\/hr\/wp-json\/wp\/v2\/product\/745466\/revisions"}],"wp:featuredmedia":[{"embeddable":true,"href":"https:\/\/stoic-curie.212-227-153-4.plesk.page\/hr\/wp-json\/wp\/v2\/media\/5948748"}],"wp:attachment":[{"href":"https:\/\/stoic-curie.212-227-153-4.plesk.page\/hr\/wp-json\/wp\/v2\/media?parent=745466"}],"wp:term":[{"taxonomy":"product_brand","embeddable":true,"href":"https:\/\/stoic-curie.212-227-153-4.plesk.page\/hr\/wp-json\/wp\/v2\/product_brand?post=745466"},{"taxonomy":"product_cat","embeddable":true,"href":"https:\/\/stoic-curie.212-227-153-4.plesk.page\/hr\/wp-json\/wp\/v2\/product_cat?post=745466"},{"taxonomy":"product_tag","embeddable":true,"href":"https:\/\/stoic-curie.212-227-153-4.plesk.page\/hr\/wp-json\/wp\/v2\/product_tag?post=745466"}],"curies":[{"name":"wp","href":"https:\/\/api.w.org\/{rel}","templated":true}]}}