{"id":745467,"date":"2025-03-03T20:19:32","date_gmt":"2025-03-03T19:19:32","guid":{"rendered":"https:\/\/stoic-curie.212-227-153-4.plesk.page\/producto\/jedrilicarske-hlace-musto-mpx-gtx-pro-red-velicina-l\/"},"modified":"2026-02-25T00:01:23","modified_gmt":"2026-02-25T00:01:23","slug":"jedrilicarske-hlace-musto-mpx-gtx-pro-red-velicina-l","status":"publish","type":"product","link":"https:\/\/stoic-curie.212-227-153-4.plesk.page\/hr\/product\/jedrilicarske-hlace-musto-mpx-gtx-pro-red-velicina-l\/","title":{"rendered":"Jedrili\u010darske hla\u010de Musto MPX GTX Pro Red : Velicina L"},"content":{"rendered":"<p>Jedrili\u010darske hla\u010de Musto MPX GTX Pro Red : Velicina L &#8211; <\/p>\n<p>Musto MPX GTX PRO Offshore salopette, izra\u0111ena od izuzetno prozra\u010dnog, vodootpornog i vjetrootpornog Gore-Tex Pro 3-slojnog materijala. Potpuno zape\u010da\u0107ene \u0161avove za vodonepropusno brtvljenje, elasti\u010dni ispodruci i naramenice, pode\u0161avanje struka za ve\u0107i udobnost. Oja\u010dana Cordura\u00ae koljena, sjedalo i obrub, dvostruki prednji zatvara\u010d s usnikom za jednostavan pristup, ergonomi\u010dki postavljeni \u010di\u010dak za pode\u0161avanje obruba. D\u017eepovi za zagrijavanje ruku na prsima i veliki 3D bo\u010dni d\u017eepovi s otvaranjem protiv vode i zatvorenim D-prstenom.<\/p>\n","protected":false},"excerpt":{"rendered":"<p>Jedrili\u010darske hla\u010de Musto MPX GTX Pro Red : Velicina L &#8211; Musto MPX GTX PRO Offshore salopette, izra\u0111ena od izuzetno<\/p>\n","protected":false},"featured_media":5948748,"comment_status":"open","ping_status":"closed","template":"","meta":[],"product_brand":[3156],"product_cat":[1854],"product_tag":[],"class_list":{"0":"post-745467","1":"product","2":"type-product","3":"status-publish","4":"has-post-thumbnail","6":"product_brand-musto-hr","7":"product_cat-jedrilicarska-odjeca-musto","9":"first","10":"instock","11":"shipping-taxable","12":"purchasable","13":"product-type-simple"},"_links":{"self":[{"href":"https:\/\/stoic-curie.212-227-153-4.plesk.page\/hr\/wp-json\/wp\/v2\/product\/745467","targetHints":{"allow":["GET"]}}],"collection":[{"href":"https:\/\/stoic-curie.212-227-153-4.plesk.page\/hr\/wp-json\/wp\/v2\/product"}],"about":[{"href":"https:\/\/stoic-curie.212-227-153-4.plesk.page\/hr\/wp-json\/wp\/v2\/types\/product"}],"replies":[{"embeddable":true,"href":"https:\/\/stoic-curie.212-227-153-4.plesk.page\/hr\/wp-json\/wp\/v2\/comments?post=745467"}],"version-history":[{"count":0,"href":"https:\/\/stoic-curie.212-227-153-4.plesk.page\/hr\/wp-json\/wp\/v2\/product\/745467\/revisions"}],"wp:featuredmedia":[{"embeddable":true,"href":"https:\/\/stoic-curie.212-227-153-4.plesk.page\/hr\/wp-json\/wp\/v2\/media\/5948748"}],"wp:attachment":[{"href":"https:\/\/stoic-curie.212-227-153-4.plesk.page\/hr\/wp-json\/wp\/v2\/media?parent=745467"}],"wp:term":[{"taxonomy":"product_brand","embeddable":true,"href":"https:\/\/stoic-curie.212-227-153-4.plesk.page\/hr\/wp-json\/wp\/v2\/product_brand?post=745467"},{"taxonomy":"product_cat","embeddable":true,"href":"https:\/\/stoic-curie.212-227-153-4.plesk.page\/hr\/wp-json\/wp\/v2\/product_cat?post=745467"},{"taxonomy":"product_tag","embeddable":true,"href":"https:\/\/stoic-curie.212-227-153-4.plesk.page\/hr\/wp-json\/wp\/v2\/product_tag?post=745467"}],"curies":[{"name":"wp","href":"https:\/\/api.w.org\/{rel}","templated":true}]}}