{"id":745468,"date":"2025-03-03T20:19:33","date_gmt":"2025-03-03T19:19:33","guid":{"rendered":"https:\/\/stoic-curie.212-227-153-4.plesk.page\/producto\/jedrilicarske-hlace-musto-mpx-gtx-pro-red-velicina-xl\/"},"modified":"2026-02-25T00:01:23","modified_gmt":"2026-02-25T00:01:23","slug":"jedrilicarske-hlace-musto-mpx-gtx-pro-red-velicina-xl","status":"publish","type":"product","link":"https:\/\/stoic-curie.212-227-153-4.plesk.page\/hr\/product\/jedrilicarske-hlace-musto-mpx-gtx-pro-red-velicina-xl\/","title":{"rendered":"Jedrili\u010darske hla\u010de Musto MPX GTX Pro Red : Velicina XL"},"content":{"rendered":"<p>Jedrili\u010darske hla\u010de Musto MPX GTX Pro Red : Velicina XL &#8211; <\/p>\n<p>Musto MPX GTX PRO Offshore salopette izra\u0111ena je od izuzetno prozra\u010dnog, vodootpornog i vjetrootpornog Gore-Tex Pro 3-slojnog materijala. Potpuno je zape\u010da\u0107ena za vodonepropusnu za\u0161titu, s elasti\u010dnim rukavima i naramenicama, a pode\u0161avanje struka osigurava ve\u0107u udobnost. Oja\u010dana Cordura\u00c2\u00ae koljena, stra\u017enjica i rub, dvosmjerna prednja zip s dodatkom za lak\u0161i pristup, ergonomi\u010dno postavljeni \u010di\u010dak za pode\u0161avanje ruba. D\u017eepovi za grijanje ruku na prsima i veliki 3D d\u017eepovi na bedru s vodu odbijaju\u0107im otvorom i zatvorenim D-prstenom.<\/p>\n","protected":false},"excerpt":{"rendered":"<p>Jedrili\u010darske hla\u010de Musto MPX GTX Pro Red : Velicina XL &#8211; Musto MPX GTX PRO Offshore salopette izra\u0111ena je od<\/p>\n","protected":false},"featured_media":5948748,"comment_status":"open","ping_status":"closed","template":"","meta":[],"product_brand":[3156],"product_cat":[1854],"product_tag":[],"class_list":{"0":"post-745468","1":"product","2":"type-product","3":"status-publish","4":"has-post-thumbnail","6":"product_brand-musto-hr","7":"product_cat-jedrilicarska-odjeca-musto","9":"first","10":"instock","11":"shipping-taxable","12":"purchasable","13":"product-type-simple"},"_links":{"self":[{"href":"https:\/\/stoic-curie.212-227-153-4.plesk.page\/hr\/wp-json\/wp\/v2\/product\/745468","targetHints":{"allow":["GET"]}}],"collection":[{"href":"https:\/\/stoic-curie.212-227-153-4.plesk.page\/hr\/wp-json\/wp\/v2\/product"}],"about":[{"href":"https:\/\/stoic-curie.212-227-153-4.plesk.page\/hr\/wp-json\/wp\/v2\/types\/product"}],"replies":[{"embeddable":true,"href":"https:\/\/stoic-curie.212-227-153-4.plesk.page\/hr\/wp-json\/wp\/v2\/comments?post=745468"}],"version-history":[{"count":0,"href":"https:\/\/stoic-curie.212-227-153-4.plesk.page\/hr\/wp-json\/wp\/v2\/product\/745468\/revisions"}],"wp:featuredmedia":[{"embeddable":true,"href":"https:\/\/stoic-curie.212-227-153-4.plesk.page\/hr\/wp-json\/wp\/v2\/media\/5948748"}],"wp:attachment":[{"href":"https:\/\/stoic-curie.212-227-153-4.plesk.page\/hr\/wp-json\/wp\/v2\/media?parent=745468"}],"wp:term":[{"taxonomy":"product_brand","embeddable":true,"href":"https:\/\/stoic-curie.212-227-153-4.plesk.page\/hr\/wp-json\/wp\/v2\/product_brand?post=745468"},{"taxonomy":"product_cat","embeddable":true,"href":"https:\/\/stoic-curie.212-227-153-4.plesk.page\/hr\/wp-json\/wp\/v2\/product_cat?post=745468"},{"taxonomy":"product_tag","embeddable":true,"href":"https:\/\/stoic-curie.212-227-153-4.plesk.page\/hr\/wp-json\/wp\/v2\/product_tag?post=745468"}],"curies":[{"name":"wp","href":"https:\/\/api.w.org\/{rel}","templated":true}]}}