{"id":745469,"date":"2025-03-03T20:19:33","date_gmt":"2025-03-03T19:19:33","guid":{"rendered":"https:\/\/stoic-curie.212-227-153-4.plesk.page\/producto\/jedrilicarske-hlace-musto-mpx-gtx-pro-red-velicina-xxl\/"},"modified":"2026-02-25T00:01:23","modified_gmt":"2026-02-25T00:01:23","slug":"jedrilicarske-hlace-musto-mpx-gtx-pro-red-velicina-xxl","status":"publish","type":"product","link":"https:\/\/stoic-curie.212-227-153-4.plesk.page\/hr\/product\/jedrilicarske-hlace-musto-mpx-gtx-pro-red-velicina-xxl\/","title":{"rendered":"Jedrili\u010darske hla\u010de Musto MPX GTX Pro Red : Velicina XXL"},"content":{"rendered":"<p>Jedrili\u010darske hla\u010de Musto MPX GTX Pro Red : Velicina XXL &#8211; <\/p>\n<p>Musto MPX GTX PRO Offshore kombinezon, izra\u0111en od izuzetno prozra\u010dnog, vodenog i vjetrootpornog Gore-Tex Pro 3-slojnog materijala. Potpuno zavaren konstrucija za vodonepropusno brtvljenje, elasti\u010dni rukavi i naramenice, pode\u0161avanje struka za ve\u0107u udobnost. Oja\u010dana Cordura\u00c2\u00ae koljena, sjedalo i rub, dvosmjerni prednji zatvara\u010d s usnikom za lako pristup, ergonomi\u010dki postavljeni pri\u010dvr\u0161\u0107iva\u010di rubova od \u010di\u010dak. D\u017eepovi za zagrijavanje ruku na prsima i veliki 3D d\u017eepovi na bedrima s vodoodbojnim otvorom i zatvorenim D-prstenom.<\/p>\n","protected":false},"excerpt":{"rendered":"<p>Jedrili\u010darske hla\u010de Musto MPX GTX Pro Red : Velicina XXL &#8211; Musto MPX GTX PRO Offshore kombinezon, izra\u0111en od izuzetno<\/p>\n","protected":false},"featured_media":5948748,"comment_status":"open","ping_status":"closed","template":"","meta":[],"product_brand":[3156],"product_cat":[1854],"product_tag":[],"class_list":{"0":"post-745469","1":"product","2":"type-product","3":"status-publish","4":"has-post-thumbnail","6":"product_brand-musto-hr","7":"product_cat-jedrilicarska-odjeca-musto","9":"first","10":"instock","11":"shipping-taxable","12":"purchasable","13":"product-type-simple"},"_links":{"self":[{"href":"https:\/\/stoic-curie.212-227-153-4.plesk.page\/hr\/wp-json\/wp\/v2\/product\/745469","targetHints":{"allow":["GET"]}}],"collection":[{"href":"https:\/\/stoic-curie.212-227-153-4.plesk.page\/hr\/wp-json\/wp\/v2\/product"}],"about":[{"href":"https:\/\/stoic-curie.212-227-153-4.plesk.page\/hr\/wp-json\/wp\/v2\/types\/product"}],"replies":[{"embeddable":true,"href":"https:\/\/stoic-curie.212-227-153-4.plesk.page\/hr\/wp-json\/wp\/v2\/comments?post=745469"}],"version-history":[{"count":0,"href":"https:\/\/stoic-curie.212-227-153-4.plesk.page\/hr\/wp-json\/wp\/v2\/product\/745469\/revisions"}],"wp:featuredmedia":[{"embeddable":true,"href":"https:\/\/stoic-curie.212-227-153-4.plesk.page\/hr\/wp-json\/wp\/v2\/media\/5948748"}],"wp:attachment":[{"href":"https:\/\/stoic-curie.212-227-153-4.plesk.page\/hr\/wp-json\/wp\/v2\/media?parent=745469"}],"wp:term":[{"taxonomy":"product_brand","embeddable":true,"href":"https:\/\/stoic-curie.212-227-153-4.plesk.page\/hr\/wp-json\/wp\/v2\/product_brand?post=745469"},{"taxonomy":"product_cat","embeddable":true,"href":"https:\/\/stoic-curie.212-227-153-4.plesk.page\/hr\/wp-json\/wp\/v2\/product_cat?post=745469"},{"taxonomy":"product_tag","embeddable":true,"href":"https:\/\/stoic-curie.212-227-153-4.plesk.page\/hr\/wp-json\/wp\/v2\/product_tag?post=745469"}],"curies":[{"name":"wp","href":"https:\/\/api.w.org\/{rel}","templated":true}]}}