{"id":745474,"date":"2025-03-03T20:19:34","date_gmt":"2025-03-03T19:19:34","guid":{"rendered":"https:\/\/stoic-curie.212-227-153-4.plesk.page\/producto\/cipele-musto-dynamic-pro-ii-shoes-broj-43-95-boja-plava-bijela\/"},"modified":"2026-02-25T00:01:23","modified_gmt":"2026-02-25T00:01:23","slug":"cipele-musto-dynamic-pro-ii-shoes-broj-43-95-boja-plava-bijela","status":"publish","type":"product","link":"https:\/\/stoic-curie.212-227-153-4.plesk.page\/hr\/product\/cipele-musto-dynamic-pro-ii-shoes-broj-43-95-boja-plava-bijela\/","title":{"rendered":"Cipele musto dynamic pro ii shoes broj 43 (9,5)  boja plava\/bijela"},"content":{"rendered":"<p>Cipele musto dynamic pro ii shoes broj 43 (9,5)  boja plava\/bijela  &#8211; <\/p>\n<p>Musto Dynamic Pro II jedrili\u010darske tenisice, izra\u0111ene s TPU zavarivanjem na gornjem dijelu za bo\u010dnu podr\u0161ku i amortiziraju\u0107im kavezom za petu za sigurno i trajno Dynamic Fit. Mono mre\u017easta konstrukcija osigurava ventilaciju i brzo su\u0161enje, \u0161to osigurava udobnost i svje\u017einu tijekom cijelog dana. Izvrsna XPL drena\u017ea sprje\u010dava nakupljanje vode unutar cipele, a GripDeck gumena obloge pru\u017ea stabilnost na vla\u017enim palubama.<\/p>\n","protected":false},"excerpt":{"rendered":"<p>Cipele musto dynamic pro ii shoes broj 43 (9,5) boja plava\/bijela &#8211; Musto Dynamic Pro II jedrili\u010darske tenisice, izra\u0111ene s<\/p>\n","protected":false},"featured_media":5948750,"comment_status":"open","ping_status":"closed","template":"","meta":[],"product_brand":[3156],"product_cat":[1854,1860],"product_tag":[],"class_list":{"0":"post-745474","1":"product","2":"type-product","3":"status-publish","4":"has-post-thumbnail","6":"product_brand-musto-hr","7":"product_cat-jedrilicarska-odjeca-musto","8":"product_cat-nauticke-cipele","10":"first","11":"instock","12":"shipping-taxable","13":"purchasable","14":"product-type-simple"},"_links":{"self":[{"href":"https:\/\/stoic-curie.212-227-153-4.plesk.page\/hr\/wp-json\/wp\/v2\/product\/745474","targetHints":{"allow":["GET"]}}],"collection":[{"href":"https:\/\/stoic-curie.212-227-153-4.plesk.page\/hr\/wp-json\/wp\/v2\/product"}],"about":[{"href":"https:\/\/stoic-curie.212-227-153-4.plesk.page\/hr\/wp-json\/wp\/v2\/types\/product"}],"replies":[{"embeddable":true,"href":"https:\/\/stoic-curie.212-227-153-4.plesk.page\/hr\/wp-json\/wp\/v2\/comments?post=745474"}],"version-history":[{"count":0,"href":"https:\/\/stoic-curie.212-227-153-4.plesk.page\/hr\/wp-json\/wp\/v2\/product\/745474\/revisions"}],"wp:featuredmedia":[{"embeddable":true,"href":"https:\/\/stoic-curie.212-227-153-4.plesk.page\/hr\/wp-json\/wp\/v2\/media\/5948750"}],"wp:attachment":[{"href":"https:\/\/stoic-curie.212-227-153-4.plesk.page\/hr\/wp-json\/wp\/v2\/media?parent=745474"}],"wp:term":[{"taxonomy":"product_brand","embeddable":true,"href":"https:\/\/stoic-curie.212-227-153-4.plesk.page\/hr\/wp-json\/wp\/v2\/product_brand?post=745474"},{"taxonomy":"product_cat","embeddable":true,"href":"https:\/\/stoic-curie.212-227-153-4.plesk.page\/hr\/wp-json\/wp\/v2\/product_cat?post=745474"},{"taxonomy":"product_tag","embeddable":true,"href":"https:\/\/stoic-curie.212-227-153-4.plesk.page\/hr\/wp-json\/wp\/v2\/product_tag?post=745474"}],"curies":[{"name":"wp","href":"https:\/\/api.w.org\/{rel}","templated":true}]}}