{"id":745480,"date":"2025-03-03T20:19:36","date_gmt":"2025-03-03T19:19:36","guid":{"rendered":"https:\/\/stoic-curie.212-227-153-4.plesk.page\/producto\/sidro-quick-olympic-20kg-nehrdajuci-celik\/"},"modified":"2026-02-25T00:01:23","modified_gmt":"2026-02-25T00:01:23","slug":"sidro-quick-olympic-20kg-nehrdajuci-celik","status":"publish","type":"product","link":"https:\/\/stoic-curie.212-227-153-4.plesk.page\/hr\/product\/sidro-quick-olympic-20kg-nehrdajuci-celik\/","title":{"rendered":"Sidro Quick Olympic 20kg, nehr\u0111aju\u0107i \u010delik"},"content":{"rendered":"<p>Sidro Quick Olympic 20kg, nehr\u0111aju\u0107i \u010delik &#8211; <\/p>\n<p style=\"color: rgb(34, 34, 34); font-family: Arial, Helvetica, sans-serif; font-size: small;\">Predstavljamo Quick Olympic Anchor, te\u017eak 20 kg i izra\u0111en od poliranog nehr\u0111aju\u0107eg \u010delika, s armom u obliku pluga. Ovaj ankor je dizajniran za visoke performanse i ima impresivan omjer te\u017eine i mase. Njegova visoka sposobnost penetracije pobolj\u0161ana je stabilizatorskim perajama i optimalnom raspodjelom te\u017eine, osiguravaju\u0107i pouzdano sidrenje u raznim uvjetima.<\/p>\n<p style=\"color: rgb(34, 34, 34); font-family: Arial, Helvetica, sans-serif; font-size: small;\">Kompaktna cijev kompatibilna je s ve\u0107inom valjaka dostupnih na tr\u017ei\u0161tu i uklju\u010duje otvor za pri\u010dvr\u0161\u0107ivanje dr\u0161ke, kao i oja\u010danu osnovu koja pru\u017ea izvanrednu otpornost na visoke napetosti. Oko je posebno dizajnirano da izdr\u017ei zna\u010dajne istezne napetosti. Kao dodatna opcija, ankor se mo\u017ee opremiti olimpijskom rotacijom, \u0161to jam\u010di da va\u0161 ankor ostane savr\u0161eno pozicioniran prilikom va\u0111enja iz vode.<\/p>\n<p style=\"color: rgb(34, 34, 34); font-family: Arial, Helvetica, sans-serif; font-size: small;\"><strong>Specifikacije sidra:<\/strong><\/p>\n<ul style=\"color: rgb(34, 34, 34); font-family: Arial, Helvetica, sans-serif; font-size: small;\">\n<li><strong>Te\u017eina:<\/strong>\u00a020 kg (44 lb)<\/li>\n<li><strong>Preporu\u010dena veli\u010dina lanca:<\/strong>\u00a08 mm (5\/16&#8243;)<\/li>\n<li><strong>Preporu\u010dena duljina \u010damca:<\/strong>\u00a012,6 metara (41 ft)<\/li>\n<li><strong>Preporu\u010dena te\u017eina \u010damca:<\/strong>\u00a010,2 tona (11,2 ameri\u010dke tone)<\/li>\n<li><strong>Materijal:<\/strong>\u00a0AISI 316 nehr\u0111aju\u0107i \u010delik s poliranim zavr\u0161etkom<\/li>\n<\/ul>\n<p style=\"color: rgb(34, 34, 34); font-family: Arial, Helvetica, sans-serif; font-size: small;\">Ovaj ankor je izvrstan izbor za vlasnike \u010damaca koji tra\u017ee pouzdanost i performanse u svojim rje\u0161enjima sidrenja.<\/p>\n","protected":false},"excerpt":{"rendered":"<p>Sidro Quick Olympic 20kg, nehr\u0111aju\u0107i \u010delik &#8211; Predstavljamo Quick Olympic Anchor, te\u017eak 20 kg i izra\u0111en od poliranog nehr\u0111aju\u0107eg \u010delika,<\/p>\n","protected":false},"featured_media":5948759,"comment_status":"open","ping_status":"closed","template":"","meta":[],"product_brand":[3281],"product_cat":[1866],"product_tag":[],"class_list":{"0":"post-745480","1":"product","2":"type-product","3":"status-publish","4":"has-post-thumbnail","6":"product_brand-quick-hr","7":"product_cat-sidra-delta","9":"first","10":"instock","11":"shipping-taxable","12":"purchasable","13":"product-type-simple"},"_links":{"self":[{"href":"https:\/\/stoic-curie.212-227-153-4.plesk.page\/hr\/wp-json\/wp\/v2\/product\/745480","targetHints":{"allow":["GET"]}}],"collection":[{"href":"https:\/\/stoic-curie.212-227-153-4.plesk.page\/hr\/wp-json\/wp\/v2\/product"}],"about":[{"href":"https:\/\/stoic-curie.212-227-153-4.plesk.page\/hr\/wp-json\/wp\/v2\/types\/product"}],"replies":[{"embeddable":true,"href":"https:\/\/stoic-curie.212-227-153-4.plesk.page\/hr\/wp-json\/wp\/v2\/comments?post=745480"}],"version-history":[{"count":0,"href":"https:\/\/stoic-curie.212-227-153-4.plesk.page\/hr\/wp-json\/wp\/v2\/product\/745480\/revisions"}],"wp:featuredmedia":[{"embeddable":true,"href":"https:\/\/stoic-curie.212-227-153-4.plesk.page\/hr\/wp-json\/wp\/v2\/media\/5948759"}],"wp:attachment":[{"href":"https:\/\/stoic-curie.212-227-153-4.plesk.page\/hr\/wp-json\/wp\/v2\/media?parent=745480"}],"wp:term":[{"taxonomy":"product_brand","embeddable":true,"href":"https:\/\/stoic-curie.212-227-153-4.plesk.page\/hr\/wp-json\/wp\/v2\/product_brand?post=745480"},{"taxonomy":"product_cat","embeddable":true,"href":"https:\/\/stoic-curie.212-227-153-4.plesk.page\/hr\/wp-json\/wp\/v2\/product_cat?post=745480"},{"taxonomy":"product_tag","embeddable":true,"href":"https:\/\/stoic-curie.212-227-153-4.plesk.page\/hr\/wp-json\/wp\/v2\/product_tag?post=745480"}],"curies":[{"name":"wp","href":"https:\/\/api.w.org\/{rel}","templated":true}]}}