{"id":745481,"date":"2025-03-03T20:19:37","date_gmt":"2025-03-03T19:19:37","guid":{"rendered":"https:\/\/stoic-curie.212-227-153-4.plesk.page\/producto\/sidro-quick-olympic-26kg-nehrdajuci-celik\/"},"modified":"2026-02-25T00:01:23","modified_gmt":"2026-02-25T00:01:23","slug":"sidro-quick-olympic-26kg-nehrdajuci-celik","status":"publish","type":"product","link":"https:\/\/stoic-curie.212-227-153-4.plesk.page\/hr\/product\/sidro-quick-olympic-26kg-nehrdajuci-celik\/","title":{"rendered":"Sidro Quick Olympic 26kg, nehr\u0111aju\u0107i \u010delik"},"content":{"rendered":"<p>Sidro Quick Olympic 26kg, nehr\u0111aju\u0107i \u010delik &#8211; <\/p>\n<p style=\"color: rgb(34, 34, 34); font-family: Arial, Helvetica, sans-serif; font-size: small;\">Predstavljamo brzi olimpijski sidro, te\u017eak 26 kg, izra\u0111en od polisiranog AISI 316 nehr\u0111aju\u0107eg \u010delika, s \u010deljustima u obliku pluga. Ovaj sidro je dizajnirano za visoke performanse, s impresivnim omjerom te\u017eine i mase koji pove\u0107ava njegovu u\u010dinkovitost. Njegove stabilizacijske peraje i optimalna raspodjela te\u017eine osiguravaju vrhunsku kapacitet penetracije pod idealnim kutom.<\/p>\n<p style=\"color: rgb(34, 34, 34); font-family: Arial, Helvetica, sans-serif; font-size: small;\">Kompaktna ba\u010dva je kompatibilna s ve\u0107inom dostupnih valjaka na tr\u017ei\u0161tu i uklju\u010duje rupicu za pri\u010dvr\u0161\u0107ivanje, uz oja\u010danu bazu koja pru\u017ea iznimnu otpornost na velike sile povla\u010denja. Oko je posebno dizajnirano da izdr\u017ei zna\u010dajne napetosti.<\/p>\n<p style=\"color: rgb(34, 34, 34); font-family: Arial, Helvetica, sans-serif; font-size: small; \"><strong>Specifikacije sidra:<\/strong><\/p>\n<ul style=\"color: rgb(34, 34, 34); font-family: Arial, Helvetica, sans-serif; font-size: small; \">\n<li><strong>Te\u017eina:<\/strong>\u00a026 kg (57 lb)<\/li>\n<li><strong>Preporu\u010dena veli\u010dina lanca:<\/strong>\u00a010 mm (3\/8&#8243;)<\/li>\n<li><strong>Pogodna duljina \u010damca:<\/strong>\u00a0Do 14 metara (45 ft)<\/li>\n<li><strong>Maksimalna te\u017eina \u010damca:<\/strong>\u00a014 tona (15,4 ameri\u010dkih tona)<\/li>\n<li><strong>Materijal:<\/strong>\u00a0Poliran AISI 316 nehr\u0111aju\u0107i \u010delik<\/li>\n<li><strong>Marka:<\/strong>\u00a0Quick<\/li>\n<li><strong>Primarni gra\u0111evinski materijal:<\/strong>\u00a0Nehr\u0111aju\u0107i \u010delik 316<\/li>\n<li><strong>Zemlja podrijetla:<\/strong>\u00a0Italija<\/li>\n<\/ul>\n<p style=\"color: rgb(34, 34, 34); font-family: Arial, Helvetica, sans-serif; font-size: small;\">Ovo sidro je idealno za plovila do 14 metara duljine, osiguravaju\u0107i pouzdanost i performanse za va\u0161e potrebe plovidbe.<\/p>\n","protected":false},"excerpt":{"rendered":"<p>Sidro Quick Olympic 26kg, nehr\u0111aju\u0107i \u010delik &#8211; Predstavljamo brzi olimpijski sidro, te\u017eak 26 kg, izra\u0111en od polisiranog AISI 316 nehr\u0111aju\u0107eg<\/p>\n","protected":false},"featured_media":5948759,"comment_status":"open","ping_status":"closed","template":"","meta":[],"product_brand":[3281],"product_cat":[1866],"product_tag":[],"class_list":{"0":"post-745481","1":"product","2":"type-product","3":"status-publish","4":"has-post-thumbnail","6":"product_brand-quick-hr","7":"product_cat-sidra-delta","9":"first","10":"instock","11":"shipping-taxable","12":"purchasable","13":"product-type-simple"},"_links":{"self":[{"href":"https:\/\/stoic-curie.212-227-153-4.plesk.page\/hr\/wp-json\/wp\/v2\/product\/745481","targetHints":{"allow":["GET"]}}],"collection":[{"href":"https:\/\/stoic-curie.212-227-153-4.plesk.page\/hr\/wp-json\/wp\/v2\/product"}],"about":[{"href":"https:\/\/stoic-curie.212-227-153-4.plesk.page\/hr\/wp-json\/wp\/v2\/types\/product"}],"replies":[{"embeddable":true,"href":"https:\/\/stoic-curie.212-227-153-4.plesk.page\/hr\/wp-json\/wp\/v2\/comments?post=745481"}],"version-history":[{"count":0,"href":"https:\/\/stoic-curie.212-227-153-4.plesk.page\/hr\/wp-json\/wp\/v2\/product\/745481\/revisions"}],"wp:featuredmedia":[{"embeddable":true,"href":"https:\/\/stoic-curie.212-227-153-4.plesk.page\/hr\/wp-json\/wp\/v2\/media\/5948759"}],"wp:attachment":[{"href":"https:\/\/stoic-curie.212-227-153-4.plesk.page\/hr\/wp-json\/wp\/v2\/media?parent=745481"}],"wp:term":[{"taxonomy":"product_brand","embeddable":true,"href":"https:\/\/stoic-curie.212-227-153-4.plesk.page\/hr\/wp-json\/wp\/v2\/product_brand?post=745481"},{"taxonomy":"product_cat","embeddable":true,"href":"https:\/\/stoic-curie.212-227-153-4.plesk.page\/hr\/wp-json\/wp\/v2\/product_cat?post=745481"},{"taxonomy":"product_tag","embeddable":true,"href":"https:\/\/stoic-curie.212-227-153-4.plesk.page\/hr\/wp-json\/wp\/v2\/product_tag?post=745481"}],"curies":[{"name":"wp","href":"https:\/\/api.w.org\/{rel}","templated":true}]}}