{"id":745482,"date":"2025-03-03T20:19:37","date_gmt":"2025-03-03T19:19:37","guid":{"rendered":"https:\/\/stoic-curie.212-227-153-4.plesk.page\/producto\/sidro-quick-olympic-34kg-nehrdajuci-celik\/"},"modified":"2026-02-25T00:01:23","modified_gmt":"2026-02-25T00:01:23","slug":"sidro-quick-olympic-34kg-nehrdajuci-celik","status":"publish","type":"product","link":"https:\/\/stoic-curie.212-227-153-4.plesk.page\/hr\/product\/sidro-quick-olympic-34kg-nehrdajuci-celik\/","title":{"rendered":"Sidro Quick Olympic 34kg, nehr\u0111aju\u0107i \u010delik"},"content":{"rendered":"<p>Sidro Quick Olympic 34kg, nehr\u0111aju\u0107i \u010delik &#8211; <\/p>\n<p>Ankera od visokokvalitetnog nehr\u0111aju\u0107eg \u010delika s visokim omjerom te\u017eine i mase. Visoka prodiru\u0107a sposobnost s optimalnim kutom zajam\u010denim zahvaljuju\u0107i stabiliziraju\u0107im krilcima i savr\u0161enoj raspodjeli te\u017eine. Kompaktno ku\u0107i\u0161te prilagodljivo ve\u0107ini valjaka na tr\u017ei\u0161tu, s rupom za pri\u010dvr\u0161\u0107enje ru\u010dke i oja\u010danom podlogom za visoku otpornost na iznimnu vu\u010dnu silu. Oko dizajnirano da izdr\u017ei visoke vu\u010dne napore.<\/p>\n<p style=\"color: rgb(34, 34, 34); font-family: Arial, Helvetica, sans-serif; font-size: small;\">Predstavljamo Quick Olympic Anker koji te\u017ei 34 kg (75 lb), izra\u0111en od poliranog AISI 316 nehr\u0111aju\u0107eg \u010delika s armom u obliku pluga.<\/p>\n<p style=\"color: rgb(34, 34, 34); font-family: Arial, Helvetica, sans-serif; font-size: small;\"><strong>Specifikacije ankera:<\/strong><\/p>\n<ul style=\"color: rgb(34, 34, 34); font-family: Arial, Helvetica, sans-serif; font-size: small;\">\n<li><strong>Te\u017eina:<\/strong>\u00a034 kg (75 lb)<\/li>\n<li><strong>Preporu\u010dena veli\u010dina lanca:<\/strong>\u00a010 mm (3\/8&#8243;)<\/li>\n<li><strong>Prikladna duljina \u010damca:<\/strong>\u00a0Do 15 metara (49 ft)<\/li>\n<li><strong>Maksimalna te\u017eina \u010damca:<\/strong>\u00a021 tona (23,1 ameri\u010dkih tona)<\/li>\n<li><strong>Materijal:<\/strong>\u00a0AISI 316 nehr\u0111aju\u0107i \u010delik s poliranom zavr\u0161nom obradom<\/li>\n<\/ul>\n<p style=\"color: rgb(34, 34, 34); font-family: Arial, Helvetica, sans-serif; font-size: small;\"><strong>Dodatni detalji:<\/strong><\/p>\n<ul style=\"color: rgb(34, 34, 34); font-family: Arial, Helvetica, sans-serif; font-size: small;\">\n<li><strong>Marca:<\/strong>\u00a0Quick<\/li>\n<li><strong>Primarna konstrukcija:<\/strong>\u00a0Nehr\u0111aju\u0107i \u010delik 316<\/li>\n<li><strong>Dr\u017eava podrijetla:<\/strong>\u00a0Italija<\/li>\n<li><strong>Preporu\u010dena veli\u010dina \u010damca:<\/strong>\u00a0Do 15 metara u du\u017einu<\/li>\n<\/ul>\n<p style=\"color: rgb(34, 34, 34); font-family: Arial, Helvetica, sans-serif; font-size: small;\">Ovaj anker je dizajniran da pru\u017ei pouzdanu izvedbu za plovila do 15 metara, osiguravaju\u0107i stabilnost i sigurnost dok je usidren.<\/p>\n","protected":false},"excerpt":{"rendered":"<p>Sidro Quick Olympic 34kg, nehr\u0111aju\u0107i \u010delik &#8211; Ankera od visokokvalitetnog nehr\u0111aju\u0107eg \u010delika s visokim omjerom te\u017eine i mase. Visoka prodiru\u0107a<\/p>\n","protected":false},"featured_media":5948759,"comment_status":"open","ping_status":"closed","template":"","meta":[],"product_brand":[3281],"product_cat":[1866],"product_tag":[],"class_list":{"0":"post-745482","1":"product","2":"type-product","3":"status-publish","4":"has-post-thumbnail","6":"product_brand-quick-hr","7":"product_cat-sidra-delta","9":"first","10":"instock","11":"shipping-taxable","12":"purchasable","13":"product-type-simple"},"_links":{"self":[{"href":"https:\/\/stoic-curie.212-227-153-4.plesk.page\/hr\/wp-json\/wp\/v2\/product\/745482","targetHints":{"allow":["GET"]}}],"collection":[{"href":"https:\/\/stoic-curie.212-227-153-4.plesk.page\/hr\/wp-json\/wp\/v2\/product"}],"about":[{"href":"https:\/\/stoic-curie.212-227-153-4.plesk.page\/hr\/wp-json\/wp\/v2\/types\/product"}],"replies":[{"embeddable":true,"href":"https:\/\/stoic-curie.212-227-153-4.plesk.page\/hr\/wp-json\/wp\/v2\/comments?post=745482"}],"version-history":[{"count":0,"href":"https:\/\/stoic-curie.212-227-153-4.plesk.page\/hr\/wp-json\/wp\/v2\/product\/745482\/revisions"}],"wp:featuredmedia":[{"embeddable":true,"href":"https:\/\/stoic-curie.212-227-153-4.plesk.page\/hr\/wp-json\/wp\/v2\/media\/5948759"}],"wp:attachment":[{"href":"https:\/\/stoic-curie.212-227-153-4.plesk.page\/hr\/wp-json\/wp\/v2\/media?parent=745482"}],"wp:term":[{"taxonomy":"product_brand","embeddable":true,"href":"https:\/\/stoic-curie.212-227-153-4.plesk.page\/hr\/wp-json\/wp\/v2\/product_brand?post=745482"},{"taxonomy":"product_cat","embeddable":true,"href":"https:\/\/stoic-curie.212-227-153-4.plesk.page\/hr\/wp-json\/wp\/v2\/product_cat?post=745482"},{"taxonomy":"product_tag","embeddable":true,"href":"https:\/\/stoic-curie.212-227-153-4.plesk.page\/hr\/wp-json\/wp\/v2\/product_tag?post=745482"}],"curies":[{"name":"wp","href":"https:\/\/api.w.org\/{rel}","templated":true}]}}