{"id":745483,"date":"2025-03-03T20:19:37","date_gmt":"2025-03-03T19:19:37","guid":{"rendered":"https:\/\/stoic-curie.212-227-153-4.plesk.page\/producto\/sidro-quick-olympic-45kg-nehrdajuci-celik\/"},"modified":"2026-02-25T00:01:23","modified_gmt":"2026-02-25T00:01:23","slug":"sidro-quick-olympic-45kg-nehrdajuci-celik","status":"publish","type":"product","link":"https:\/\/stoic-curie.212-227-153-4.plesk.page\/hr\/product\/sidro-quick-olympic-45kg-nehrdajuci-celik\/","title":{"rendered":"Sidro Quick Olympic 45kg, nehr\u0111aju\u0107i \u010delik"},"content":{"rendered":"<p>Sidro Quick Olympic 45kg, nehr\u0111aju\u0107i \u010delik &#8211; <\/p>\n<p>Sidro od visokokvalitetnog nehr\u0111aju\u0107eg \u010delika s visokim omjerom te\u017eine\/mase. Visoka penetracijska sposobnost uz zajam\u010deni optimalni kut zahvaljuju\u0107i stabilizatorima i savr\u0161enoj distribuciji te\u017eine. Kompaktna cijev koja se prilago\u0111ava ve\u0107ini valjaka na tr\u017ei\u0161tu s otvorom za pri\u010dvr\u0161\u0107ivanje i oja\u010danom bazom za visoku otpornost na izvanredne vu\u010dne sile. Oko dizajnirano za izdr\u017eavanje visokih naprezanja.<\/p>\n<p style=\"color: rgb(34, 34, 34); font-family: Arial, Helvetica, sans-serif; font-size: small;\">Predstavljamo Quick Olympic Anchor, koji te\u017ei 45 kg (99 lb), izra\u0111en od poliranog AISI 316 nehr\u0111aju\u0107eg \u010delika i s plough-arm dizajnom za optimalne performanse.<\/p>\n<p style=\"color: rgb(34, 34, 34); font-family: Arial, Helvetica, sans-serif; font-size: small;\"><strong>Specifikacije sidra:<\/strong><\/p>\n<ul style=\"color: rgb(34, 34, 34); font-family: Arial, Helvetica, sans-serif; font-size: small;\">\n<li><strong>Te\u017eina:<\/strong>\u00a045kg (99 lb)<\/li>\n<li><strong>Preporu\u010dena veli\u010dina lanca:<\/strong>\u00a012mm (15\/32&#8243; )<\/li>\n<li><strong>Pogodno za duljinu \u010damca:<\/strong>\u00a0Do 18 metara (59 ft)<\/li>\n<li><strong>Maksimalna te\u017eina \u010damca:<\/strong>\u00a030 tona (33 US tona)<\/li>\n<li><strong>Materijal:<\/strong>\u00a0AISI 316 nehr\u0111aju\u0107i \u010delik s poliranim zavr\u0161etkom<\/li>\n<\/ul>\n<p style=\"color: rgb(34, 34, 34); font-family: Arial, Helvetica, sans-serif; font-size: small;\">Ovo sidro je dizajnirano da pru\u017ei pouzdanu snagu dr\u017eanja, zbog \u010dega je odli\u010dan izbor za vlasnike \u010damaca koji tra\u017ee kvalitetu i trajnost u svojoj opremi.<\/p>\n","protected":false},"excerpt":{"rendered":"<p>Sidro Quick Olympic 45kg, nehr\u0111aju\u0107i \u010delik &#8211; Sidro od visokokvalitetnog nehr\u0111aju\u0107eg \u010delika s visokim omjerom te\u017eine\/mase. Visoka penetracijska sposobnost uz<\/p>\n","protected":false},"featured_media":5948759,"comment_status":"open","ping_status":"closed","template":"","meta":[],"product_brand":[3281],"product_cat":[1866],"product_tag":[],"class_list":{"0":"post-745483","1":"product","2":"type-product","3":"status-publish","4":"has-post-thumbnail","6":"product_brand-quick-hr","7":"product_cat-sidra-delta","9":"first","10":"instock","11":"shipping-taxable","12":"purchasable","13":"product-type-simple"},"_links":{"self":[{"href":"https:\/\/stoic-curie.212-227-153-4.plesk.page\/hr\/wp-json\/wp\/v2\/product\/745483","targetHints":{"allow":["GET"]}}],"collection":[{"href":"https:\/\/stoic-curie.212-227-153-4.plesk.page\/hr\/wp-json\/wp\/v2\/product"}],"about":[{"href":"https:\/\/stoic-curie.212-227-153-4.plesk.page\/hr\/wp-json\/wp\/v2\/types\/product"}],"replies":[{"embeddable":true,"href":"https:\/\/stoic-curie.212-227-153-4.plesk.page\/hr\/wp-json\/wp\/v2\/comments?post=745483"}],"version-history":[{"count":0,"href":"https:\/\/stoic-curie.212-227-153-4.plesk.page\/hr\/wp-json\/wp\/v2\/product\/745483\/revisions"}],"wp:featuredmedia":[{"embeddable":true,"href":"https:\/\/stoic-curie.212-227-153-4.plesk.page\/hr\/wp-json\/wp\/v2\/media\/5948759"}],"wp:attachment":[{"href":"https:\/\/stoic-curie.212-227-153-4.plesk.page\/hr\/wp-json\/wp\/v2\/media?parent=745483"}],"wp:term":[{"taxonomy":"product_brand","embeddable":true,"href":"https:\/\/stoic-curie.212-227-153-4.plesk.page\/hr\/wp-json\/wp\/v2\/product_brand?post=745483"},{"taxonomy":"product_cat","embeddable":true,"href":"https:\/\/stoic-curie.212-227-153-4.plesk.page\/hr\/wp-json\/wp\/v2\/product_cat?post=745483"},{"taxonomy":"product_tag","embeddable":true,"href":"https:\/\/stoic-curie.212-227-153-4.plesk.page\/hr\/wp-json\/wp\/v2\/product_tag?post=745483"}],"curies":[{"name":"wp","href":"https:\/\/api.w.org\/{rel}","templated":true}]}}