{"id":745484,"date":"2025-03-03T20:19:38","date_gmt":"2025-03-03T19:19:38","guid":{"rendered":"https:\/\/stoic-curie.212-227-153-4.plesk.page\/producto\/sidro-quick-olympic-60kg-nehrdajuci-celik\/"},"modified":"2026-02-25T00:01:23","modified_gmt":"2026-02-25T00:01:23","slug":"sidro-quick-olympic-60kg-nehrdajuci-celik","status":"publish","type":"product","link":"https:\/\/stoic-curie.212-227-153-4.plesk.page\/hr\/product\/sidro-quick-olympic-60kg-nehrdajuci-celik\/","title":{"rendered":"Sidro Quick Olympic 60kg, nehr\u0111aju\u0107i \u010delik"},"content":{"rendered":"<p>Sidro Quick Olympic 60kg, nehr\u0111aju\u0107i \u010delik &#8211; <\/p>\n<p>Ankera od visokou\u010dinkovitog nehr\u0111aju\u0107eg \u010delika s visokim omjerom te\u017eine\/mase. Visoka penetracijska sposobnost s optimalnim kutom jam\u010di stabilizacijske peraje i savr\u0161ena distribucija te\u017eine. Kompaktna cijev prilagodljiva ve\u0107ini valjaka na tr\u017ei\u0161tu, s rupom za pri\u010dvr\u0161\u0107ivanje ru\u010dke i oja\u010danom bazom za veliku otpornost na iznimna vu\u010dna optere\u0107enja. Oko dizajnirano za izdr\u017eavanje velikih napetosti.<\/p>\n<p><span style=\"color: rgb(34, 34, 34); font-family: Arial, Helvetica, sans-serif; font-size: small;\">Tijekom posljednja dva desetlje\u0107a, tempo inovacija u dizajnu sidra zna\u010dajno se usporio. Quick Nautical Equipment, marka pod okriljem Quick Grupe, preuzela je inicijativu za revitalizaciju ovog sektora s novom linijom Olympic Anchor. Ova kolekcija sadr\u017ei modele u rasponu od 7 do 60 kg (15 do 132 lb), dizajnirane za \u010damce du\u017eine izme\u0111u 6 i 20 metara (20 do 65 ft). Svaki anker rezultat je opse\u017enog procesa dizajniranja i in\u017eenjeringa, koriste\u0107i naprednu tehnologiju i visokokvalitetne materijale za osiguranje sigurnosti i pouzdanosti, \u010dak i u izazovnim uvjetima.<\/span><\/p>\n<p style=\"color: rgb(34, 34, 34); font-family: Arial, Helvetica, sans-serif; font-size: small;\">Olympic Anchors predstavljaju zna\u010dajan napredak u odnosu na tradicionalne dizajne pluga i CQR-a. Lako su za kori\u0161tenje i koriste koristi od pa\u017eljivo in\u017eenjerskog rada i razvoja. Kona\u010dni rezultat je premium anker koji ima presti\u017enu SHHP (super visoka snaga dr\u017eanja) ocjenu od RINA, kao i kompaktan stablo koji se uklapa u gotovo sve valjke pramca.<\/p>\n<p style=\"color: rgb(34, 34, 34); font-family: Arial, Helvetica, sans-serif; font-size: small;\">Na primjer, Quick Olympic Anchor te\u017eine 60 kg izra\u0111en je od poliranog nehr\u0111aju\u0107eg \u010delika i ima plu\u017easti oblik.<\/p>\n<p style=\"color: rgb(34, 34, 34); font-family: Arial, Helvetica, sans-serif; font-size: small;\"><strong>Specifikacije sidra:<\/strong><\/p>\n<ul style=\"color: rgb(34, 34, 34); font-family: Arial, Helvetica, sans-serif; font-size: small;\">\n<li><strong>Te\u017eina:<\/strong>\u00a060 kg (132 lb)<\/li>\n<li><strong>Preporu\u010dena veli\u010dina lanca:<\/strong>\u00a013 mm (33\/64&#8243;)<\/li>\n<li><strong>Du\u017eina broda:<\/strong>\u00a020 metara (65 ft)<\/li>\n<li><strong>Te\u017eina broda:<\/strong>\u00a043 tone (47,4 ameri\u010dkih tona)<\/li>\n<li><strong>Materijal:<\/strong>\u00a0AISI 316 nehr\u0111aju\u0107i \u010delik s poliranim zavr\u0161etkom<\/li>\n<\/ul>\n","protected":false},"excerpt":{"rendered":"<p>Sidro Quick Olympic 60kg, nehr\u0111aju\u0107i \u010delik &#8211; Ankera od visokou\u010dinkovitog nehr\u0111aju\u0107eg \u010delika s visokim omjerom te\u017eine\/mase. Visoka penetracijska sposobnost s<\/p>\n","protected":false},"featured_media":5948759,"comment_status":"open","ping_status":"closed","template":"","meta":[],"product_brand":[3281],"product_cat":[1866],"product_tag":[],"class_list":{"0":"post-745484","1":"product","2":"type-product","3":"status-publish","4":"has-post-thumbnail","6":"product_brand-quick-hr","7":"product_cat-sidra-delta","9":"first","10":"outofstock","11":"shipping-taxable","12":"purchasable","13":"product-type-simple"},"_links":{"self":[{"href":"https:\/\/stoic-curie.212-227-153-4.plesk.page\/hr\/wp-json\/wp\/v2\/product\/745484","targetHints":{"allow":["GET"]}}],"collection":[{"href":"https:\/\/stoic-curie.212-227-153-4.plesk.page\/hr\/wp-json\/wp\/v2\/product"}],"about":[{"href":"https:\/\/stoic-curie.212-227-153-4.plesk.page\/hr\/wp-json\/wp\/v2\/types\/product"}],"replies":[{"embeddable":true,"href":"https:\/\/stoic-curie.212-227-153-4.plesk.page\/hr\/wp-json\/wp\/v2\/comments?post=745484"}],"version-history":[{"count":0,"href":"https:\/\/stoic-curie.212-227-153-4.plesk.page\/hr\/wp-json\/wp\/v2\/product\/745484\/revisions"}],"wp:featuredmedia":[{"embeddable":true,"href":"https:\/\/stoic-curie.212-227-153-4.plesk.page\/hr\/wp-json\/wp\/v2\/media\/5948759"}],"wp:attachment":[{"href":"https:\/\/stoic-curie.212-227-153-4.plesk.page\/hr\/wp-json\/wp\/v2\/media?parent=745484"}],"wp:term":[{"taxonomy":"product_brand","embeddable":true,"href":"https:\/\/stoic-curie.212-227-153-4.plesk.page\/hr\/wp-json\/wp\/v2\/product_brand?post=745484"},{"taxonomy":"product_cat","embeddable":true,"href":"https:\/\/stoic-curie.212-227-153-4.plesk.page\/hr\/wp-json\/wp\/v2\/product_cat?post=745484"},{"taxonomy":"product_tag","embeddable":true,"href":"https:\/\/stoic-curie.212-227-153-4.plesk.page\/hr\/wp-json\/wp\/v2\/product_tag?post=745484"}],"curies":[{"name":"wp","href":"https:\/\/api.w.org\/{rel}","templated":true}]}}