{"id":745487,"date":"2025-03-03T20:19:39","date_gmt":"2025-03-03T19:19:39","guid":{"rendered":"https:\/\/stoic-curie.212-227-153-4.plesk.page\/producto\/liros-komplet-za-sidrenje-12mm-x-40mt-6-5kg\/"},"modified":"2026-02-25T00:01:25","modified_gmt":"2026-02-25T00:01:25","slug":"liros-komplet-za-sidrenje-12mm-x-40mt-6-5kg","status":"publish","type":"product","link":"https:\/\/stoic-curie.212-227-153-4.plesk.page\/hr\/product\/liros-komplet-za-sidrenje-12mm-x-40mt-6-5kg\/","title":{"rendered":"Liros komplet za sidrenje 12mm x 40mt 6.5kg"},"content":{"rendered":"<p>Liros komplet za sidrenje 12mm x 40mt 6.5kg &#8211; <\/p>\n<p>Visokokvalitetna sidrena u\u017ead Liros Handy-Anchor. Sa integriranim olovnim utegom u posljednjih deset metara, okom, nehr\u0111aju\u0107i \u010deli\u010dni kapak i spajanje. \u2022 Izra\u0111eno od 100% 20-ply pletenog poliestera \u2022 Otporno na habanje i UV zrake \u2022 Poliesterska i olovna jezgra \u2022 Mo\u017ee se koristiti bez lanca \u2022 isporu\u010deno s Liros torbom<\/p>\n","protected":false},"excerpt":{"rendered":"<p>Liros komplet za sidrenje 12mm x 40mt 6.5kg &#8211; Visokokvalitetna sidrena u\u017ead Liros Handy-Anchor. Sa integriranim olovnim utegom u posljednjih<\/p>\n","protected":false},"featured_media":5948765,"comment_status":"open","ping_status":"closed","template":"","meta":[],"product_brand":[3066],"product_cat":[1623,1862],"product_tag":[],"class_list":{"0":"post-745487","1":"product","2":"type-product","3":"status-publish","4":"has-post-thumbnail","6":"product_brand-liros-hr","7":"product_cat-prethodno-spojena-uzad","8":"product_cat-sidreno-uze","10":"first","11":"instock","12":"shipping-taxable","13":"purchasable","14":"product-type-simple"},"_links":{"self":[{"href":"https:\/\/stoic-curie.212-227-153-4.plesk.page\/hr\/wp-json\/wp\/v2\/product\/745487","targetHints":{"allow":["GET"]}}],"collection":[{"href":"https:\/\/stoic-curie.212-227-153-4.plesk.page\/hr\/wp-json\/wp\/v2\/product"}],"about":[{"href":"https:\/\/stoic-curie.212-227-153-4.plesk.page\/hr\/wp-json\/wp\/v2\/types\/product"}],"replies":[{"embeddable":true,"href":"https:\/\/stoic-curie.212-227-153-4.plesk.page\/hr\/wp-json\/wp\/v2\/comments?post=745487"}],"version-history":[{"count":0,"href":"https:\/\/stoic-curie.212-227-153-4.plesk.page\/hr\/wp-json\/wp\/v2\/product\/745487\/revisions"}],"wp:featuredmedia":[{"embeddable":true,"href":"https:\/\/stoic-curie.212-227-153-4.plesk.page\/hr\/wp-json\/wp\/v2\/media\/5948765"}],"wp:attachment":[{"href":"https:\/\/stoic-curie.212-227-153-4.plesk.page\/hr\/wp-json\/wp\/v2\/media?parent=745487"}],"wp:term":[{"taxonomy":"product_brand","embeddable":true,"href":"https:\/\/stoic-curie.212-227-153-4.plesk.page\/hr\/wp-json\/wp\/v2\/product_brand?post=745487"},{"taxonomy":"product_cat","embeddable":true,"href":"https:\/\/stoic-curie.212-227-153-4.plesk.page\/hr\/wp-json\/wp\/v2\/product_cat?post=745487"},{"taxonomy":"product_tag","embeddable":true,"href":"https:\/\/stoic-curie.212-227-153-4.plesk.page\/hr\/wp-json\/wp\/v2\/product_tag?post=745487"}],"curies":[{"name":"wp","href":"https:\/\/api.w.org\/{rel}","templated":true}]}}