{"id":745490,"date":"2025-03-03T20:19:39","date_gmt":"2025-03-03T19:19:39","guid":{"rendered":"https:\/\/stoic-curie.212-227-153-4.plesk.page\/producto\/hladnjak-dometic-nrx-60\/"},"modified":"2026-02-25T00:01:25","modified_gmt":"2026-02-25T00:01:25","slug":"hladnjak-dometic-nrx-60","status":"publish","type":"product","link":"https:\/\/stoic-curie.212-227-153-4.plesk.page\/hr\/product\/hladnjak-dometic-nrx-60\/","title":{"rendered":"Hladnjak Dometic NRX 60C"},"content":{"rendered":"<p>Hladnjak Dometic NRX 60C &#8211; <\/p>\n<p>Dometic NRX hladnjaci (12\/24V) imaju vanjsku hla\u0111enu jedinicu promjenjive brzine koja tro\u0161i 25% manje energije. Jedinica uklju\u010duje uklonjivi ledeni odjeljak. Panel za dodir omogu\u0107uje vam da odaberete samo hla\u0111enje, samo smrzavanje ili obje funkcije istovremeno. Opremljen je LED svjetlom, ru\u010dkom punom \u0161irinom i tamno sivim prednjim panelom. Tako\u0111er mo\u017eete kupiti standardni ili ugradbeni okvir za instalaciju kao dodatak.<\/p>\n<p>Predstavljamo Dometic NRX 60C, hladnjak s kompresorom kapaciteta 55 litara i stilskim tamno sivim prednjim dijelom. Ovaj hladnjak kombinira svje\u017e dizajn s vrhunskom energetskom u\u010dinkovitosti, pru\u017eaju\u0107i dovoljno hladnog prostora za pohranu. Njegova elegantna vrata bez okvira, koja integrira tamno sivi prednji panel i prakti\u010dnu ru\u010dku punom \u0161irinom, otvara se kako bi otkrila svestran interijer. Uklonjivi ledeni odjeljak od 6,1 litara omogu\u0107uje vam maksimiziranje kapaciteta hladnjaka za hla\u0111enje ili pohranu smrznute hrane na nekoliko dana.<\/p>\n<p>Klju\u010dne zna\u010dajke:<\/p>\n<ul>\n<li>Premium Dometic kompresor<\/li>\n<li>Korisni\u010dki prijateljski kontrolni panel<\/li>\n<li>Uklonjivi ledeni odjeljak<\/li>\n<li>Dva odjeljka za vo\u0107e za organizirano skladi\u0161tenje<\/li>\n<li>Laka dostupnost iz bilo kojeg kuta<\/li>\n<li>Dobro opremljen interijer<\/li>\n<\/ul>\n<p>Ovaj hladnjak nudi rje\u0161enje za hla\u0111enje 3-u-1: mo\u017ee funkcionirati kao hladnjak, zamrziva\u010d ili oboje istodobno. Ima energetski u\u010dinkovit vrhunski kompresor s tri na\u010dina rada: Eco, Boost i Silent. Vrata bez okvira s tamno sivim prednjim panelom i punom ru\u010dkom pobolj\u0161avaju njegov moderni izgled. Oblikovana stra\u017enja strana omogu\u0107uje optimalno kori\u0161tenje prostora na plovilu, a obrtnik vrata mo\u017ee se prilagoditi za otvaranje s lijeve ili desne strane prema potrebi. Dodatno, dvojne funkcionalne brave mogu se koristiti kao ventilacijske otvore za va\u0161 hladnjak.<\/p>\n<p>Pojedinosti o proizvodu:<\/p>\n<ul>\n<li>SKU broj: 9620001486<\/li>\n<li>Model: NRX0060C<\/li>\n<li>Oznaka modela: NRX0060<\/li>\n<li>Obuhvat isporuke: 1 hladnjak, 1 odvodni koljeno, 1 SOM priru\u010dnik, 1 INM priru\u010dnik<\/li>\n<li>Opis proizvoda: Hladnjak s kompresorom, 55 litara, tamno sivi prednji dio<\/li>\n<li>Tehnologija hla\u0111enja: Kompresor<\/li>\n<li>Dimenzije (Dubina): 537 mm<\/li>\n<li>Dimenzije (Visina): 525 mm<\/li>\n<li>Dimenzije (\u0160irina): 448 mm<\/li>\n<li>Neto te\u017eina: 17 kg<\/li>\n<li>Ukupni volumen (IEC 62552-3): 55 litara<\/li>\n<li>Ukupni volumen smrznutog (EN62552): 6,1 litara<\/li>\n<\/ul>\n<p>Ovaj Dometic NRX hladnjak je dizajniran za ispunjavanje va\u0161ih potreba za hla\u0111enjem dok osigurava energetsku u\u010dinkovitost i udobnost.<\/p>\n","protected":false},"excerpt":{"rendered":"<p>Hladnjak Dometic NRX 60C &#8211; Dometic NRX hladnjaci (12\/24V) imaju vanjsku hla\u0111enu jedinicu promjenjive brzine koja tro\u0161i 25% manje energije.<\/p>\n","protected":false},"featured_media":5948768,"comment_status":"open","ping_status":"closed","template":"","meta":[],"product_brand":[2896],"product_cat":[1751],"product_tag":[],"class_list":{"0":"post-745490","1":"product","2":"type-product","3":"status-publish","4":"has-post-thumbnail","6":"product_brand-dometic-hr","7":"product_cat-hladnjaci-i-zamrzivaci","9":"first","10":"instock","11":"shipping-taxable","12":"purchasable","13":"product-type-simple"},"_links":{"self":[{"href":"https:\/\/stoic-curie.212-227-153-4.plesk.page\/hr\/wp-json\/wp\/v2\/product\/745490","targetHints":{"allow":["GET"]}}],"collection":[{"href":"https:\/\/stoic-curie.212-227-153-4.plesk.page\/hr\/wp-json\/wp\/v2\/product"}],"about":[{"href":"https:\/\/stoic-curie.212-227-153-4.plesk.page\/hr\/wp-json\/wp\/v2\/types\/product"}],"replies":[{"embeddable":true,"href":"https:\/\/stoic-curie.212-227-153-4.plesk.page\/hr\/wp-json\/wp\/v2\/comments?post=745490"}],"version-history":[{"count":0,"href":"https:\/\/stoic-curie.212-227-153-4.plesk.page\/hr\/wp-json\/wp\/v2\/product\/745490\/revisions"}],"wp:featuredmedia":[{"embeddable":true,"href":"https:\/\/stoic-curie.212-227-153-4.plesk.page\/hr\/wp-json\/wp\/v2\/media\/5948768"}],"wp:attachment":[{"href":"https:\/\/stoic-curie.212-227-153-4.plesk.page\/hr\/wp-json\/wp\/v2\/media?parent=745490"}],"wp:term":[{"taxonomy":"product_brand","embeddable":true,"href":"https:\/\/stoic-curie.212-227-153-4.plesk.page\/hr\/wp-json\/wp\/v2\/product_brand?post=745490"},{"taxonomy":"product_cat","embeddable":true,"href":"https:\/\/stoic-curie.212-227-153-4.plesk.page\/hr\/wp-json\/wp\/v2\/product_cat?post=745490"},{"taxonomy":"product_tag","embeddable":true,"href":"https:\/\/stoic-curie.212-227-153-4.plesk.page\/hr\/wp-json\/wp\/v2\/product_tag?post=745490"}],"curies":[{"name":"wp","href":"https:\/\/api.w.org\/{rel}","templated":true}]}}