{"id":745492,"date":"2025-03-03T20:19:40","date_gmt":"2025-03-03T19:19:40","guid":{"rendered":"https:\/\/stoic-curie.212-227-153-4.plesk.page\/producto\/hladnjak-dometic-nrx-115\/"},"modified":"2026-02-25T00:01:25","modified_gmt":"2026-02-25T00:01:25","slug":"hladnjak-dometic-nrx-115","status":"publish","type":"product","link":"https:\/\/stoic-curie.212-227-153-4.plesk.page\/hr\/product\/hladnjak-dometic-nrx-115\/","title":{"rendered":"Hladnjak Dometic NRX 115C"},"content":{"rendered":"<p>Hladnjak Dometic NRX 115C &#8211; <\/p>\n<p style=\"color: rgb(34, 34, 34); font-family: Arial, Helvetica, sans-serif; font-size: small;\">Dometic NRX hladnjaci (12\/24V) dizajnirani su s vanjskim, neodvojivim rashladnim ure\u0111ajem promjenjive brzine koji u\u010dinkovito smanjuje potro\u0161nju energije za 25%. Ovaj model ima odvojivi odjeljak za zamrzavanje, a njegov korisni\u010dki su\u010delje na dodir omogu\u0107ava korisnicima da biraju izme\u0111u hla\u0111enja, zamrzavanja ili kori\u0161tenja obje funkcije u isto vrijeme. Osim toga, dolazi s LED svjetlom, ru\u010dkom punom \u0161irinom i tamno sivim prednjim panelom, uz mogu\u0107nost kupnje standardnog ili ugradnog okvira za instalaciju kao dodatka.<\/p>\n<p style=\"color: rgb(34, 34, 34); font-family: Arial, Helvetica, sans-serif; font-size: small;\">Ovaj hladnjak spaja suvremeni estetski dizajn s iznimnom energetske u\u010dinkovitosti, pru\u017eaju\u0107i \u0161irok prostor za hladnjenje od 113 litara. Stilizirana vrata bez okvira, koja uklju\u010duju tamno srebrni prednji panel i prakti\u010dnu ru\u010dku punom \u0161irinom, se otvaraju kako bi otkrila fleksibilni unutarnji prostor. Odjeljak za zamrzavanje od 8,2 litre jednostavno se mo\u017ee ukloniti, \u0161to omogu\u0107ava maksimiziranje kapaciteta hla\u0111enja ili konzervaciju s jednom zvijezdom, \u0161to je idealno za o\u010duvanje smrznutih namirnica tijekom nekoliko dana.<\/p>\n<p style=\"color: rgb(34, 34, 34); font-family: Arial, Helvetica, sans-serif; font-size: small;\">Zna\u010dajke:<\/p>\n<ul style=\"color: rgb(34, 34, 34); font-family: Arial, Helvetica, sans-serif; font-size: small;\">\n<li>Kvalitetan kompresor koji osigurava pouzdanu izvedbu<\/li>\n<li>Intuitivno kontrolno su\u010delje za lako kori\u0161tenje<\/li>\n<li>Dva ladica za povr\u0107e za u\u010dinkovito organiziranje<\/li>\n<li>Dostupno iz bilo kojeg kuta radi prakti\u010dnosti<\/li>\n<li>Odvojivi zamrziva\u010d za prilagodljive rje\u0161enja za pohranu<\/li>\n<li>Pa\u017eljivo dizajnirani unutarnji prostor koji zadovoljava raznolike potrebe za pohranom<\/li>\n<\/ul>\n<p style=\"color: rgb(34, 34, 34); font-family: Arial, Helvetica, sans-serif; font-size: small;\">Ovaj hladnjak slu\u017ei kao svestrano 3-u-1 rje\u0161enje za hla\u0111enje, sposobno funkcionirati kao hladnjak, zamrziva\u010d ili oboje istovremeno. Ima energetski u\u010dinkovit premium kompresor s tri radna na\u010dina: Ekonomi\u010dni, Boost i Tih.<\/p>\n<p style=\"color: rgb(34, 34, 34); font-family: Arial, Helvetica, sans-serif; font-size: small;\">Dodatne karakteristike uklju\u010duju:<\/p>\n<ul style=\"color: rgb(34, 34, 34); font-family: Arial, Helvetica, sans-serif; font-size: small;\">\n<li>Vrata bez okvira s tamno srebrnim prednjim panelom i punom \u0161irinom ru\u010dkom<\/li>\n<li>Strana s usporednom uzdu\u017enom skra\u0107ivanjem osmi\u0161ljena za optimalno kori\u0161tenje prostora na brodu<\/li>\n<li>Obrnuta \u0161arka za vrata koja se mo\u017ee prilagoditi za otvaranje s lijeve ili desne strane prema potrebi<\/li>\n<li>Dvostruka funkcionalna brava koja tako\u0111er djeluje kao ventilacija za pobolj\u0161anje protoka zraka unutar hladnjaka<\/li>\n<\/ul>\n<p><span style=\"color: rgb(34, 34, 34); font-family: Arial, Helvetica, sans-serif; font-size: small;\">Standardni ili ugradni okvir za instalaciju dostupan je kao dodatak za olak\u0161anje mogu\u0107nosti ugradnje.<\/span><\/p>\n","protected":false},"excerpt":{"rendered":"<p>Hladnjak Dometic NRX 115C &#8211; Dometic NRX hladnjaci (12\/24V) dizajnirani su s vanjskim, neodvojivim rashladnim ure\u0111ajem promjenjive brzine koji u\u010dinkovito<\/p>\n","protected":false},"featured_media":5948768,"comment_status":"open","ping_status":"closed","template":"","meta":[],"product_brand":[2896],"product_cat":[1751],"product_tag":[],"class_list":{"0":"post-745492","1":"product","2":"type-product","3":"status-publish","4":"has-post-thumbnail","6":"product_brand-dometic-hr","7":"product_cat-hladnjaci-i-zamrzivaci","9":"first","10":"instock","11":"shipping-taxable","12":"purchasable","13":"product-type-simple"},"_links":{"self":[{"href":"https:\/\/stoic-curie.212-227-153-4.plesk.page\/hr\/wp-json\/wp\/v2\/product\/745492","targetHints":{"allow":["GET"]}}],"collection":[{"href":"https:\/\/stoic-curie.212-227-153-4.plesk.page\/hr\/wp-json\/wp\/v2\/product"}],"about":[{"href":"https:\/\/stoic-curie.212-227-153-4.plesk.page\/hr\/wp-json\/wp\/v2\/types\/product"}],"replies":[{"embeddable":true,"href":"https:\/\/stoic-curie.212-227-153-4.plesk.page\/hr\/wp-json\/wp\/v2\/comments?post=745492"}],"version-history":[{"count":0,"href":"https:\/\/stoic-curie.212-227-153-4.plesk.page\/hr\/wp-json\/wp\/v2\/product\/745492\/revisions"}],"wp:featuredmedia":[{"embeddable":true,"href":"https:\/\/stoic-curie.212-227-153-4.plesk.page\/hr\/wp-json\/wp\/v2\/media\/5948768"}],"wp:attachment":[{"href":"https:\/\/stoic-curie.212-227-153-4.plesk.page\/hr\/wp-json\/wp\/v2\/media?parent=745492"}],"wp:term":[{"taxonomy":"product_brand","embeddable":true,"href":"https:\/\/stoic-curie.212-227-153-4.plesk.page\/hr\/wp-json\/wp\/v2\/product_brand?post=745492"},{"taxonomy":"product_cat","embeddable":true,"href":"https:\/\/stoic-curie.212-227-153-4.plesk.page\/hr\/wp-json\/wp\/v2\/product_cat?post=745492"},{"taxonomy":"product_tag","embeddable":true,"href":"https:\/\/stoic-curie.212-227-153-4.plesk.page\/hr\/wp-json\/wp\/v2\/product_tag?post=745492"}],"curies":[{"name":"wp","href":"https:\/\/api.w.org\/{rel}","templated":true}]}}