{"id":745493,"date":"2025-03-03T20:19:40","date_gmt":"2025-03-03T19:19:40","guid":{"rendered":"https:\/\/stoic-curie.212-227-153-4.plesk.page\/producto\/reflektor-oceanled-11-rc-wireless-12v\/"},"modified":"2026-02-25T00:01:25","modified_gmt":"2026-02-25T00:01:25","slug":"reflektor-oceanled-11-rc-wireless-12v","status":"publish","type":"product","link":"https:\/\/stoic-curie.212-227-153-4.plesk.page\/hr\/product\/reflektor-oceanled-11-rc-wireless-12v\/","title":{"rendered":"Reflektor Oceanled 11-rc Wireless 12v"},"content":{"rendered":"<p>Reflektor Oceanled 11-rc Wireless 12v &#8211; <\/p>\n<p>Be\u017ei\u010dni podesivi LED reflektor s ku\u0107i\u0161tem od vodonepropusnog polimera otporne na udarce i UV. U kompletu s prijenosnom daljinskom upravlja\u010dem i Plug and Play prijemnikom do 35 m. S dvostrukom svjetlosnom kombinacijom: fokusne i raspr\u0161ene svjetlosti. Dimenzije 230 x 185 x H210 mm, potro\u0161nja 25\/15W (12\/24V)<\/p>\n","protected":false},"excerpt":{"rendered":"<p>Reflektor Oceanled 11-rc Wireless 12v &#8211; Be\u017ei\u010dni podesivi LED reflektor s ku\u0107i\u0161tem od vodonepropusnog polimera otporne na udarce i UV.<\/p>\n","protected":false},"featured_media":5948779,"comment_status":"open","ping_status":"closed","template":"","meta":[],"product_brand":[3141],"product_cat":[1734],"product_tag":[],"class_list":{"0":"post-745493","1":"product","2":"type-product","3":"status-publish","4":"has-post-thumbnail","6":"product_brand-matromarine-hr","7":"product_cat-brodski-reflektori","9":"first","10":"instock","11":"shipping-taxable","12":"purchasable","13":"product-type-simple"},"_links":{"self":[{"href":"https:\/\/stoic-curie.212-227-153-4.plesk.page\/hr\/wp-json\/wp\/v2\/product\/745493","targetHints":{"allow":["GET"]}}],"collection":[{"href":"https:\/\/stoic-curie.212-227-153-4.plesk.page\/hr\/wp-json\/wp\/v2\/product"}],"about":[{"href":"https:\/\/stoic-curie.212-227-153-4.plesk.page\/hr\/wp-json\/wp\/v2\/types\/product"}],"replies":[{"embeddable":true,"href":"https:\/\/stoic-curie.212-227-153-4.plesk.page\/hr\/wp-json\/wp\/v2\/comments?post=745493"}],"version-history":[{"count":0,"href":"https:\/\/stoic-curie.212-227-153-4.plesk.page\/hr\/wp-json\/wp\/v2\/product\/745493\/revisions"}],"wp:featuredmedia":[{"embeddable":true,"href":"https:\/\/stoic-curie.212-227-153-4.plesk.page\/hr\/wp-json\/wp\/v2\/media\/5948779"}],"wp:attachment":[{"href":"https:\/\/stoic-curie.212-227-153-4.plesk.page\/hr\/wp-json\/wp\/v2\/media?parent=745493"}],"wp:term":[{"taxonomy":"product_brand","embeddable":true,"href":"https:\/\/stoic-curie.212-227-153-4.plesk.page\/hr\/wp-json\/wp\/v2\/product_brand?post=745493"},{"taxonomy":"product_cat","embeddable":true,"href":"https:\/\/stoic-curie.212-227-153-4.plesk.page\/hr\/wp-json\/wp\/v2\/product_cat?post=745493"},{"taxonomy":"product_tag","embeddable":true,"href":"https:\/\/stoic-curie.212-227-153-4.plesk.page\/hr\/wp-json\/wp\/v2\/product_tag?post=745493"}],"curies":[{"name":"wp","href":"https:\/\/api.w.org\/{rel}","templated":true}]}}