{"id":745495,"date":"2025-03-03T20:19:41","date_gmt":"2025-03-03T19:19:41","guid":{"rendered":"https:\/\/stoic-curie.212-227-153-4.plesk.page\/producto\/seatalk-konverter-raymarine\/"},"modified":"2026-02-25T00:01:25","modified_gmt":"2026-02-25T00:01:25","slug":"seatalk-konverter-raymarine","status":"publish","type":"product","link":"https:\/\/stoic-curie.212-227-153-4.plesk.page\/hr\/product\/seatalk-konverter-raymarine\/","title":{"rendered":"Seatalk konverter Raymarine"},"content":{"rendered":"<p>Seatalk konverter Raymarine &#8211; <\/p>\n<p>Raymarine Evolution EV-200 paket hidrauli\u010dka autopilot za motorne \u010damce. Uklju\u010duje ACU-200 ra\u010dunalni sustav za upravljanje, p70Rs upravlja\u010dku jedinicu i hidrauli\u010dnu pumpu tipa 1 koja podr\u017eava 80 &#8211; 230 cc. Sposoban prepoznati parametre okoline i brzo izra\u010dunati najbolja pode\u0161avanja za postizanje maksimalne izvedbe. Rezultat je precizno i pouzdano zadr\u017eavanje kursa, neovisno o brzini \u010damca ili uvjetima mora. Bez komplicirane procedure u\u010denja i kalibracije kompasa, ali opremljen automatskom kalibracijom i preciznim nadzorom u 9 osa pramca, naginjanja i ljuljanja. Opcijska S100 be\u017ei\u010dna daljinska kontrola opremljena je prijemnikom osnovne stanice i mora se povezati s autopilotom putem Seatalk1>NG pretvara\u010da.<\/p>\n","protected":false},"excerpt":{"rendered":"<p>Seatalk konverter Raymarine &#8211; Raymarine Evolution EV-200 paket hidrauli\u010dka autopilot za motorne \u010damce. Uklju\u010duje ACU-200 ra\u010dunalni sustav za upravljanje, p70Rs<\/p>\n","protected":false},"featured_media":5948781,"comment_status":"open","ping_status":"closed","template":"","meta":[],"product_brand":[3301],"product_cat":[1744],"product_tag":[],"class_list":{"0":"post-745495","1":"product","2":"type-product","3":"status-publish","4":"has-post-thumbnail","6":"product_brand-raymarine-hr","7":"product_cat-brodska-elektronika","9":"first","10":"instock","11":"shipping-taxable","12":"purchasable","13":"product-type-simple"},"_links":{"self":[{"href":"https:\/\/stoic-curie.212-227-153-4.plesk.page\/hr\/wp-json\/wp\/v2\/product\/745495","targetHints":{"allow":["GET"]}}],"collection":[{"href":"https:\/\/stoic-curie.212-227-153-4.plesk.page\/hr\/wp-json\/wp\/v2\/product"}],"about":[{"href":"https:\/\/stoic-curie.212-227-153-4.plesk.page\/hr\/wp-json\/wp\/v2\/types\/product"}],"replies":[{"embeddable":true,"href":"https:\/\/stoic-curie.212-227-153-4.plesk.page\/hr\/wp-json\/wp\/v2\/comments?post=745495"}],"version-history":[{"count":0,"href":"https:\/\/stoic-curie.212-227-153-4.plesk.page\/hr\/wp-json\/wp\/v2\/product\/745495\/revisions"}],"wp:featuredmedia":[{"embeddable":true,"href":"https:\/\/stoic-curie.212-227-153-4.plesk.page\/hr\/wp-json\/wp\/v2\/media\/5948781"}],"wp:attachment":[{"href":"https:\/\/stoic-curie.212-227-153-4.plesk.page\/hr\/wp-json\/wp\/v2\/media?parent=745495"}],"wp:term":[{"taxonomy":"product_brand","embeddable":true,"href":"https:\/\/stoic-curie.212-227-153-4.plesk.page\/hr\/wp-json\/wp\/v2\/product_brand?post=745495"},{"taxonomy":"product_cat","embeddable":true,"href":"https:\/\/stoic-curie.212-227-153-4.plesk.page\/hr\/wp-json\/wp\/v2\/product_cat?post=745495"},{"taxonomy":"product_tag","embeddable":true,"href":"https:\/\/stoic-curie.212-227-153-4.plesk.page\/hr\/wp-json\/wp\/v2\/product_tag?post=745495"}],"curies":[{"name":"wp","href":"https:\/\/api.w.org\/{rel}","templated":true}]}}