{"id":745496,"date":"2025-03-03T20:19:41","date_gmt":"2025-03-03T19:19:41","guid":{"rendered":"https:\/\/stoic-curie.212-227-153-4.plesk.page\/producto\/raymarine-ev-200-linearan\/"},"modified":"2026-02-25T00:01:25","modified_gmt":"2026-02-25T00:01:25","slug":"raymarine-ev-200-linearan","status":"publish","type":"product","link":"https:\/\/stoic-curie.212-227-153-4.plesk.page\/hr\/product\/raymarine-ev-200-linearan\/","title":{"rendered":"Raymarine ev-200 linearan"},"content":{"rendered":"<p>Raymarine ev-200 linearan &#8211; Raymarine Evolution EV-200 Pack posebno je dizajniran za jedrilice s maksimalnom te\u017einom do 11.000 kg. Opaket uklju\u010duje ACU-200 kompjuter za kurs, p70s kontrolnu jedinicu i linearni aktuator tipa 1. Sustav je sposoban otkriti okoli\u0161ne parametre i brzo izra\u010dunati optimalna pode\u0161avanja za osiguranje vrhunske izvedbe. Kao rezultat toga, pru\u017ea precizno i pouzdano odr\u017eavanje kursa, neovisno o brzini \u010damca ili trenutnim uvjetima na moru. Proces instalacije je jednostavan i ne zahtijeva komplicirane procedure u\u010denja ili kalibraciju kompasa, zahvaljuju\u0107i automatskoj kalibraciji i 9-osnom nadzoru pramcev, nagiba i ljuljanja. Opcionalni S100 be\u017ei\u010dni daljinski upravlja\u010d dostupan je i uklju\u010duje prijemnik bazne stanice te se mora povezati s autopilotom putem konvertera SeaTalk1 na NMEA 2000.<\/p>\n","protected":false},"excerpt":{"rendered":"<p>Raymarine ev-200 linearan &#8211; Raymarine Evolution EV-200 Pack posebno je dizajniran za jedrilice s maksimalnom te\u017einom do 11.000 kg. Opaket<\/p>\n","protected":false},"featured_media":5948783,"comment_status":"open","ping_status":"closed","template":"","meta":[],"product_brand":[3301],"product_cat":[1744],"product_tag":[],"class_list":{"0":"post-745496","1":"product","2":"type-product","3":"status-publish","4":"has-post-thumbnail","6":"product_brand-raymarine-hr","7":"product_cat-brodska-elektronika","9":"first","10":"outofstock","11":"shipping-taxable","12":"purchasable","13":"product-type-simple"},"_links":{"self":[{"href":"https:\/\/stoic-curie.212-227-153-4.plesk.page\/hr\/wp-json\/wp\/v2\/product\/745496","targetHints":{"allow":["GET"]}}],"collection":[{"href":"https:\/\/stoic-curie.212-227-153-4.plesk.page\/hr\/wp-json\/wp\/v2\/product"}],"about":[{"href":"https:\/\/stoic-curie.212-227-153-4.plesk.page\/hr\/wp-json\/wp\/v2\/types\/product"}],"replies":[{"embeddable":true,"href":"https:\/\/stoic-curie.212-227-153-4.plesk.page\/hr\/wp-json\/wp\/v2\/comments?post=745496"}],"version-history":[{"count":0,"href":"https:\/\/stoic-curie.212-227-153-4.plesk.page\/hr\/wp-json\/wp\/v2\/product\/745496\/revisions"}],"wp:featuredmedia":[{"embeddable":true,"href":"https:\/\/stoic-curie.212-227-153-4.plesk.page\/hr\/wp-json\/wp\/v2\/media\/5948783"}],"wp:attachment":[{"href":"https:\/\/stoic-curie.212-227-153-4.plesk.page\/hr\/wp-json\/wp\/v2\/media?parent=745496"}],"wp:term":[{"taxonomy":"product_brand","embeddable":true,"href":"https:\/\/stoic-curie.212-227-153-4.plesk.page\/hr\/wp-json\/wp\/v2\/product_brand?post=745496"},{"taxonomy":"product_cat","embeddable":true,"href":"https:\/\/stoic-curie.212-227-153-4.plesk.page\/hr\/wp-json\/wp\/v2\/product_cat?post=745496"},{"taxonomy":"product_tag","embeddable":true,"href":"https:\/\/stoic-curie.212-227-153-4.plesk.page\/hr\/wp-json\/wp\/v2\/product_tag?post=745496"}],"curies":[{"name":"wp","href":"https:\/\/api.w.org\/{rel}","templated":true}]}}