{"id":745498,"date":"2025-03-03T20:19:42","date_gmt":"2025-03-03T19:19:42","guid":{"rendered":"https:\/\/stoic-curie.212-227-153-4.plesk.page\/producto\/protuklizna-traka-3m-crna-5cm-x-18mt\/"},"modified":"2026-02-25T00:01:25","modified_gmt":"2026-02-25T00:01:25","slug":"protuklizna-traka-3m-crna-5cm-x-18mt","status":"publish","type":"product","link":"https:\/\/stoic-curie.212-227-153-4.plesk.page\/hr\/product\/protuklizna-traka-3m-crna-5cm-x-18mt\/","title":{"rendered":"Protuklizna traka 3M Crna 5cm x 18mt"},"content":{"rendered":"<p>Protuklizna traka 3M Crna 5cm x 18mt &#8211; <\/p>\n<p>3M Safety-Walk trake otporne na klizanje i samoljepljive trake specijalno su dizajnirane za vanjsku upotrebu i otporne na morska okru\u017eenja. Pogodne su za bazene, ljestve, stepenice, \u010damce, gumenjake, jet skije i molove. Izra\u0111ene su od finih strukturiranih \u010destica smole na \u010dvrstoj poliester podlozi, \u0161to ih \u010dini higijenskim i udobnim za hodanje bosonoge.<\/p>\n","protected":false},"excerpt":{"rendered":"<p>Protuklizna traka 3M Crna 5cm x 18mt &#8211; 3M Safety-Walk trake otporne na klizanje i samoljepljive trake specijalno su dizajnirane<\/p>\n","protected":false},"featured_media":5948785,"comment_status":"open","ping_status":"closed","template":"","meta":[],"product_brand":[2771],"product_cat":[1629],"product_tag":[],"class_list":{"0":"post-745498","1":"product","2":"type-product","3":"status-publish","4":"has-post-thumbnail","6":"product_brand-3m-marine-hr","7":"product_cat-protuklizne-trake-i-podovi","9":"first","10":"instock","11":"shipping-taxable","12":"purchasable","13":"product-type-simple"},"_links":{"self":[{"href":"https:\/\/stoic-curie.212-227-153-4.plesk.page\/hr\/wp-json\/wp\/v2\/product\/745498","targetHints":{"allow":["GET"]}}],"collection":[{"href":"https:\/\/stoic-curie.212-227-153-4.plesk.page\/hr\/wp-json\/wp\/v2\/product"}],"about":[{"href":"https:\/\/stoic-curie.212-227-153-4.plesk.page\/hr\/wp-json\/wp\/v2\/types\/product"}],"replies":[{"embeddable":true,"href":"https:\/\/stoic-curie.212-227-153-4.plesk.page\/hr\/wp-json\/wp\/v2\/comments?post=745498"}],"version-history":[{"count":0,"href":"https:\/\/stoic-curie.212-227-153-4.plesk.page\/hr\/wp-json\/wp\/v2\/product\/745498\/revisions"}],"wp:featuredmedia":[{"embeddable":true,"href":"https:\/\/stoic-curie.212-227-153-4.plesk.page\/hr\/wp-json\/wp\/v2\/media\/5948785"}],"wp:attachment":[{"href":"https:\/\/stoic-curie.212-227-153-4.plesk.page\/hr\/wp-json\/wp\/v2\/media?parent=745498"}],"wp:term":[{"taxonomy":"product_brand","embeddable":true,"href":"https:\/\/stoic-curie.212-227-153-4.plesk.page\/hr\/wp-json\/wp\/v2\/product_brand?post=745498"},{"taxonomy":"product_cat","embeddable":true,"href":"https:\/\/stoic-curie.212-227-153-4.plesk.page\/hr\/wp-json\/wp\/v2\/product_cat?post=745498"},{"taxonomy":"product_tag","embeddable":true,"href":"https:\/\/stoic-curie.212-227-153-4.plesk.page\/hr\/wp-json\/wp\/v2\/product_tag?post=745498"}],"curies":[{"name":"wp","href":"https:\/\/api.w.org\/{rel}","templated":true}]}}