{"id":745501,"date":"2025-03-03T20:19:43","date_gmt":"2025-03-03T19:19:43","guid":{"rendered":"https:\/\/stoic-curie.212-227-153-4.plesk.page\/producto\/legetolex-izolacijski-premaz-60-x-100cm\/"},"modified":"2026-02-25T00:01:25","modified_gmt":"2026-02-25T00:01:25","slug":"legetolex-izolacijski-premaz-60-x-100cm","status":"publish","type":"product","link":"https:\/\/stoic-curie.212-227-153-4.plesk.page\/hr\/product\/legetolex-izolacijski-premaz-60-x-100cm\/","title":{"rendered":"Legetolex izolacijski premaz 60 x 100cm"},"content":{"rendered":"<p>Legetolex izolacijski premaz 60 x 100cm &#8211; <\/p>\n<p>Ljepilo izolacijska plo\u010da izra\u0111ena od gumene smjese i aluminijske laminacije s visokim svojstvima prigu\u0161enja vibracija te otporno\u0161\u0107u na temperaturu i vatru. Ljepilo osigurava sna\u017eno i \u010dvrsto prianjanje \u010dak i na suboptimalnim povr\u0161inama u prisutnosti pra\u0161ine i vlage. Lako se aplicira ru\u010dno i mo\u017ee se rezati i oblikovati prema povr\u0161ini koja se pokriva.<\/p>\n","protected":false},"excerpt":{"rendered":"<p>Legetolex izolacijski premaz 60 x 100cm &#8211; Ljepilo izolacijska plo\u010da izra\u0111ena od gumene smjese i aluminijske laminacije s visokim svojstvima<\/p>\n","protected":false},"featured_media":5948792,"comment_status":"open","ping_status":"closed","template":"","meta":[],"product_brand":[3291],"product_cat":[1810],"product_tag":[],"class_list":{"0":"post-745501","1":"product","2":"type-product","3":"status-publish","4":"has-post-thumbnail","6":"product_brand-quietlife-hr","7":"product_cat-izolacija-i-zvucna-izolacija","9":"first","10":"instock","11":"shipping-taxable","12":"purchasable","13":"product-type-simple"},"_links":{"self":[{"href":"https:\/\/stoic-curie.212-227-153-4.plesk.page\/hr\/wp-json\/wp\/v2\/product\/745501","targetHints":{"allow":["GET"]}}],"collection":[{"href":"https:\/\/stoic-curie.212-227-153-4.plesk.page\/hr\/wp-json\/wp\/v2\/product"}],"about":[{"href":"https:\/\/stoic-curie.212-227-153-4.plesk.page\/hr\/wp-json\/wp\/v2\/types\/product"}],"replies":[{"embeddable":true,"href":"https:\/\/stoic-curie.212-227-153-4.plesk.page\/hr\/wp-json\/wp\/v2\/comments?post=745501"}],"version-history":[{"count":0,"href":"https:\/\/stoic-curie.212-227-153-4.plesk.page\/hr\/wp-json\/wp\/v2\/product\/745501\/revisions"}],"wp:featuredmedia":[{"embeddable":true,"href":"https:\/\/stoic-curie.212-227-153-4.plesk.page\/hr\/wp-json\/wp\/v2\/media\/5948792"}],"wp:attachment":[{"href":"https:\/\/stoic-curie.212-227-153-4.plesk.page\/hr\/wp-json\/wp\/v2\/media?parent=745501"}],"wp:term":[{"taxonomy":"product_brand","embeddable":true,"href":"https:\/\/stoic-curie.212-227-153-4.plesk.page\/hr\/wp-json\/wp\/v2\/product_brand?post=745501"},{"taxonomy":"product_cat","embeddable":true,"href":"https:\/\/stoic-curie.212-227-153-4.plesk.page\/hr\/wp-json\/wp\/v2\/product_cat?post=745501"},{"taxonomy":"product_tag","embeddable":true,"href":"https:\/\/stoic-curie.212-227-153-4.plesk.page\/hr\/wp-json\/wp\/v2\/product_tag?post=745501"}],"curies":[{"name":"wp","href":"https:\/\/api.w.org\/{rel}","templated":true}]}}