{"id":745502,"date":"2025-03-03T20:19:43","date_gmt":"2025-03-03T19:19:43","guid":{"rendered":"https:\/\/stoic-curie.212-227-153-4.plesk.page\/producto\/sidro-quick-olympic-7kg-nehrdajuci-celik\/"},"modified":"2026-02-25T00:01:25","modified_gmt":"2026-02-25T00:01:25","slug":"sidro-quick-olympic-7kg-nehrdajuci-celik","status":"publish","type":"product","link":"https:\/\/stoic-curie.212-227-153-4.plesk.page\/hr\/product\/sidro-quick-olympic-7kg-nehrdajuci-celik\/","title":{"rendered":"Sidro Quick Olympic 7kg, nehr\u0111aju\u0107i \u010delik"},"content":{"rendered":"<p>Sidro Quick Olympic 7kg, nehr\u0111aju\u0107i \u010delik &#8211; <\/p>\n<p style=\"color: rgb(34, 34, 34); font-family: Arial, Helvetica, sans-serif; font-size: small;\">Predstavljamo Quick Olympic sidro, te\u017eine 7 kg (20 lb) i izra\u0111eno od poliranog AISI 316 nehr\u0111aju\u0107eg \u010delika. Ovo sidro ima ruku u obliku plug-a, dizajnirano za visoke performanse i izvrsan omjer te\u017eine i mase. Njegove stabilizacijske peraje i optimalna raspodjela te\u017eine osiguravaju duboku penetraciju u morsko dno.<\/p>\n<p style=\"color: rgb(34, 34, 34); font-family: Arial, Helvetica, sans-serif; font-size: small;\">Kompaktna ba\u010dva kompatibilna je s ve\u0107inom valjaka dostupnih na tr\u017ei\u0161tu. Uklju\u010duje rupu za pri\u010dvr\u0161\u0107ivanje ru\u010dke i oja\u010danu bazu koja osigurava izuzetnu otpornost na te\u0161ku vu\u010du. Oko je posebno dizajnirano da izdr\u017ei visoke napetosti.<\/p>\n<p style=\"color: rgb(34, 34, 34); font-family: Arial, Helvetica, sans-serif; font-size: small;\"><strong>Specifikacije sidra:<\/strong><\/p>\n<ul style=\"color: rgb(34, 34, 34); font-family: Arial, Helvetica, sans-serif; font-size: small;\">\n<li><strong>Te\u017eina:<\/strong> 7 kg (20 lb)<\/li>\n<li><strong>Preporu\u010dena veli\u010dina lanca:<\/strong> 6 mm (1\/4&#8243;)<\/li>\n<li><strong>Duljina broda:<\/strong> 6 metara (20 ft)<\/li>\n<li><strong>Te\u017eina broda:<\/strong> 1,8 tona (2 ameri\u010dke tone)<\/li>\n<li><strong>Materijal:<\/strong> Nehr\u0111aju\u0107i \u010delik AISI 316 s poliranim zavr\u0161etkom<\/li>\n<\/ul>\n","protected":false},"excerpt":{"rendered":"<p>Sidro Quick Olympic 7kg, nehr\u0111aju\u0107i \u010delik &#8211; Predstavljamo Quick Olympic sidro, te\u017eine 7 kg (20 lb) i izra\u0111eno od poliranog<\/p>\n","protected":false},"featured_media":5948759,"comment_status":"open","ping_status":"closed","template":"","meta":[],"product_brand":[3281],"product_cat":[1866],"product_tag":[],"class_list":{"0":"post-745502","1":"product","2":"type-product","3":"status-publish","4":"has-post-thumbnail","6":"product_brand-quick-hr","7":"product_cat-sidra-delta","9":"first","10":"instock","11":"shipping-taxable","12":"purchasable","13":"product-type-simple"},"_links":{"self":[{"href":"https:\/\/stoic-curie.212-227-153-4.plesk.page\/hr\/wp-json\/wp\/v2\/product\/745502","targetHints":{"allow":["GET"]}}],"collection":[{"href":"https:\/\/stoic-curie.212-227-153-4.plesk.page\/hr\/wp-json\/wp\/v2\/product"}],"about":[{"href":"https:\/\/stoic-curie.212-227-153-4.plesk.page\/hr\/wp-json\/wp\/v2\/types\/product"}],"replies":[{"embeddable":true,"href":"https:\/\/stoic-curie.212-227-153-4.plesk.page\/hr\/wp-json\/wp\/v2\/comments?post=745502"}],"version-history":[{"count":0,"href":"https:\/\/stoic-curie.212-227-153-4.plesk.page\/hr\/wp-json\/wp\/v2\/product\/745502\/revisions"}],"wp:featuredmedia":[{"embeddable":true,"href":"https:\/\/stoic-curie.212-227-153-4.plesk.page\/hr\/wp-json\/wp\/v2\/media\/5948759"}],"wp:attachment":[{"href":"https:\/\/stoic-curie.212-227-153-4.plesk.page\/hr\/wp-json\/wp\/v2\/media?parent=745502"}],"wp:term":[{"taxonomy":"product_brand","embeddable":true,"href":"https:\/\/stoic-curie.212-227-153-4.plesk.page\/hr\/wp-json\/wp\/v2\/product_brand?post=745502"},{"taxonomy":"product_cat","embeddable":true,"href":"https:\/\/stoic-curie.212-227-153-4.plesk.page\/hr\/wp-json\/wp\/v2\/product_cat?post=745502"},{"taxonomy":"product_tag","embeddable":true,"href":"https:\/\/stoic-curie.212-227-153-4.plesk.page\/hr\/wp-json\/wp\/v2\/product_tag?post=745502"}],"curies":[{"name":"wp","href":"https:\/\/api.w.org\/{rel}","templated":true}]}}