{"id":745504,"date":"2025-03-03T20:19:43","date_gmt":"2025-03-03T19:19:43","guid":{"rendered":"https:\/\/stoic-curie.212-227-153-4.plesk.page\/producto\/sidro-quick-olympic-16kg-nehrdajuci-celik\/"},"modified":"2026-02-25T00:01:25","modified_gmt":"2026-02-25T00:01:25","slug":"sidro-quick-olympic-16kg-nehrdajuci-celik","status":"publish","type":"product","link":"https:\/\/stoic-curie.212-227-153-4.plesk.page\/hr\/product\/sidro-quick-olympic-16kg-nehrdajuci-celik\/","title":{"rendered":"Sidro Quick Olympic 16kg, nehr\u0111aju\u0107i \u010delik"},"content":{"rendered":"<p>Sidro Quick Olympic 16kg, nehr\u0111aju\u0107i \u010delik &#8211; <\/p>\n<p style=\"color: rgb(34, 34, 34); font-family: Arial, Helvetica, sans-serif; font-size: small;\">Predstavljamo Quick Olympic Anchor, koji te\u017ei 16 kg i izra\u0111en je od poliranog nehr\u0111aju\u0107eg \u010delika, s arm \u010diji oblik podsje\u0107a na plug. Ova sidra su dizajnirana za visoke performanse i imaju impresivan omjer te\u017eine i mase. Njihove stabilizacijske peraje i optimalna raspodjela te\u017eine osiguravaju izvrsnu sposobnost penetracije pod pravim kutom.<\/p>\n<p style=\"color: rgb(34, 34, 34); font-family: Arial, Helvetica, sans-serif; font-size: small;\">Kompaktna ba\u010dva kompatibilna je s ve\u0107inom valjaka dostupnih na tr\u017ei\u0161tu i uklju\u010duje rupu za pri\u010dvr\u0161\u0107ivanje hvatila, zajedno s oja\u010danim dnom koje nudi izuzetnu otpornost na velike vu\u010dne sile. Oko je posebno projektirano da izdr\u017ei zna\u010dajne napetosti vu\u010de.<\/p>\n<p style=\"color: rgb(34, 34, 34); font-family: Arial, Helvetica, sans-serif; font-size: small;\"><strong>Specifikacije sidra:<\/strong><\/p>\n<ul style=\"color: rgb(34, 34, 34); font-family: Arial, Helvetica, sans-serif; font-size: small;\">\n<li><strong>P te\u017eina:<\/strong>\u00a016 kg (35 lb)<\/li>\n<li><strong>Preporu\u010dena veli\u010dina lanca:<\/strong>\u00a08 mm (5\/16&#8243;)<\/li>\n<li><strong>Duljina \u010damca:<\/strong>\u00a010,8 metara (35 ft)<\/li>\n<li><strong>Te\u017eina \u010damca:<\/strong>\u00a06,3 tone (7 ameri\u010dkih tona)<\/li>\n<li><strong>Materijal:<\/strong>\u00a0AISI 316 nehr\u0111aju\u0107i \u010delik s poliranim zavr\u0161etkom<\/li>\n<\/ul>\n","protected":false},"excerpt":{"rendered":"<p>Sidro Quick Olympic 16kg, nehr\u0111aju\u0107i \u010delik &#8211; Predstavljamo Quick Olympic Anchor, koji te\u017ei 16 kg i izra\u0111en je od poliranog<\/p>\n","protected":false},"featured_media":5948759,"comment_status":"open","ping_status":"closed","template":"","meta":[],"product_brand":[3281],"product_cat":[1866],"product_tag":[],"class_list":{"0":"post-745504","1":"product","2":"type-product","3":"status-publish","4":"has-post-thumbnail","6":"product_brand-quick-hr","7":"product_cat-sidra-delta","9":"first","10":"instock","11":"shipping-taxable","12":"purchasable","13":"product-type-simple"},"_links":{"self":[{"href":"https:\/\/stoic-curie.212-227-153-4.plesk.page\/hr\/wp-json\/wp\/v2\/product\/745504","targetHints":{"allow":["GET"]}}],"collection":[{"href":"https:\/\/stoic-curie.212-227-153-4.plesk.page\/hr\/wp-json\/wp\/v2\/product"}],"about":[{"href":"https:\/\/stoic-curie.212-227-153-4.plesk.page\/hr\/wp-json\/wp\/v2\/types\/product"}],"replies":[{"embeddable":true,"href":"https:\/\/stoic-curie.212-227-153-4.plesk.page\/hr\/wp-json\/wp\/v2\/comments?post=745504"}],"version-history":[{"count":0,"href":"https:\/\/stoic-curie.212-227-153-4.plesk.page\/hr\/wp-json\/wp\/v2\/product\/745504\/revisions"}],"wp:featuredmedia":[{"embeddable":true,"href":"https:\/\/stoic-curie.212-227-153-4.plesk.page\/hr\/wp-json\/wp\/v2\/media\/5948759"}],"wp:attachment":[{"href":"https:\/\/stoic-curie.212-227-153-4.plesk.page\/hr\/wp-json\/wp\/v2\/media?parent=745504"}],"wp:term":[{"taxonomy":"product_brand","embeddable":true,"href":"https:\/\/stoic-curie.212-227-153-4.plesk.page\/hr\/wp-json\/wp\/v2\/product_brand?post=745504"},{"taxonomy":"product_cat","embeddable":true,"href":"https:\/\/stoic-curie.212-227-153-4.plesk.page\/hr\/wp-json\/wp\/v2\/product_cat?post=745504"},{"taxonomy":"product_tag","embeddable":true,"href":"https:\/\/stoic-curie.212-227-153-4.plesk.page\/hr\/wp-json\/wp\/v2\/product_tag?post=745504"}],"curies":[{"name":"wp","href":"https:\/\/api.w.org\/{rel}","templated":true}]}}