{"id":745506,"date":"2025-03-03T20:19:44","date_gmt":"2025-03-03T19:19:44","guid":{"rendered":"https:\/\/stoic-curie.212-227-153-4.plesk.page\/producto\/sigurnosne-ljestve-3-30mt\/"},"modified":"2026-02-25T00:01:25","modified_gmt":"2026-02-25T00:01:25","slug":"sigurnosne-ljestve-3-30mt","status":"publish","type":"product","link":"https:\/\/stoic-curie.212-227-153-4.plesk.page\/hr\/product\/sigurnosne-ljestve-3-30mt\/","title":{"rendered":"Sigurnosne ljestve 3.30mt"},"content":{"rendered":"<p>Sigurnosne ljestve 3.30mt &#8211; <\/p>\n<p>Univerzalna sigurnosna ljestva. U skladu s ISO 15085. Pogodno za sve brodove. Lako i sigurno za kori\u0161tenje, postavljanje se vr\u0161i iz vode pomo\u0107u odgovaraju\u0107e u\u017ee. Izra\u0111eno od poliesterske trake s fiberglas stubovima. Uklju\u010duje \u010dvrsti kontejner od poliester tkanine 28x26x6 cm. Pri\u010dvr\u0161\u0107ivanje na pulpitu pomo\u0107u dvije kop\u010de i dva opru\u017ena gumba.<\/p>\n","protected":false},"excerpt":{"rendered":"<p>Sigurnosne ljestve 3.30mt &#8211; Univerzalna sigurnosna ljestva. U skladu s ISO 15085. Pogodno za sve brodove. Lako i sigurno za<\/p>\n","protected":false},"featured_media":5948811,"comment_status":"open","ping_status":"closed","template":"","meta":[],"product_brand":[3236],"product_cat":[1618,1605],"product_tag":[],"class_list":{"0":"post-745506","1":"product","2":"type-product","3":"status-publish","4":"has-post-thumbnail","6":"product_brand-osculati-hr","7":"product_cat-ljestve-za-brodove","8":"product_cat-oprema-za-sigurnost-plovila","10":"first","11":"instock","12":"shipping-taxable","13":"purchasable","14":"product-type-simple"},"_links":{"self":[{"href":"https:\/\/stoic-curie.212-227-153-4.plesk.page\/hr\/wp-json\/wp\/v2\/product\/745506","targetHints":{"allow":["GET"]}}],"collection":[{"href":"https:\/\/stoic-curie.212-227-153-4.plesk.page\/hr\/wp-json\/wp\/v2\/product"}],"about":[{"href":"https:\/\/stoic-curie.212-227-153-4.plesk.page\/hr\/wp-json\/wp\/v2\/types\/product"}],"replies":[{"embeddable":true,"href":"https:\/\/stoic-curie.212-227-153-4.plesk.page\/hr\/wp-json\/wp\/v2\/comments?post=745506"}],"version-history":[{"count":0,"href":"https:\/\/stoic-curie.212-227-153-4.plesk.page\/hr\/wp-json\/wp\/v2\/product\/745506\/revisions"}],"wp:featuredmedia":[{"embeddable":true,"href":"https:\/\/stoic-curie.212-227-153-4.plesk.page\/hr\/wp-json\/wp\/v2\/media\/5948811"}],"wp:attachment":[{"href":"https:\/\/stoic-curie.212-227-153-4.plesk.page\/hr\/wp-json\/wp\/v2\/media?parent=745506"}],"wp:term":[{"taxonomy":"product_brand","embeddable":true,"href":"https:\/\/stoic-curie.212-227-153-4.plesk.page\/hr\/wp-json\/wp\/v2\/product_brand?post=745506"},{"taxonomy":"product_cat","embeddable":true,"href":"https:\/\/stoic-curie.212-227-153-4.plesk.page\/hr\/wp-json\/wp\/v2\/product_cat?post=745506"},{"taxonomy":"product_tag","embeddable":true,"href":"https:\/\/stoic-curie.212-227-153-4.plesk.page\/hr\/wp-json\/wp\/v2\/product_tag?post=745506"}],"curies":[{"name":"wp","href":"https:\/\/api.w.org\/{rel}","templated":true}]}}