{"id":745507,"date":"2025-03-03T20:19:44","date_gmt":"2025-03-03T19:19:44","guid":{"rendered":"https:\/\/stoic-curie.212-227-153-4.plesk.page\/producto\/sklopiva-stolica-maraton-r120-plava\/"},"modified":"2026-02-25T00:01:25","modified_gmt":"2026-02-25T00:01:25","slug":"sklopiva-stolica-maraton-r120-plava","status":"publish","type":"product","link":"https:\/\/stoic-curie.212-227-153-4.plesk.page\/hr\/product\/sklopiva-stolica-maraton-r120-plava\/","title":{"rendered":"Sklopiva stolica Maraton r120 Plava"},"content":{"rendered":"<p>Sklopiva stolica Maraton r120 Plava &#8211; <\/p>\n<p>Udobna i elegantna stolica Marathon R120 tvrtke Forma. Savr\u0161eno izra\u0111ena lagana i vrlo jaka anodizirana aluminijska konstrukcija s lijevanim spojevima. Tkanina otporna na mrlje od Recacril marine kvalitete. Hardver od nehr\u0111aju\u0107eg \u010delika.<\/p>\n","protected":false},"excerpt":{"rendered":"<p>Sklopiva stolica Maraton r120 Plava &#8211; Udobna i elegantna stolica Marathon R120 tvrtke Forma. Savr\u0161eno izra\u0111ena lagana i vrlo jaka<\/p>\n","protected":false},"featured_media":5948813,"comment_status":"open","ping_status":"closed","template":"","meta":[],"product_brand":[2951],"product_cat":[1642],"product_tag":[],"class_list":{"0":"post-745507","1":"product","2":"type-product","3":"status-publish","4":"has-post-thumbnail","6":"product_brand-forma-hr","7":"product_cat-brodske-stolice-i-stolovi","9":"first","10":"instock","11":"shipping-taxable","12":"purchasable","13":"product-type-simple"},"_links":{"self":[{"href":"https:\/\/stoic-curie.212-227-153-4.plesk.page\/hr\/wp-json\/wp\/v2\/product\/745507","targetHints":{"allow":["GET"]}}],"collection":[{"href":"https:\/\/stoic-curie.212-227-153-4.plesk.page\/hr\/wp-json\/wp\/v2\/product"}],"about":[{"href":"https:\/\/stoic-curie.212-227-153-4.plesk.page\/hr\/wp-json\/wp\/v2\/types\/product"}],"replies":[{"embeddable":true,"href":"https:\/\/stoic-curie.212-227-153-4.plesk.page\/hr\/wp-json\/wp\/v2\/comments?post=745507"}],"version-history":[{"count":0,"href":"https:\/\/stoic-curie.212-227-153-4.plesk.page\/hr\/wp-json\/wp\/v2\/product\/745507\/revisions"}],"wp:featuredmedia":[{"embeddable":true,"href":"https:\/\/stoic-curie.212-227-153-4.plesk.page\/hr\/wp-json\/wp\/v2\/media\/5948813"}],"wp:attachment":[{"href":"https:\/\/stoic-curie.212-227-153-4.plesk.page\/hr\/wp-json\/wp\/v2\/media?parent=745507"}],"wp:term":[{"taxonomy":"product_brand","embeddable":true,"href":"https:\/\/stoic-curie.212-227-153-4.plesk.page\/hr\/wp-json\/wp\/v2\/product_brand?post=745507"},{"taxonomy":"product_cat","embeddable":true,"href":"https:\/\/stoic-curie.212-227-153-4.plesk.page\/hr\/wp-json\/wp\/v2\/product_cat?post=745507"},{"taxonomy":"product_tag","embeddable":true,"href":"https:\/\/stoic-curie.212-227-153-4.plesk.page\/hr\/wp-json\/wp\/v2\/product_tag?post=745507"}],"curies":[{"name":"wp","href":"https:\/\/api.w.org\/{rel}","templated":true}]}}