{"id":745513,"date":"2025-03-03T20:19:46","date_gmt":"2025-03-03T19:19:46","guid":{"rendered":"https:\/\/stoic-curie.212-227-153-4.plesk.page\/producto\/profil-za-brtvljenje-trim-lok-20-do-70-mm-x-15mt\/"},"modified":"2026-02-25T00:01:25","modified_gmt":"2026-02-25T00:01:25","slug":"profil-za-brtvljenje-trim-lok-20-do-70-mm-x-15mt","status":"publish","type":"product","link":"https:\/\/stoic-curie.212-227-153-4.plesk.page\/hr\/product\/profil-za-brtvljenje-trim-lok-20-do-70-mm-x-15mt\/","title":{"rendered":"Profil za brtvljenje Trim-lok 2,0 do 7,0 mm x 15mt"},"content":{"rendered":"<p>Profil za brtvljenje Trim-lok 2,0 do 7,0 mm x 15mt &#8211; <\/p>\n<p>Co-ekstrudirani Trim-Lok brtveni materijal za vrata, otvore i zasune. Ovaj brtveni materijal sastoji se od pro\u0161irene EPDM gume koja je ekstruzivna na PVC profilu. Jednostavno se montira zahvaljuju\u0107i strukturi s \u010deli\u010dnom oprugom ugra\u0111enom u gumu koja se lako prilago\u0111ava prekrivenoj ivici. Vi\u0161e zaklju\u010davaju\u0107ih tabova osigurava savr\u0161eno brtvljenje i bez ljepila. Pakiranje od 15 metara.<\/p>\n","protected":false},"excerpt":{"rendered":"<p>Profil za brtvljenje Trim-lok 2,0 do 7,0 mm x 15mt &#8211; Co-ekstrudirani Trim-Lok brtveni materijal za vrata, otvore i zasune.<\/p>\n","protected":false},"featured_media":5948823,"comment_status":"open","ping_status":"closed","template":"","meta":[],"product_brand":[3481],"product_cat":[1702],"product_tag":[],"class_list":{"0":"post-745513","1":"product","2":"type-product","3":"status-publish","4":"has-post-thumbnail","6":"product_brand-tessilmare-hr","7":"product_cat-brodske-grotlasca-i-otvori","9":"first","10":"instock","11":"shipping-taxable","12":"purchasable","13":"product-type-simple"},"_links":{"self":[{"href":"https:\/\/stoic-curie.212-227-153-4.plesk.page\/hr\/wp-json\/wp\/v2\/product\/745513","targetHints":{"allow":["GET"]}}],"collection":[{"href":"https:\/\/stoic-curie.212-227-153-4.plesk.page\/hr\/wp-json\/wp\/v2\/product"}],"about":[{"href":"https:\/\/stoic-curie.212-227-153-4.plesk.page\/hr\/wp-json\/wp\/v2\/types\/product"}],"replies":[{"embeddable":true,"href":"https:\/\/stoic-curie.212-227-153-4.plesk.page\/hr\/wp-json\/wp\/v2\/comments?post=745513"}],"version-history":[{"count":0,"href":"https:\/\/stoic-curie.212-227-153-4.plesk.page\/hr\/wp-json\/wp\/v2\/product\/745513\/revisions"}],"wp:featuredmedia":[{"embeddable":true,"href":"https:\/\/stoic-curie.212-227-153-4.plesk.page\/hr\/wp-json\/wp\/v2\/media\/5948823"}],"wp:attachment":[{"href":"https:\/\/stoic-curie.212-227-153-4.plesk.page\/hr\/wp-json\/wp\/v2\/media?parent=745513"}],"wp:term":[{"taxonomy":"product_brand","embeddable":true,"href":"https:\/\/stoic-curie.212-227-153-4.plesk.page\/hr\/wp-json\/wp\/v2\/product_brand?post=745513"},{"taxonomy":"product_cat","embeddable":true,"href":"https:\/\/stoic-curie.212-227-153-4.plesk.page\/hr\/wp-json\/wp\/v2\/product_cat?post=745513"},{"taxonomy":"product_tag","embeddable":true,"href":"https:\/\/stoic-curie.212-227-153-4.plesk.page\/hr\/wp-json\/wp\/v2\/product_tag?post=745513"}],"curies":[{"name":"wp","href":"https:\/\/api.w.org\/{rel}","templated":true}]}}