{"id":745516,"date":"2025-03-03T20:19:48","date_gmt":"2025-03-03T19:19:48","guid":{"rendered":"https:\/\/stoic-curie.212-227-153-4.plesk.page\/producto\/kaljuzna-pumpa-johnson-aqua-void-ref-800-v-12\/"},"modified":"2026-02-25T00:01:25","modified_gmt":"2026-02-25T00:01:25","slug":"kaljuzna-pumpa-johnson-aqua-void-ref-800-v-12","status":"publish","type":"product","link":"https:\/\/stoic-curie.212-227-153-4.plesk.page\/hr\/product\/kaljuzna-pumpa-johnson-aqua-void-ref-800-v-12\/","title":{"rendered":"Kalju\u017ena pumpa Johnson aqua void ref 800  v 12"},"content":{"rendered":"<p>Kalju\u017ena pumpa Johnson aqua void ref 800  v 12  &#8211; <\/p>\n<p>Submersibilna pumpa za \u010damce Johnson Aqua Void vrhunske kvalitete i izdr\u017eljivosti s odvojivom bazom i glavom za jednostavno \u010di\u0161\u0107enje. S vodonepropusnim plasti\u010dnim spojem, rezervnim osigura\u010dima i Deutsch konektorom za brzo prekidanje veze s mre\u017eom tijekom odr\u017eavanja. Termoplasti\u010dno tijelo s vodom hla\u0111enim zatvorenim motorom i osovinom od nehr\u0111aju\u0107eg \u010delika. 3\/4&#8243; navo\u0111enje s ravnim i kutnim podesivim priklju\u010dcima za crijeva promjera 20 mm, uklju\u010duju\u0107i brtvu i povratni ventil. Dimenzije pumpe 70 x 133 x H119 mm.<\/p>\n","protected":false},"excerpt":{"rendered":"<p>Kalju\u017ena pumpa Johnson aqua void ref 800 v 12 &#8211; Submersibilna pumpa za \u010damce Johnson Aqua Void vrhunske kvalitete i<\/p>\n","protected":false},"featured_media":5948842,"comment_status":"open","ping_status":"closed","template":"","meta":[],"product_brand":[3046],"product_cat":[1659],"product_tag":[],"class_list":{"0":"post-745516","1":"product","2":"type-product","3":"status-publish","4":"has-post-thumbnail","6":"product_brand-johnson-marine-hr","7":"product_cat-elektricne-kaljuzne-pumpe","9":"first","10":"instock","11":"shipping-taxable","12":"purchasable","13":"product-type-simple"},"_links":{"self":[{"href":"https:\/\/stoic-curie.212-227-153-4.plesk.page\/hr\/wp-json\/wp\/v2\/product\/745516","targetHints":{"allow":["GET"]}}],"collection":[{"href":"https:\/\/stoic-curie.212-227-153-4.plesk.page\/hr\/wp-json\/wp\/v2\/product"}],"about":[{"href":"https:\/\/stoic-curie.212-227-153-4.plesk.page\/hr\/wp-json\/wp\/v2\/types\/product"}],"replies":[{"embeddable":true,"href":"https:\/\/stoic-curie.212-227-153-4.plesk.page\/hr\/wp-json\/wp\/v2\/comments?post=745516"}],"version-history":[{"count":0,"href":"https:\/\/stoic-curie.212-227-153-4.plesk.page\/hr\/wp-json\/wp\/v2\/product\/745516\/revisions"}],"wp:featuredmedia":[{"embeddable":true,"href":"https:\/\/stoic-curie.212-227-153-4.plesk.page\/hr\/wp-json\/wp\/v2\/media\/5948842"}],"wp:attachment":[{"href":"https:\/\/stoic-curie.212-227-153-4.plesk.page\/hr\/wp-json\/wp\/v2\/media?parent=745516"}],"wp:term":[{"taxonomy":"product_brand","embeddable":true,"href":"https:\/\/stoic-curie.212-227-153-4.plesk.page\/hr\/wp-json\/wp\/v2\/product_brand?post=745516"},{"taxonomy":"product_cat","embeddable":true,"href":"https:\/\/stoic-curie.212-227-153-4.plesk.page\/hr\/wp-json\/wp\/v2\/product_cat?post=745516"},{"taxonomy":"product_tag","embeddable":true,"href":"https:\/\/stoic-curie.212-227-153-4.plesk.page\/hr\/wp-json\/wp\/v2\/product_tag?post=745516"}],"curies":[{"name":"wp","href":"https:\/\/api.w.org\/{rel}","templated":true}]}}