{"id":745521,"date":"2025-03-03T20:23:22","date_gmt":"2025-03-03T19:23:22","guid":{"rendered":"https:\/\/stoic-curie.212-227-153-4.plesk.page\/producto\/kit-raymarine-i50-dubinomjer\/"},"modified":"2026-02-25T00:01:25","modified_gmt":"2026-02-25T00:01:25","slug":"kit-raymarine-i50-dubinomjer","status":"publish","type":"product","link":"https:\/\/stoic-curie.212-227-153-4.plesk.page\/hr\/product\/kit-raymarine-i50-dubinomjer\/","title":{"rendered":"Kit Raymarine I50 dubinomjer"},"content":{"rendered":"<p>Kit Raymarine I50 dubinomjer &#8211; <\/p>\n<p>Kompaktni i funkcionalni Raymarine i50 Depth Pack instrument s LCD zaslonom, s SeaTalk i NMEA2000 su\u010deljem, nudi potpunu integraciju s Raymarine navigacijskom opremom. Prikazuje pokazatelj promjene dubine, minimalne\/maksimalne dubine s alarmima za sidrenje i duboku vodu. Uklju\u010duje plasti\u010dni P19 transducer za ugradnju kroz trupu. Sa ugra\u0111enim su\u010deljem za transducer.<\/p>\n","protected":false},"excerpt":{"rendered":"<p>Kit Raymarine I50 dubinomjer &#8211; Kompaktni i funkcionalni Raymarine i50 Depth Pack instrument s LCD zaslonom, s SeaTalk i NMEA2000<\/p>\n","protected":false},"featured_media":5948856,"comment_status":"open","ping_status":"closed","template":"","meta":[],"product_brand":[3301],"product_cat":[1744],"product_tag":[],"class_list":{"0":"post-745521","1":"product","2":"type-product","3":"status-publish","4":"has-post-thumbnail","6":"product_brand-raymarine-hr","7":"product_cat-brodska-elektronika","9":"first","10":"outofstock","11":"shipping-taxable","12":"purchasable","13":"product-type-simple"},"_links":{"self":[{"href":"https:\/\/stoic-curie.212-227-153-4.plesk.page\/hr\/wp-json\/wp\/v2\/product\/745521","targetHints":{"allow":["GET"]}}],"collection":[{"href":"https:\/\/stoic-curie.212-227-153-4.plesk.page\/hr\/wp-json\/wp\/v2\/product"}],"about":[{"href":"https:\/\/stoic-curie.212-227-153-4.plesk.page\/hr\/wp-json\/wp\/v2\/types\/product"}],"replies":[{"embeddable":true,"href":"https:\/\/stoic-curie.212-227-153-4.plesk.page\/hr\/wp-json\/wp\/v2\/comments?post=745521"}],"version-history":[{"count":0,"href":"https:\/\/stoic-curie.212-227-153-4.plesk.page\/hr\/wp-json\/wp\/v2\/product\/745521\/revisions"}],"wp:featuredmedia":[{"embeddable":true,"href":"https:\/\/stoic-curie.212-227-153-4.plesk.page\/hr\/wp-json\/wp\/v2\/media\/5948856"}],"wp:attachment":[{"href":"https:\/\/stoic-curie.212-227-153-4.plesk.page\/hr\/wp-json\/wp\/v2\/media?parent=745521"}],"wp:term":[{"taxonomy":"product_brand","embeddable":true,"href":"https:\/\/stoic-curie.212-227-153-4.plesk.page\/hr\/wp-json\/wp\/v2\/product_brand?post=745521"},{"taxonomy":"product_cat","embeddable":true,"href":"https:\/\/stoic-curie.212-227-153-4.plesk.page\/hr\/wp-json\/wp\/v2\/product_cat?post=745521"},{"taxonomy":"product_tag","embeddable":true,"href":"https:\/\/stoic-curie.212-227-153-4.plesk.page\/hr\/wp-json\/wp\/v2\/product_tag?post=745521"}],"curies":[{"name":"wp","href":"https:\/\/api.w.org\/{rel}","templated":true}]}}