{"id":745522,"date":"2025-03-03T20:23:23","date_gmt":"2025-03-03T19:23:23","guid":{"rendered":"https:\/\/stoic-curie.212-227-153-4.plesk.page\/producto\/raymarine-i60-set-za-vjetar\/"},"modified":"2026-02-25T00:01:25","modified_gmt":"2026-02-25T00:01:25","slug":"raymarine-i60-set-za-vjetar","status":"publish","type":"product","link":"https:\/\/stoic-curie.212-227-153-4.plesk.page\/hr\/product\/raymarine-i60-set-za-vjetar\/","title":{"rendered":"Raymarine I60 set za vjetar"},"content":{"rendered":"<p>Raymarine I60 set za vjetar &#8211; <\/p>\n<p>Predstavljamo Raymarine i60 Wind Pack, kompaktan i funkcionalan instrument sa LCD zaslonom. Ovaj ure\u0111aj uklju\u010duje SeaTalk i NMEA2000 su\u010delja koja omogu\u0107uju besprijekornu integraciju s Raymarine navigacijskom opremom. Pru\u017ea analiti\u010dke i digitalne podatke, ra\u010dunaju\u0107i aparente (relativne) i stvarne brzine i kutove vjetra koriste\u0107i SeaTalk brzinu kroz vodu. Paket dolazi s vjetroelektri\u010dnim senzorem i 30-metarskim kabelom, uz ugra\u0111eno su\u010delje senzora.<\/p>\n<p>i60 instrumenti su posebno dizajnirani za pobolj\u0161anje novih Raymarine multifunkcionalnih prikaza. Prilago\u0111eni jedrili\u010darima, ovi elegantni instrumenti nude specijalizirane funkcije za vjetar i blizu-vjetrovne opcije u analiti\u010dkom i digitalnom formatu. Pru\u017eaju izvrsnu vidljivost i tijekom dana i no\u0107i, a jednostavna dugmad \u010dine ih jednostavnim za kori\u0161tenje. Osim toga, dizajn s prednjim montiranjem omogu\u0107ava jednostavnu instalaciju.<\/p>\n<p><strong>Karakteristike:<\/strong><\/p>\n<ul>\n<li>Prikazuje analiti\u010dke i digitalne podatke.<\/li>\n<li>Ra\u010duna aparente (relativne) i stvarne brzine i kutove vjetra (stvarni vjetar zahtijeva SeaTalk brzinu kroz vodu).<\/li>\n<li>Velike brojeve i znamenke za lako \u010ditanje.<\/li>\n<li>Crveno pozadinsko osvjetljenje za pobolj\u0161anu vidljivost no\u0107u.<\/li>\n<li>Kompatibilno s SeaTalk i SeaTalkNG su\u010deljima.<\/li>\n<li>NMEA 2000 kompatibilno su\u010delje.<\/li>\n<li>Ugra\u0111eno su\u010delje senzora.<\/li>\n<li>Kompaktne dimenzije od 110 mm x 115 mm, \u0161to odgovara starijim Raymarine ST60+ instrumentima.<\/li>\n<li>Niska potro\u0161nja energije.<\/li>\n<li>Dizajn s prednjim montiranjem za jednostavnu instalaciju.<\/li>\n<\/ul>\n<p>i60 instrumenti su izvrstan izbor za jedrili\u010dare, pru\u017eaju\u0107i esencijalne informacije o vjetru u korisni\u010dki prijateljskom formatu. Njihov dizajn osigurava da ih je lako vidjeti i koristiti, \u0161to ih \u010dini vrijednim dodatkom va\u0161em iskustvu jedrenja.<\/p>\n","protected":false},"excerpt":{"rendered":"<p>Raymarine I60 set za vjetar &#8211; Predstavljamo Raymarine i60 Wind Pack, kompaktan i funkcionalan instrument sa LCD zaslonom. Ovaj ure\u0111aj<\/p>\n","protected":false},"featured_media":5948858,"comment_status":"open","ping_status":"closed","template":"","meta":[],"product_brand":[3301],"product_cat":[1744],"product_tag":[],"class_list":{"0":"post-745522","1":"product","2":"type-product","3":"status-publish","4":"has-post-thumbnail","6":"product_brand-raymarine-hr","7":"product_cat-brodska-elektronika","9":"first","10":"outofstock","11":"shipping-taxable","12":"purchasable","13":"product-type-simple"},"_links":{"self":[{"href":"https:\/\/stoic-curie.212-227-153-4.plesk.page\/hr\/wp-json\/wp\/v2\/product\/745522","targetHints":{"allow":["GET"]}}],"collection":[{"href":"https:\/\/stoic-curie.212-227-153-4.plesk.page\/hr\/wp-json\/wp\/v2\/product"}],"about":[{"href":"https:\/\/stoic-curie.212-227-153-4.plesk.page\/hr\/wp-json\/wp\/v2\/types\/product"}],"replies":[{"embeddable":true,"href":"https:\/\/stoic-curie.212-227-153-4.plesk.page\/hr\/wp-json\/wp\/v2\/comments?post=745522"}],"version-history":[{"count":0,"href":"https:\/\/stoic-curie.212-227-153-4.plesk.page\/hr\/wp-json\/wp\/v2\/product\/745522\/revisions"}],"wp:featuredmedia":[{"embeddable":true,"href":"https:\/\/stoic-curie.212-227-153-4.plesk.page\/hr\/wp-json\/wp\/v2\/media\/5948858"}],"wp:attachment":[{"href":"https:\/\/stoic-curie.212-227-153-4.plesk.page\/hr\/wp-json\/wp\/v2\/media?parent=745522"}],"wp:term":[{"taxonomy":"product_brand","embeddable":true,"href":"https:\/\/stoic-curie.212-227-153-4.plesk.page\/hr\/wp-json\/wp\/v2\/product_brand?post=745522"},{"taxonomy":"product_cat","embeddable":true,"href":"https:\/\/stoic-curie.212-227-153-4.plesk.page\/hr\/wp-json\/wp\/v2\/product_cat?post=745522"},{"taxonomy":"product_tag","embeddable":true,"href":"https:\/\/stoic-curie.212-227-153-4.plesk.page\/hr\/wp-json\/wp\/v2\/product_tag?post=745522"}],"curies":[{"name":"wp","href":"https:\/\/api.w.org\/{rel}","templated":true}]}}