{"id":745523,"date":"2025-03-03T20:23:23","date_gmt":"2025-03-03T19:23:23","guid":{"rendered":"https:\/\/stoic-curie.212-227-153-4.plesk.page\/producto\/garmin-gnx-tipkovnica\/"},"modified":"2026-02-25T00:01:25","modified_gmt":"2026-02-25T00:01:25","slug":"garmin-gnx-tipkovnica","status":"publish","type":"product","link":"https:\/\/stoic-curie.212-227-153-4.plesk.page\/hr\/product\/garmin-gnx-tipkovnica\/","title":{"rendered":"Garmin GNX tipkovnica"},"content":{"rendered":"<p>Garmin GNX tipkovnica &#8211; <\/p>\n<p>LCD zaslon s pozadinskim osvjetljenjem i tehnologijom neodbljeskastog stakla. Odli\u010dna svjetlina i niska potro\u0161nja energije. Tipke osjetljive na dodir, mo\u017ee prikazati vi\u0161e od 50 razli\u010ditih prikaza podataka. NMEA2000 kompatibilan, integrira se sa svim sustavima na brodu. Monta\u017ea na ravnu povr\u0161inu ili na zid zahvaljuju\u0107i opcionim nosa\u010dima. U kompletu s NMEA2000 kabelom, setom konektora i za\u0161titom za ekran. Opciona GNX tipkovnica omogu\u0107ava upravljanje zaslonom na daljinu.<\/p>\n","protected":false},"excerpt":{"rendered":"<p>Garmin GNX tipkovnica &#8211; LCD zaslon s pozadinskim osvjetljenjem i tehnologijom neodbljeskastog stakla. Odli\u010dna svjetlina i niska potro\u0161nja energije. Tipke<\/p>\n","protected":false},"featured_media":5948860,"comment_status":"open","ping_status":"closed","template":"","meta":[],"product_brand":[2971],"product_cat":[1744],"product_tag":[],"class_list":{"0":"post-745523","1":"product","2":"type-product","3":"status-publish","4":"has-post-thumbnail","6":"product_brand-garmin-hr","7":"product_cat-brodska-elektronika","9":"first","10":"instock","11":"shipping-taxable","12":"purchasable","13":"product-type-simple"},"_links":{"self":[{"href":"https:\/\/stoic-curie.212-227-153-4.plesk.page\/hr\/wp-json\/wp\/v2\/product\/745523","targetHints":{"allow":["GET"]}}],"collection":[{"href":"https:\/\/stoic-curie.212-227-153-4.plesk.page\/hr\/wp-json\/wp\/v2\/product"}],"about":[{"href":"https:\/\/stoic-curie.212-227-153-4.plesk.page\/hr\/wp-json\/wp\/v2\/types\/product"}],"replies":[{"embeddable":true,"href":"https:\/\/stoic-curie.212-227-153-4.plesk.page\/hr\/wp-json\/wp\/v2\/comments?post=745523"}],"version-history":[{"count":0,"href":"https:\/\/stoic-curie.212-227-153-4.plesk.page\/hr\/wp-json\/wp\/v2\/product\/745523\/revisions"}],"wp:featuredmedia":[{"embeddable":true,"href":"https:\/\/stoic-curie.212-227-153-4.plesk.page\/hr\/wp-json\/wp\/v2\/media\/5948860"}],"wp:attachment":[{"href":"https:\/\/stoic-curie.212-227-153-4.plesk.page\/hr\/wp-json\/wp\/v2\/media?parent=745523"}],"wp:term":[{"taxonomy":"product_brand","embeddable":true,"href":"https:\/\/stoic-curie.212-227-153-4.plesk.page\/hr\/wp-json\/wp\/v2\/product_brand?post=745523"},{"taxonomy":"product_cat","embeddable":true,"href":"https:\/\/stoic-curie.212-227-153-4.plesk.page\/hr\/wp-json\/wp\/v2\/product_cat?post=745523"},{"taxonomy":"product_tag","embeddable":true,"href":"https:\/\/stoic-curie.212-227-153-4.plesk.page\/hr\/wp-json\/wp\/v2\/product_tag?post=745523"}],"curies":[{"name":"wp","href":"https:\/\/api.w.org\/{rel}","templated":true}]}}