{"id":745526,"date":"2025-03-03T20:23:24","date_gmt":"2025-03-03T19:23:24","guid":{"rendered":"https:\/\/stoic-curie.212-227-153-4.plesk.page\/producto\/garmin-striker-vivid-4cv\/"},"modified":"2026-02-25T00:01:25","modified_gmt":"2026-02-25T00:01:25","slug":"garmin-striker-vivid-4cv","status":"publish","type":"product","link":"https:\/\/stoic-curie.212-227-153-4.plesk.page\/hr\/product\/garmin-striker-vivid-4cv\/","title":{"rendered":"Garmin striker vivid 4cv"},"content":{"rendered":"<p>Garmin striker vivid 4cv &#8211; <\/p>\n<p>Garmin Striker Vivid 4CV fishfinder s ugra\u0111enim GPS prijemnikom. Opremljen standardnom, CHIRP i ClearVu tehnologijom. Snaga 300W. Novi svijetli ekran od 4,3&#8243;\/480&#215;272 piksela s \u0161irokim rasponom boja za identifikaciju \u010dak i najmanjih ciljeva. S Quickdraw Contours koji omogu\u0107uje izradu batimetrija u stvarnom vremenu i njihovo dijeljenje online. Uklju\u010den je transduser, rotiraju\u0107a nagibna monta\u017ea, kit za stra\u017enju monta\u017eu i napajanje\/podaci kabel.<\/p>\n","protected":false},"excerpt":{"rendered":"<p>Garmin striker vivid 4cv &#8211; Garmin Striker Vivid 4CV fishfinder s ugra\u0111enim GPS prijemnikom. Opremljen standardnom, CHIRP i ClearVu tehnologijom.<\/p>\n","protected":false},"featured_media":5948867,"comment_status":"open","ping_status":"closed","template":"","meta":[],"product_brand":[2971],"product_cat":[1744],"product_tag":[],"class_list":{"0":"post-745526","1":"product","2":"type-product","3":"status-publish","4":"has-post-thumbnail","6":"product_brand-garmin-hr","7":"product_cat-brodska-elektronika","9":"first","10":"instock","11":"shipping-taxable","12":"purchasable","13":"product-type-simple"},"_links":{"self":[{"href":"https:\/\/stoic-curie.212-227-153-4.plesk.page\/hr\/wp-json\/wp\/v2\/product\/745526","targetHints":{"allow":["GET"]}}],"collection":[{"href":"https:\/\/stoic-curie.212-227-153-4.plesk.page\/hr\/wp-json\/wp\/v2\/product"}],"about":[{"href":"https:\/\/stoic-curie.212-227-153-4.plesk.page\/hr\/wp-json\/wp\/v2\/types\/product"}],"replies":[{"embeddable":true,"href":"https:\/\/stoic-curie.212-227-153-4.plesk.page\/hr\/wp-json\/wp\/v2\/comments?post=745526"}],"version-history":[{"count":0,"href":"https:\/\/stoic-curie.212-227-153-4.plesk.page\/hr\/wp-json\/wp\/v2\/product\/745526\/revisions"}],"wp:featuredmedia":[{"embeddable":true,"href":"https:\/\/stoic-curie.212-227-153-4.plesk.page\/hr\/wp-json\/wp\/v2\/media\/5948867"}],"wp:attachment":[{"href":"https:\/\/stoic-curie.212-227-153-4.plesk.page\/hr\/wp-json\/wp\/v2\/media?parent=745526"}],"wp:term":[{"taxonomy":"product_brand","embeddable":true,"href":"https:\/\/stoic-curie.212-227-153-4.plesk.page\/hr\/wp-json\/wp\/v2\/product_brand?post=745526"},{"taxonomy":"product_cat","embeddable":true,"href":"https:\/\/stoic-curie.212-227-153-4.plesk.page\/hr\/wp-json\/wp\/v2\/product_cat?post=745526"},{"taxonomy":"product_tag","embeddable":true,"href":"https:\/\/stoic-curie.212-227-153-4.plesk.page\/hr\/wp-json\/wp\/v2\/product_tag?post=745526"}],"curies":[{"name":"wp","href":"https:\/\/api.w.org\/{rel}","templated":true}]}}