{"id":745527,"date":"2025-03-03T20:23:25","date_gmt":"2025-03-03T19:23:25","guid":{"rendered":"https:\/\/stoic-curie.212-227-153-4.plesk.page\/producto\/garmin-echomap-uhd2-72cv-bez-sonde\/"},"modified":"2026-02-25T00:01:25","modified_gmt":"2026-02-25T00:01:25","slug":"garmin-echomap-uhd2-72cv-bez-sonde","status":"publish","type":"product","link":"https:\/\/stoic-curie.212-227-153-4.plesk.page\/hr\/product\/garmin-echomap-uhd2-72cv-bez-sonde\/","title":{"rendered":"Garmin echoMAP uhd2 72cv bez sonde"},"content":{"rendered":"<p>Garmin echoMAP uhd2 72cv bez sonde &#8211; <\/p>\n<p>Garmin echoMAP UHD2 72CV karta\u0161ki plotter\/sonar za ribolov sadr\u017ei 7&#8243;\/800&#215;480 piksela dodirni ekran, integriranu tipkovnicu i unutarnji GPS prijemnik. 500W integrirani CHIRP, ClearVu i UHD modul. Kompatibilan sa svim Garmin BlueChart i Garmin Navionics+ kartografijama, sa integriranom be\u017ei\u010dnom povezivo\u0161\u0107u, NMEA0183\/2000 i Fusion-Link. Potpuno se integrira sa svim sustavima na brodu. Opremljen svim Garmin funkcijama, kao \u0161to su Auto Guidance, Active Captain, Sail Assist i Quickdraw Contours. Uklju\u010duje podesivi nosa\u010d i napajanje\/podatkovni kabel. Kompatibilan sa svim tradicionalnim, All-in-One i UHD transduktorima, 4-pinska veza. Za 8-pinske transduktore potrebno je zasebno kupiti adapter kabel. TD = Transduktor<\/p>\n","protected":false},"excerpt":{"rendered":"<p>Garmin echoMAP uhd2 72cv bez sonde &#8211; Garmin echoMAP UHD2 72CV karta\u0161ki plotter\/sonar za ribolov sadr\u017ei 7&#8243;\/800&#215;480 piksela dodirni ekran,<\/p>\n","protected":false},"featured_media":5948869,"comment_status":"open","ping_status":"closed","template":"","meta":[],"product_brand":[2971],"product_cat":[1744],"product_tag":[],"class_list":{"0":"post-745527","1":"product","2":"type-product","3":"status-publish","4":"has-post-thumbnail","6":"product_brand-garmin-hr","7":"product_cat-brodska-elektronika","9":"first","10":"instock","11":"shipping-taxable","12":"purchasable","13":"product-type-simple"},"_links":{"self":[{"href":"https:\/\/stoic-curie.212-227-153-4.plesk.page\/hr\/wp-json\/wp\/v2\/product\/745527","targetHints":{"allow":["GET"]}}],"collection":[{"href":"https:\/\/stoic-curie.212-227-153-4.plesk.page\/hr\/wp-json\/wp\/v2\/product"}],"about":[{"href":"https:\/\/stoic-curie.212-227-153-4.plesk.page\/hr\/wp-json\/wp\/v2\/types\/product"}],"replies":[{"embeddable":true,"href":"https:\/\/stoic-curie.212-227-153-4.plesk.page\/hr\/wp-json\/wp\/v2\/comments?post=745527"}],"version-history":[{"count":0,"href":"https:\/\/stoic-curie.212-227-153-4.plesk.page\/hr\/wp-json\/wp\/v2\/product\/745527\/revisions"}],"wp:featuredmedia":[{"embeddable":true,"href":"https:\/\/stoic-curie.212-227-153-4.plesk.page\/hr\/wp-json\/wp\/v2\/media\/5948869"}],"wp:attachment":[{"href":"https:\/\/stoic-curie.212-227-153-4.plesk.page\/hr\/wp-json\/wp\/v2\/media?parent=745527"}],"wp:term":[{"taxonomy":"product_brand","embeddable":true,"href":"https:\/\/stoic-curie.212-227-153-4.plesk.page\/hr\/wp-json\/wp\/v2\/product_brand?post=745527"},{"taxonomy":"product_cat","embeddable":true,"href":"https:\/\/stoic-curie.212-227-153-4.plesk.page\/hr\/wp-json\/wp\/v2\/product_cat?post=745527"},{"taxonomy":"product_tag","embeddable":true,"href":"https:\/\/stoic-curie.212-227-153-4.plesk.page\/hr\/wp-json\/wp\/v2\/product_tag?post=745527"}],"curies":[{"name":"wp","href":"https:\/\/api.w.org\/{rel}","templated":true}]}}