{"id":745528,"date":"2025-03-03T20:23:25","date_gmt":"2025-03-03T19:23:25","guid":{"rendered":"https:\/\/stoic-curie.212-227-153-4.plesk.page\/producto\/garmin-echomap-uhd2-72cv-sa-sondom\/"},"modified":"2026-02-25T00:01:25","modified_gmt":"2026-02-25T00:01:25","slug":"garmin-echomap-uhd2-72cv-sa-sondom","status":"publish","type":"product","link":"https:\/\/stoic-curie.212-227-153-4.plesk.page\/hr\/product\/garmin-echomap-uhd2-72cv-sa-sondom\/","title":{"rendered":"Garmin echoMAP uhd2 72cv sa sondom"},"content":{"rendered":"<p>Garmin echoMAP uhd2 72cv sa sondom &#8211; <\/p>\n<p>Predstavljamo Garmin echoMAP UHD2 72CV, sofisticirani \u010dartplotter i fishfinder s 7-in\u010dnim touchscreen zaslonom razlu\u010divosti 800&#215;480 piksela. Ovaj ure\u0111aj uklju\u010duje integriranu tipkovnicu i GPS prijemnik, uz sna\u017eni 500W CHIRP sonar, ClearV\u00fc i UHD modul. Kompatibilan je sa svim Garmin BlueChart i Garmin Navionics+ kartografijama, te nudi integriranu be\u017ei\u010dnu povezanost, kao i NMEA0183\/2000 i Fusion-Link kompatibilnost. echoMAP UHD2 besprijekorno se integri\u0161e sa svim sustavima na brodu.<\/p>\n<p>Ovaj najnoviji model iz Garmina je kompaktan, ali sna\u017ean, dostupan s 5-in\u010dnim ili 7-in\u010dnim zaslonom. Sa 500 vata skeniranja, idealan je za ribolovce i zaljubljenike u ribolov koji \u017eele istra\u017eivati vode ispred sebe i ispod povr\u0161ine. Serija echoMAP UHD2 zadr\u017eava elegantan dizajn prethodnih modela, dok pru\u017ea moderni korisni\u010dki su\u010delje, intuitivnu upravlja\u010dku tipku i pobolj\u0161anu grafiku. Svijetli zaslon ostaje lako \u010ditljiv, \u010dak i pod izravnom sun\u010devom svjetlo\u0161\u0107u.<\/p>\n<p>echoMAP UHD2 oprema ribolovce svime \u0161to im je potrebno za uspje\u0161an ribolovni izlet, uklju\u010duju\u0107i o\u0161tre prikaze sonara u realnom vremenu, brzo ponavljanje karata i podr\u0161ku za Garmin Navionics+ kartografiju. Pogodan je za sve unutarnje i obalne vode.<\/p>\n<p><strong>Jednostavno upravljanje:<\/strong> Ure\u0111aj ima svijetli 7-in\u010dni zaslon s tipkama za jednostavnu kontrolu. Ozna\u010davanje va\u017enih to\u010daka i prebacivanje izme\u0111u razli\u010ditih prikaza karata tijekom ribolova nikad nije bilo lak\u0161e.<\/p>\n<p><strong>Jasna slika:<\/strong> Tradicionalne CHIRP i ClearV\u00fc sonar slike su iznimno jasne, osiguravaju\u0107i da nijedna riba ne mo\u017ee da se sakrije. Sonarni signali visoke kontrastnosti u svijetlim bojama olak\u0161avaju razdvajanje riba i podvodnih struktura.<\/p>\n<p><strong>Povezana iskustva:<\/strong> echoMAP UHD2 je mre\u017eno kompatibilan s integriranim Wi-Fi-jem, omogu\u0107uju\u0107i vam dijeljenje sonarskih podataka, to\u010daka ili ruta izme\u0111u dva echoMAP ure\u0111aja. Korisnici se tako\u0111er mogu povezati s besplatnom ActiveCaptain aplikacijom, koja pru\u017ea pristup dodatnim funkcijama kao \u0161to su OneChart\u2122, pametne obavijesti, a\u017euriranja softvera i Garmin Quickdraw zajednica.<\/p>\n<p><strong>Ostanite na kursu:<\/strong> Uz Garmin Navionics+ i Garmin Navionics Vision+ nauti\u010dke karte, uvijek \u0107ete ostati na kursu dok stje\u010dete vrijedne informacije o vodama kojima navigirate. Ure\u0111aj uklju\u010duje Auto Guidance+ tehnologiju i mo\u017ee pratiti do 5,000 to\u010daka. Preinstalirani Quickdraw Contours softver za karte je izvanredna zna\u010dajka koja stvara ribolovne karte u realnom vremenu dok je brod u pokretu i prikazuje ve\u0107 istra\u017eena podru\u010dja direktno na \u010dartplotteru. Mo\u017eete podijeliti svoje karte s ActiveCaptain zajednicom i razmjenjivati to\u010dke interesa, ako to \u017eelite.<\/p>\n<p><strong>Tehni\u010dki podaci:<\/strong><\/p>\n<ul>\n<li><strong>Veli\u010dina zaslona:<\/strong> 7&#8243; (155 x 87 mm)<\/li>\n<li><strong>Tip zaslona:<\/strong> WVGA, TN<\/li>\n<li><strong>Razlu\u010divost:<\/strong> 800 x 480 px<\/li>\n<li><strong>Napajanje:<\/strong> 9-18 V DC<\/li>\n<li><strong>Potro\u0161nja energije:<\/strong> 1 A (tipi\u010dno), 1.5 A (maksimalno)<\/li>\n<li><strong>Potro\u0161nja energije:<\/strong> 18 W<\/li>\n<li><strong>Izlaz snage sonara:<\/strong> 500 W<\/li>\n<li><strong>Frekvencije sonara:<\/strong> CHIRP: 70\/83\/200 kHz; ClearV\u00fc: 260\/455\/800 kHz<\/li>\n<li><strong>Port za transducer:<\/strong> 4 pina<\/li>\n<li><strong>GPS:<\/strong> Da, integrirano<\/li>\n<li><strong>Podr\u0161ka za morske karte:<\/strong> Da<\/li>\n<li><strong>Karate:<\/strong> BlueChart g3, BlueChart g3 Vision, Garmin Navionics+, Garmin Navionics Vision+<\/li>\n<li><strong>Slot za karticu:<\/strong> 1x microSD<\/li>\n<li><strong>Vodootporna ocjena:<\/strong> IPX7<\/li>\n<li><strong>Dimenzije:<\/strong> 232 x 143 x 67 mm<\/li>\n<li><strong>Te\u017eina:<\/strong> 0.7 kg<\/li>\n<\/ul>\n<p><strong>Sadr\u017eaj isporuke:<\/strong><\/p>\n<ul>\n<li>ECHOMAP UHD2 72cv<\/li>\n<li>GT20-TM transducer<\/li>\n<li>Kabl za napajanje\/podatke<\/li>\n<li>Konzola za nagib\/okretanje<\/li>\n<li>Ulo\u017eak za ugradnju i pribor<\/li>\n<li>Dokumentacija<\/li>\n<\/ul>\n<p>echoMAP UHD2 je dizajniran kako bi pobolj\u0161ao va\u0161e ribolovno iskustvo, pru\u017eaju\u0107i vam bitne alate za uspjeh na vodi.<\/p>\n","protected":false},"excerpt":{"rendered":"<p>Garmin echoMAP uhd2 72cv sa sondom &#8211; Predstavljamo Garmin echoMAP UHD2 72CV, sofisticirani \u010dartplotter i fishfinder s 7-in\u010dnim touchscreen zaslonom<\/p>\n","protected":false},"featured_media":5948869,"comment_status":"open","ping_status":"closed","template":"","meta":[],"product_brand":[2971],"product_cat":[1744],"product_tag":[],"class_list":{"0":"post-745528","1":"product","2":"type-product","3":"status-publish","4":"has-post-thumbnail","6":"product_brand-garmin-hr","7":"product_cat-brodska-elektronika","9":"first","10":"instock","11":"shipping-taxable","12":"purchasable","13":"product-type-simple"},"_links":{"self":[{"href":"https:\/\/stoic-curie.212-227-153-4.plesk.page\/hr\/wp-json\/wp\/v2\/product\/745528","targetHints":{"allow":["GET"]}}],"collection":[{"href":"https:\/\/stoic-curie.212-227-153-4.plesk.page\/hr\/wp-json\/wp\/v2\/product"}],"about":[{"href":"https:\/\/stoic-curie.212-227-153-4.plesk.page\/hr\/wp-json\/wp\/v2\/types\/product"}],"replies":[{"embeddable":true,"href":"https:\/\/stoic-curie.212-227-153-4.plesk.page\/hr\/wp-json\/wp\/v2\/comments?post=745528"}],"version-history":[{"count":0,"href":"https:\/\/stoic-curie.212-227-153-4.plesk.page\/hr\/wp-json\/wp\/v2\/product\/745528\/revisions"}],"wp:featuredmedia":[{"embeddable":true,"href":"https:\/\/stoic-curie.212-227-153-4.plesk.page\/hr\/wp-json\/wp\/v2\/media\/5948869"}],"wp:attachment":[{"href":"https:\/\/stoic-curie.212-227-153-4.plesk.page\/hr\/wp-json\/wp\/v2\/media?parent=745528"}],"wp:term":[{"taxonomy":"product_brand","embeddable":true,"href":"https:\/\/stoic-curie.212-227-153-4.plesk.page\/hr\/wp-json\/wp\/v2\/product_brand?post=745528"},{"taxonomy":"product_cat","embeddable":true,"href":"https:\/\/stoic-curie.212-227-153-4.plesk.page\/hr\/wp-json\/wp\/v2\/product_cat?post=745528"},{"taxonomy":"product_tag","embeddable":true,"href":"https:\/\/stoic-curie.212-227-153-4.plesk.page\/hr\/wp-json\/wp\/v2\/product_tag?post=745528"}],"curies":[{"name":"wp","href":"https:\/\/api.w.org\/{rel}","templated":true}]}}