{"id":745529,"date":"2025-03-03T20:23:26","date_gmt":"2025-03-03T19:23:26","guid":{"rendered":"https:\/\/stoic-curie.212-227-153-4.plesk.page\/producto\/garmin-215i\/"},"modified":"2026-02-25T00:01:25","modified_gmt":"2026-02-25T00:01:25","slug":"garmin-215i","status":"publish","type":"product","link":"https:\/\/stoic-curie.212-227-153-4.plesk.page\/hr\/product\/garmin-215i\/","title":{"rendered":"Garmin 215i"},"content":{"rendered":"<p>Garmin 215i &#8211; <\/p>\n<p>IPX7 vodootporni i kompaktni DSC razreda D Garmin VHF s integriranim GPS prijemnikom. Savr\u0161eno integriran s drugim ure\u0111ajima zahvaljuju\u0107i NMEA2000 povezivosti. Omogu\u0107uje povezivanje druge stanice putem GHS11i ru\u010dne slu\u0161alice. Model 215i AIS opremljen je integriranim AIS-om (Automatski identifikacijski sustav) koji omogu\u0107uje pra\u0107enje ciljeva klase A i B na ploteru karata. S megafonskom funkcijom, napajanjem od 12V, snaga prijenosa 25W. Uklju\u010duje naponski kabel, nosa\u010d, za\u0161titnu navlaku, ugradbeni komplet i nosa\u010d mikrofona. Dimenzije: 197 x 149 x H98 mm<\/p>\n","protected":false},"excerpt":{"rendered":"<p>Garmin 215i &#8211; IPX7 vodootporni i kompaktni DSC razreda D Garmin VHF s integriranim GPS prijemnikom. Savr\u0161eno integriran s drugim<\/p>\n","protected":false},"featured_media":5948062,"comment_status":"open","ping_status":"closed","template":"","meta":[],"product_brand":[2971],"product_cat":[1744],"product_tag":[],"class_list":{"0":"post-745529","1":"product","2":"type-product","3":"status-publish","4":"has-post-thumbnail","6":"product_brand-garmin-hr","7":"product_cat-brodska-elektronika","9":"first","10":"outofstock","11":"shipping-taxable","12":"purchasable","13":"product-type-simple"},"_links":{"self":[{"href":"https:\/\/stoic-curie.212-227-153-4.plesk.page\/hr\/wp-json\/wp\/v2\/product\/745529","targetHints":{"allow":["GET"]}}],"collection":[{"href":"https:\/\/stoic-curie.212-227-153-4.plesk.page\/hr\/wp-json\/wp\/v2\/product"}],"about":[{"href":"https:\/\/stoic-curie.212-227-153-4.plesk.page\/hr\/wp-json\/wp\/v2\/types\/product"}],"replies":[{"embeddable":true,"href":"https:\/\/stoic-curie.212-227-153-4.plesk.page\/hr\/wp-json\/wp\/v2\/comments?post=745529"}],"version-history":[{"count":0,"href":"https:\/\/stoic-curie.212-227-153-4.plesk.page\/hr\/wp-json\/wp\/v2\/product\/745529\/revisions"}],"wp:featuredmedia":[{"embeddable":true,"href":"https:\/\/stoic-curie.212-227-153-4.plesk.page\/hr\/wp-json\/wp\/v2\/media\/5948062"}],"wp:attachment":[{"href":"https:\/\/stoic-curie.212-227-153-4.plesk.page\/hr\/wp-json\/wp\/v2\/media?parent=745529"}],"wp:term":[{"taxonomy":"product_brand","embeddable":true,"href":"https:\/\/stoic-curie.212-227-153-4.plesk.page\/hr\/wp-json\/wp\/v2\/product_brand?post=745529"},{"taxonomy":"product_cat","embeddable":true,"href":"https:\/\/stoic-curie.212-227-153-4.plesk.page\/hr\/wp-json\/wp\/v2\/product_cat?post=745529"},{"taxonomy":"product_tag","embeddable":true,"href":"https:\/\/stoic-curie.212-227-153-4.plesk.page\/hr\/wp-json\/wp\/v2\/product_tag?post=745529"}],"curies":[{"name":"wp","href":"https:\/\/api.w.org\/{rel}","templated":true}]}}