{"id":745532,"date":"2025-03-03T20:23:27","date_gmt":"2025-03-03T19:23:27","guid":{"rendered":"https:\/\/stoic-curie.212-227-153-4.plesk.page\/producto\/skije-na-vodi-jobe-allegre-blue-170\/"},"modified":"2026-02-25T00:01:25","modified_gmt":"2026-02-25T00:01:25","slug":"skije-na-vodi-jobe-allegre-blue-170","status":"publish","type":"product","link":"https:\/\/stoic-curie.212-227-153-4.plesk.page\/hr\/product\/skije-na-vodi-jobe-allegre-blue-170\/","title":{"rendered":"Skije na vodi Jobe Allegre Blue 170"},"content":{"rendered":"<p>Skije na vodi Jobe Allegre Blue 170 &#8211; <\/p>\n<p>Jobe vodenjaci su izra\u0111eni s najboljom kombinacijom performansi i upravljivosti. Konstrukcija od injektiranih staklenih vlakana s dodatnim metalnim \u0161ipkama pru\u017ea ve\u0107u krutost i sjajnu za\u0161titu na povr\u0161ini. U kompletu dolaze oja\u010dane vezice koje se mogu prilagoditi veli\u010dinama od 36 do 47, te visoko vidljiva peraja. Paket skija tako\u0111er sadr\u017ei torbu za no\u0161enje skija, 18 m dugu vu\u010dnu u\u017ee, univerzalni prsluk za plovnost i signalnu zastavu za vodene sportove.<\/p>\n","protected":false},"excerpt":{"rendered":"<p>Skije na vodi Jobe Allegre Blue 170 &#8211; Jobe vodenjaci su izra\u0111eni s najboljom kombinacijom performansi i upravljivosti. Konstrukcija od<\/p>\n","protected":false},"featured_media":5948877,"comment_status":"open","ping_status":"closed","template":"","meta":[],"product_brand":[3041],"product_cat":[1846],"product_tag":[],"class_list":{"0":"post-745532","1":"product","2":"type-product","3":"status-publish","4":"has-post-thumbnail","6":"product_brand-jobe-sports-hr","7":"product_cat-oprema-za-skijanje-na-vodi","9":"first","10":"instock","11":"shipping-taxable","12":"purchasable","13":"product-type-simple"},"_links":{"self":[{"href":"https:\/\/stoic-curie.212-227-153-4.plesk.page\/hr\/wp-json\/wp\/v2\/product\/745532","targetHints":{"allow":["GET"]}}],"collection":[{"href":"https:\/\/stoic-curie.212-227-153-4.plesk.page\/hr\/wp-json\/wp\/v2\/product"}],"about":[{"href":"https:\/\/stoic-curie.212-227-153-4.plesk.page\/hr\/wp-json\/wp\/v2\/types\/product"}],"replies":[{"embeddable":true,"href":"https:\/\/stoic-curie.212-227-153-4.plesk.page\/hr\/wp-json\/wp\/v2\/comments?post=745532"}],"version-history":[{"count":0,"href":"https:\/\/stoic-curie.212-227-153-4.plesk.page\/hr\/wp-json\/wp\/v2\/product\/745532\/revisions"}],"wp:featuredmedia":[{"embeddable":true,"href":"https:\/\/stoic-curie.212-227-153-4.plesk.page\/hr\/wp-json\/wp\/v2\/media\/5948877"}],"wp:attachment":[{"href":"https:\/\/stoic-curie.212-227-153-4.plesk.page\/hr\/wp-json\/wp\/v2\/media?parent=745532"}],"wp:term":[{"taxonomy":"product_brand","embeddable":true,"href":"https:\/\/stoic-curie.212-227-153-4.plesk.page\/hr\/wp-json\/wp\/v2\/product_brand?post=745532"},{"taxonomy":"product_cat","embeddable":true,"href":"https:\/\/stoic-curie.212-227-153-4.plesk.page\/hr\/wp-json\/wp\/v2\/product_cat?post=745532"},{"taxonomy":"product_tag","embeddable":true,"href":"https:\/\/stoic-curie.212-227-153-4.plesk.page\/hr\/wp-json\/wp\/v2\/product_tag?post=745532"}],"curies":[{"name":"wp","href":"https:\/\/api.w.org\/{rel}","templated":true}]}}