{"id":745533,"date":"2025-03-03T20:23:27","date_gmt":"2025-03-03T19:23:27","guid":{"rendered":"https:\/\/stoic-curie.212-227-153-4.plesk.page\/producto\/skije-na-vodi-jobe-allegre-red-170\/"},"modified":"2026-02-25T00:01:25","modified_gmt":"2026-02-25T00:01:25","slug":"skije-na-vodi-jobe-allegre-red-170","status":"publish","type":"product","link":"https:\/\/stoic-curie.212-227-153-4.plesk.page\/hr\/product\/skije-na-vodi-jobe-allegre-red-170\/","title":{"rendered":"Skije na vodi Jobe Allegre Red 170"},"content":{"rendered":"<p>Skije na vodi Jobe Allegre Red 170 &#8211; <\/p>\n<p>Jobe vodenjaci su dizajnirani s najboljom kombinacijom performansi i manevarljivosti. Konstrukcija od fiberglasa s dodatnim metalnim \u0161ipkama za ve\u0107u krutost i sjajnom za\u0161titnom zavr\u0161nom obradom. Uklju\u010duje oja\u010dane vezove prilago\u0111ene od veli\u010dine 36 do 47 i peraja visoke vidljivosti. Paket skija tako\u0111er sadr\u017ei torbu za pohranu skija, vu\u010dnu u\u017ee du\u017eine 18 m, univerzalni prsluk za plovnost i zastavu za signalizaciju za vodene sportove.<\/p>\n","protected":false},"excerpt":{"rendered":"<p>Skije na vodi Jobe Allegre Red 170 &#8211; Jobe vodenjaci su dizajnirani s najboljom kombinacijom performansi i manevarljivosti. Konstrukcija od<\/p>\n","protected":false},"featured_media":5948879,"comment_status":"open","ping_status":"closed","template":"","meta":[],"product_brand":[3041],"product_cat":[1846],"product_tag":[],"class_list":{"0":"post-745533","1":"product","2":"type-product","3":"status-publish","4":"has-post-thumbnail","6":"product_brand-jobe-sports-hr","7":"product_cat-oprema-za-skijanje-na-vodi","9":"first","10":"instock","11":"shipping-taxable","12":"purchasable","13":"product-type-simple"},"_links":{"self":[{"href":"https:\/\/stoic-curie.212-227-153-4.plesk.page\/hr\/wp-json\/wp\/v2\/product\/745533","targetHints":{"allow":["GET"]}}],"collection":[{"href":"https:\/\/stoic-curie.212-227-153-4.plesk.page\/hr\/wp-json\/wp\/v2\/product"}],"about":[{"href":"https:\/\/stoic-curie.212-227-153-4.plesk.page\/hr\/wp-json\/wp\/v2\/types\/product"}],"replies":[{"embeddable":true,"href":"https:\/\/stoic-curie.212-227-153-4.plesk.page\/hr\/wp-json\/wp\/v2\/comments?post=745533"}],"version-history":[{"count":0,"href":"https:\/\/stoic-curie.212-227-153-4.plesk.page\/hr\/wp-json\/wp\/v2\/product\/745533\/revisions"}],"wp:featuredmedia":[{"embeddable":true,"href":"https:\/\/stoic-curie.212-227-153-4.plesk.page\/hr\/wp-json\/wp\/v2\/media\/5948879"}],"wp:attachment":[{"href":"https:\/\/stoic-curie.212-227-153-4.plesk.page\/hr\/wp-json\/wp\/v2\/media?parent=745533"}],"wp:term":[{"taxonomy":"product_brand","embeddable":true,"href":"https:\/\/stoic-curie.212-227-153-4.plesk.page\/hr\/wp-json\/wp\/v2\/product_brand?post=745533"},{"taxonomy":"product_cat","embeddable":true,"href":"https:\/\/stoic-curie.212-227-153-4.plesk.page\/hr\/wp-json\/wp\/v2\/product_cat?post=745533"},{"taxonomy":"product_tag","embeddable":true,"href":"https:\/\/stoic-curie.212-227-153-4.plesk.page\/hr\/wp-json\/wp\/v2\/product_tag?post=745533"}],"curies":[{"name":"wp","href":"https:\/\/api.w.org\/{rel}","templated":true}]}}