{"id":745535,"date":"2025-03-03T20:23:28","date_gmt":"2025-03-03T19:23:28","guid":{"rendered":"https:\/\/stoic-curie.212-227-153-4.plesk.page\/producto\/jobe-drzac-za-sup-ili-surf\/"},"modified":"2026-02-25T00:01:25","modified_gmt":"2026-02-25T00:01:25","slug":"jobe-drzac-za-sup-ili-surf","status":"publish","type":"product","link":"https:\/\/stoic-curie.212-227-153-4.plesk.page\/hr\/product\/jobe-drzac-za-sup-ili-surf\/","title":{"rendered":"Jobe dr\u017ea\u010d za SUP ili Surf"},"content":{"rendered":"<p>Jobe dr\u017ea\u010d za SUP ili Surf &#8211; <\/p>\n<p>Jobe aluminijski SUP nosa\u010d za \u010damce s jakim trakama za zatezanje kako bi se dr\u0161ka dr\u017eala na mestu, meke EVA pjene \u0161tite bo\u010dne strane i podesive stezaljke koje se prilago\u0111avaju bilo kojoj visini i debljini ograde. Pogodno za svaki \u010damac sa ravnim ogradama na stranama palube sa \u0161inama \u00d8 7\/8&#8243;, 1&#8243; i 1-1\/4&#8243;.<\/p>\n","protected":false},"excerpt":{"rendered":"<p>Jobe dr\u017ea\u010d za SUP ili Surf &#8211; Jobe aluminijski SUP nosa\u010d za \u010damce s jakim trakama za zatezanje kako bi<\/p>\n","protected":false},"featured_media":5948882,"comment_status":"open","ping_status":"closed","template":"","meta":[],"product_brand":[3041],"product_cat":[1845],"product_tag":[],"class_list":{"0":"post-745535","1":"product","2":"type-product","3":"status-publish","4":"has-post-thumbnail","6":"product_brand-jobe-sports-hr","7":"product_cat-sup-daske","9":"first","10":"instock","11":"shipping-taxable","12":"purchasable","13":"product-type-simple"},"_links":{"self":[{"href":"https:\/\/stoic-curie.212-227-153-4.plesk.page\/hr\/wp-json\/wp\/v2\/product\/745535","targetHints":{"allow":["GET"]}}],"collection":[{"href":"https:\/\/stoic-curie.212-227-153-4.plesk.page\/hr\/wp-json\/wp\/v2\/product"}],"about":[{"href":"https:\/\/stoic-curie.212-227-153-4.plesk.page\/hr\/wp-json\/wp\/v2\/types\/product"}],"replies":[{"embeddable":true,"href":"https:\/\/stoic-curie.212-227-153-4.plesk.page\/hr\/wp-json\/wp\/v2\/comments?post=745535"}],"version-history":[{"count":0,"href":"https:\/\/stoic-curie.212-227-153-4.plesk.page\/hr\/wp-json\/wp\/v2\/product\/745535\/revisions"}],"wp:featuredmedia":[{"embeddable":true,"href":"https:\/\/stoic-curie.212-227-153-4.plesk.page\/hr\/wp-json\/wp\/v2\/media\/5948882"}],"wp:attachment":[{"href":"https:\/\/stoic-curie.212-227-153-4.plesk.page\/hr\/wp-json\/wp\/v2\/media?parent=745535"}],"wp:term":[{"taxonomy":"product_brand","embeddable":true,"href":"https:\/\/stoic-curie.212-227-153-4.plesk.page\/hr\/wp-json\/wp\/v2\/product_brand?post=745535"},{"taxonomy":"product_cat","embeddable":true,"href":"https:\/\/stoic-curie.212-227-153-4.plesk.page\/hr\/wp-json\/wp\/v2\/product_cat?post=745535"},{"taxonomy":"product_tag","embeddable":true,"href":"https:\/\/stoic-curie.212-227-153-4.plesk.page\/hr\/wp-json\/wp\/v2\/product_tag?post=745535"}],"curies":[{"name":"wp","href":"https:\/\/api.w.org\/{rel}","templated":true}]}}