{"id":745536,"date":"2025-03-03T20:23:28","date_gmt":"2025-03-03T19:23:28","guid":{"rendered":"https:\/\/stoic-curie.212-227-153-4.plesk.page\/producto\/sup-sjedalo-na-napuhavanje-jobe\/"},"modified":"2026-02-25T00:01:25","modified_gmt":"2026-02-25T00:01:25","slug":"sup-sjedalo-na-napuhavanje-jobe","status":"publish","type":"product","link":"https:\/\/stoic-curie.212-227-153-4.plesk.page\/hr\/product\/sup-sjedalo-na-napuhavanje-jobe\/","title":{"rendered":"Sup sjedalo na napuhavanje jobe"},"content":{"rendered":"<p>Sup sjedalo na napuhavanje jobe &#8211; <\/p>\n<p>Jobe napuhavaju\u0107a sjedala za SUP s podesivim trakama i protukliznom povr\u0161inom. Korisno za odr\u017eavanje udobnosti i ispravnog dr\u017eanja dok sjedite ili kle\u010dite prilikom veslanja.<\/p>\n","protected":false},"excerpt":{"rendered":"<p>Sup sjedalo na napuhavanje jobe &#8211; Jobe napuhavaju\u0107a sjedala za SUP s podesivim trakama i protukliznom povr\u0161inom. Korisno za odr\u017eavanje<\/p>\n","protected":false},"featured_media":5948884,"comment_status":"open","ping_status":"closed","template":"","meta":[],"product_brand":[3041],"product_cat":[1845],"product_tag":[],"class_list":{"0":"post-745536","1":"product","2":"type-product","3":"status-publish","4":"has-post-thumbnail","6":"product_brand-jobe-sports-hr","7":"product_cat-sup-daske","9":"first","10":"instock","11":"shipping-taxable","12":"purchasable","13":"product-type-simple"},"_links":{"self":[{"href":"https:\/\/stoic-curie.212-227-153-4.plesk.page\/hr\/wp-json\/wp\/v2\/product\/745536","targetHints":{"allow":["GET"]}}],"collection":[{"href":"https:\/\/stoic-curie.212-227-153-4.plesk.page\/hr\/wp-json\/wp\/v2\/product"}],"about":[{"href":"https:\/\/stoic-curie.212-227-153-4.plesk.page\/hr\/wp-json\/wp\/v2\/types\/product"}],"replies":[{"embeddable":true,"href":"https:\/\/stoic-curie.212-227-153-4.plesk.page\/hr\/wp-json\/wp\/v2\/comments?post=745536"}],"version-history":[{"count":0,"href":"https:\/\/stoic-curie.212-227-153-4.plesk.page\/hr\/wp-json\/wp\/v2\/product\/745536\/revisions"}],"wp:featuredmedia":[{"embeddable":true,"href":"https:\/\/stoic-curie.212-227-153-4.plesk.page\/hr\/wp-json\/wp\/v2\/media\/5948884"}],"wp:attachment":[{"href":"https:\/\/stoic-curie.212-227-153-4.plesk.page\/hr\/wp-json\/wp\/v2\/media?parent=745536"}],"wp:term":[{"taxonomy":"product_brand","embeddable":true,"href":"https:\/\/stoic-curie.212-227-153-4.plesk.page\/hr\/wp-json\/wp\/v2\/product_brand?post=745536"},{"taxonomy":"product_cat","embeddable":true,"href":"https:\/\/stoic-curie.212-227-153-4.plesk.page\/hr\/wp-json\/wp\/v2\/product_cat?post=745536"},{"taxonomy":"product_tag","embeddable":true,"href":"https:\/\/stoic-curie.212-227-153-4.plesk.page\/hr\/wp-json\/wp\/v2\/product_tag?post=745536"}],"curies":[{"name":"wp","href":"https:\/\/api.w.org\/{rel}","templated":true}]}}