{"id":745537,"date":"2025-03-03T20:23:28","date_gmt":"2025-03-03T19:23:28","guid":{"rendered":"https:\/\/stoic-curie.212-227-153-4.plesk.page\/producto\/cizme-za-jedrenje-helly-hansen-nordvik-plava-velicina-42\/"},"modified":"2026-02-25T00:01:25","modified_gmt":"2026-02-25T00:01:25","slug":"cizme-za-jedrenje-helly-hansen-nordvik-plava-velicina-42","status":"publish","type":"product","link":"https:\/\/stoic-curie.212-227-153-4.plesk.page\/hr\/product\/cizme-za-jedrenje-helly-hansen-nordvik-plava-velicina-42\/","title":{"rendered":"\u010cizme za jedrenje Helly Hansen Nordvik Plava velicina 42"},"content":{"rendered":"<p>\u010cizme za jedrenje Helly Hansen Nordvik Plava velicina 42 &#8211; <\/p>\n<p>Lagana, niskotna HH Nordvik \u010dizma, idealna za pomorske aktivnosti. Kombinira stil i udobnost na jednostavan na\u010din. Ravni potplat s utorima jam\u010di izvanredno prianjanje.<\/p>\n","protected":false},"excerpt":{"rendered":"<p>\u010cizme za jedrenje Helly Hansen Nordvik Plava velicina 42 &#8211; Lagana, niskotna HH Nordvik \u010dizma, idealna za pomorske aktivnosti. Kombinira<\/p>\n","protected":false},"featured_media":5945652,"comment_status":"open","ping_status":"closed","template":"","meta":[],"product_brand":[3001],"product_cat":[1859],"product_tag":[],"class_list":{"0":"post-745537","1":"product","2":"type-product","3":"status-publish","4":"has-post-thumbnail","6":"product_brand-helly-hansen-hr","7":"product_cat-jedrilicarske-cizme","9":"first","10":"instock","11":"shipping-taxable","12":"purchasable","13":"product-type-simple"},"_links":{"self":[{"href":"https:\/\/stoic-curie.212-227-153-4.plesk.page\/hr\/wp-json\/wp\/v2\/product\/745537","targetHints":{"allow":["GET"]}}],"collection":[{"href":"https:\/\/stoic-curie.212-227-153-4.plesk.page\/hr\/wp-json\/wp\/v2\/product"}],"about":[{"href":"https:\/\/stoic-curie.212-227-153-4.plesk.page\/hr\/wp-json\/wp\/v2\/types\/product"}],"replies":[{"embeddable":true,"href":"https:\/\/stoic-curie.212-227-153-4.plesk.page\/hr\/wp-json\/wp\/v2\/comments?post=745537"}],"version-history":[{"count":0,"href":"https:\/\/stoic-curie.212-227-153-4.plesk.page\/hr\/wp-json\/wp\/v2\/product\/745537\/revisions"}],"wp:featuredmedia":[{"embeddable":true,"href":"https:\/\/stoic-curie.212-227-153-4.plesk.page\/hr\/wp-json\/wp\/v2\/media\/5945652"}],"wp:attachment":[{"href":"https:\/\/stoic-curie.212-227-153-4.plesk.page\/hr\/wp-json\/wp\/v2\/media?parent=745537"}],"wp:term":[{"taxonomy":"product_brand","embeddable":true,"href":"https:\/\/stoic-curie.212-227-153-4.plesk.page\/hr\/wp-json\/wp\/v2\/product_brand?post=745537"},{"taxonomy":"product_cat","embeddable":true,"href":"https:\/\/stoic-curie.212-227-153-4.plesk.page\/hr\/wp-json\/wp\/v2\/product_cat?post=745537"},{"taxonomy":"product_tag","embeddable":true,"href":"https:\/\/stoic-curie.212-227-153-4.plesk.page\/hr\/wp-json\/wp\/v2\/product_tag?post=745537"}],"curies":[{"name":"wp","href":"https:\/\/api.w.org\/{rel}","templated":true}]}}