{"id":745545,"date":"2025-03-03T20:23:31","date_gmt":"2025-03-03T19:23:31","guid":{"rendered":"https:\/\/stoic-curie.212-227-153-4.plesk.page\/producto\/ultraflex-x64\/"},"modified":"2026-02-25T00:01:25","modified_gmt":"2026-02-25T00:01:25","slug":"ultraflex-x64","status":"publish","type":"product","link":"https:\/\/stoic-curie.212-227-153-4.plesk.page\/hr\/product\/ultraflex-x64\/","title":{"rendered":"Ultraflex X64"},"content":{"rendered":"<p>Ultraflex X64 &#8211; <\/p>\n<p>Rezervni dijelovi i pribor za Nautech sustave upravljanja. Rezervni dijelovi: cilindri i pumpe. Pribor: X64 flange za pumpanje, X72 sustav pode\u0161avanja kuta volana, spoj A94 za dva vanjska motora. Sustav pode\u0161avanja polo\u017eaja volana X72 (Kod MTM 4655530) za Nautech pumpe i SilverSteer pumpe omogu\u0107ava 5 razli\u010ditih voza\u010dkih polo\u017eaja s ukupnim kutom od 60\u00b0. Spoj A96 za dva vanjska motora koristi se s jednim cilindrom UC128-OBF i 2 motora s razmakom kota\u010da od 66-73 cm (4655055) ili 73-87 cm (4655057).<\/p>\n","protected":false},"excerpt":{"rendered":"<p>Ultraflex X64 &#8211; Rezervni dijelovi i pribor za Nautech sustave upravljanja. Rezervni dijelovi: cilindri i pumpe. Pribor: X64 flange za<\/p>\n","protected":false},"featured_media":5948898,"comment_status":"open","ping_status":"closed","template":"","meta":[],"product_brand":[3501],"product_cat":[1823],"product_tag":[],"class_list":{"0":"post-745545","1":"product","2":"type-product","3":"status-publish","4":"has-post-thumbnail","6":"product_brand-ultraflex-uflex-hr","7":"product_cat-hidraulicno-kormilarenje","9":"first","10":"instock","11":"shipping-taxable","12":"purchasable","13":"product-type-simple"},"_links":{"self":[{"href":"https:\/\/stoic-curie.212-227-153-4.plesk.page\/hr\/wp-json\/wp\/v2\/product\/745545","targetHints":{"allow":["GET"]}}],"collection":[{"href":"https:\/\/stoic-curie.212-227-153-4.plesk.page\/hr\/wp-json\/wp\/v2\/product"}],"about":[{"href":"https:\/\/stoic-curie.212-227-153-4.plesk.page\/hr\/wp-json\/wp\/v2\/types\/product"}],"replies":[{"embeddable":true,"href":"https:\/\/stoic-curie.212-227-153-4.plesk.page\/hr\/wp-json\/wp\/v2\/comments?post=745545"}],"version-history":[{"count":0,"href":"https:\/\/stoic-curie.212-227-153-4.plesk.page\/hr\/wp-json\/wp\/v2\/product\/745545\/revisions"}],"wp:featuredmedia":[{"embeddable":true,"href":"https:\/\/stoic-curie.212-227-153-4.plesk.page\/hr\/wp-json\/wp\/v2\/media\/5948898"}],"wp:attachment":[{"href":"https:\/\/stoic-curie.212-227-153-4.plesk.page\/hr\/wp-json\/wp\/v2\/media?parent=745545"}],"wp:term":[{"taxonomy":"product_brand","embeddable":true,"href":"https:\/\/stoic-curie.212-227-153-4.plesk.page\/hr\/wp-json\/wp\/v2\/product_brand?post=745545"},{"taxonomy":"product_cat","embeddable":true,"href":"https:\/\/stoic-curie.212-227-153-4.plesk.page\/hr\/wp-json\/wp\/v2\/product_cat?post=745545"},{"taxonomy":"product_tag","embeddable":true,"href":"https:\/\/stoic-curie.212-227-153-4.plesk.page\/hr\/wp-json\/wp\/v2\/product_tag?post=745545"}],"curies":[{"name":"wp","href":"https:\/\/api.w.org\/{rel}","templated":true}]}}