{"id":745547,"date":"2025-03-03T20:23:32","date_gmt":"2025-03-03T19:23:32","guid":{"rendered":"https:\/\/stoic-curie.212-227-153-4.plesk.page\/producto\/rucna-daljinska-kontrola-quick-8-funkcija\/"},"modified":"2026-02-25T00:01:25","modified_gmt":"2026-02-25T00:01:25","slug":"rucna-daljinska-kontrola-quick-8-funkcija","status":"publish","type":"product","link":"https:\/\/stoic-curie.212-227-153-4.plesk.page\/hr\/product\/rucna-daljinska-kontrola-quick-8-funkcija\/","title":{"rendered":"Ru\u010dna daljinska kontrola Quick 8 funkcija"},"content":{"rendered":"<p>Ru\u010dna daljinska kontrola Quick 8 funkcija &#8211; <\/p>\n<p>Daljinski upravlja\u010di ru\u010dne i d\u017eepne radio za brze potisnike na pramcu. Plutaju\u0107i, IP67 za\u0161tita i LED indikator. Ru\u010dni prijenosnik ima ku\u0107i\u0161te od otpornog gume i tipkovnicu osvijetljenu silikonom. Mo\u017ee raditi s punjivim baterijama. Treba ga dopuniti sa 4 ili 6 relejnih prijemnika prema tipkama prijenosnika.<\/p>\n","protected":false},"excerpt":{"rendered":"<p>Ru\u010dna daljinska kontrola Quick 8 funkcija &#8211; Daljinski upravlja\u010di ru\u010dne i d\u017eepne radio za brze potisnike na pramcu. Plutaju\u0107i, IP67<\/p>\n","protected":false},"featured_media":5948900,"comment_status":"open","ping_status":"closed","template":"","meta":[],"product_brand":[3281],"product_cat":[1610,1611],"product_tag":[],"class_list":{"0":"post-745547","1":"product","2":"type-product","3":"status-publish","4":"has-post-thumbnail","6":"product_brand-quick-hr","7":"product_cat-pramcani-potisnici-quick","8":"product_cat-vitla-quick","10":"first","11":"instock","12":"shipping-taxable","13":"purchasable","14":"product-type-simple"},"_links":{"self":[{"href":"https:\/\/stoic-curie.212-227-153-4.plesk.page\/hr\/wp-json\/wp\/v2\/product\/745547","targetHints":{"allow":["GET"]}}],"collection":[{"href":"https:\/\/stoic-curie.212-227-153-4.plesk.page\/hr\/wp-json\/wp\/v2\/product"}],"about":[{"href":"https:\/\/stoic-curie.212-227-153-4.plesk.page\/hr\/wp-json\/wp\/v2\/types\/product"}],"replies":[{"embeddable":true,"href":"https:\/\/stoic-curie.212-227-153-4.plesk.page\/hr\/wp-json\/wp\/v2\/comments?post=745547"}],"version-history":[{"count":0,"href":"https:\/\/stoic-curie.212-227-153-4.plesk.page\/hr\/wp-json\/wp\/v2\/product\/745547\/revisions"}],"wp:featuredmedia":[{"embeddable":true,"href":"https:\/\/stoic-curie.212-227-153-4.plesk.page\/hr\/wp-json\/wp\/v2\/media\/5948900"}],"wp:attachment":[{"href":"https:\/\/stoic-curie.212-227-153-4.plesk.page\/hr\/wp-json\/wp\/v2\/media?parent=745547"}],"wp:term":[{"taxonomy":"product_brand","embeddable":true,"href":"https:\/\/stoic-curie.212-227-153-4.plesk.page\/hr\/wp-json\/wp\/v2\/product_brand?post=745547"},{"taxonomy":"product_cat","embeddable":true,"href":"https:\/\/stoic-curie.212-227-153-4.plesk.page\/hr\/wp-json\/wp\/v2\/product_cat?post=745547"},{"taxonomy":"product_tag","embeddable":true,"href":"https:\/\/stoic-curie.212-227-153-4.plesk.page\/hr\/wp-json\/wp\/v2\/product_tag?post=745547"}],"curies":[{"name":"wp","href":"https:\/\/api.w.org\/{rel}","templated":true}]}}