{"id":745551,"date":"2025-03-03T20:23:33","date_gmt":"2025-03-03T19:23:33","guid":{"rendered":"https:\/\/stoic-curie.212-227-153-4.plesk.page\/producto\/joystick-uflex-niski-profil\/"},"modified":"2026-02-25T00:01:25","modified_gmt":"2026-02-25T00:01:25","slug":"joystick-uflex-niski-profil","status":"publish","type":"product","link":"https:\/\/stoic-curie.212-227-153-4.plesk.page\/hr\/product\/joystick-uflex-niski-profil\/","title":{"rendered":"Joystick Uflex niski profil"},"content":{"rendered":"<p>Joystick Uflex niski profil &#8211; <\/p>\n<p>Elektromehani\u010dki 12V Uflex trim kit bez odr\u017eavanja i jednostavne instalacije. Ne zahtijeva elektri\u010dni ili hidrauli\u010dni kontrolni ure\u0111aj i cijevi. Kontrolna plo\u010da s joystickom omogu\u0107uje poravnanje nareznica za pode\u0161avanje nagiba i nagiba. Kontrolna kutija tako\u0111er uklju\u010duje automatsku funkciju uskla\u0111ivanja za automatsko poravnavanje krila kada je isklju\u010dena, a mo\u017ee se koristiti i kao prekida\u010d za mogu\u0107i joystick druge stanice. Kit uklju\u010duje dva AT aktuatora i kontrolnu kutiju s kromiranim joystickom. Odvojeno se moraju kupiti od nehr\u0111aju\u0107eg \u010delika, mogu biti standardni ili s visoko poliranim profilom.<br \/>&#8211; Pobolj\u0161anje ekonomi\u010dnosti goriva i udobnosti putnika<br \/>&#8211; Nareznice izra\u0111ene da izdr\u017ee u najzahtjevnijim uvjetima mora<br \/>&#8211; Ugradnja s samo jednim malim rupom po nareznici kroz pram\u010danu stranu<\/p>\n","protected":false},"excerpt":{"rendered":"<p>Joystick Uflex niski profil &#8211; Elektromehani\u010dki 12V Uflex trim kit bez odr\u017eavanja i jednostavne instalacije. Ne zahtijeva elektri\u010dni ili hidrauli\u010dni<\/p>\n","protected":false},"featured_media":5948924,"comment_status":"open","ping_status":"closed","template":"","meta":[],"product_brand":[3501],"product_cat":[1806],"product_tag":[],"class_list":{"0":"post-745551","1":"product","2":"type-product","3":"status-publish","4":"has-post-thumbnail","6":"product_brand-ultraflex-uflex-hr","7":"product_cat-trim-ploce","9":"first","10":"instock","11":"shipping-taxable","12":"purchasable","13":"product-type-simple"},"_links":{"self":[{"href":"https:\/\/stoic-curie.212-227-153-4.plesk.page\/hr\/wp-json\/wp\/v2\/product\/745551","targetHints":{"allow":["GET"]}}],"collection":[{"href":"https:\/\/stoic-curie.212-227-153-4.plesk.page\/hr\/wp-json\/wp\/v2\/product"}],"about":[{"href":"https:\/\/stoic-curie.212-227-153-4.plesk.page\/hr\/wp-json\/wp\/v2\/types\/product"}],"replies":[{"embeddable":true,"href":"https:\/\/stoic-curie.212-227-153-4.plesk.page\/hr\/wp-json\/wp\/v2\/comments?post=745551"}],"version-history":[{"count":0,"href":"https:\/\/stoic-curie.212-227-153-4.plesk.page\/hr\/wp-json\/wp\/v2\/product\/745551\/revisions"}],"wp:featuredmedia":[{"embeddable":true,"href":"https:\/\/stoic-curie.212-227-153-4.plesk.page\/hr\/wp-json\/wp\/v2\/media\/5948924"}],"wp:attachment":[{"href":"https:\/\/stoic-curie.212-227-153-4.plesk.page\/hr\/wp-json\/wp\/v2\/media?parent=745551"}],"wp:term":[{"taxonomy":"product_brand","embeddable":true,"href":"https:\/\/stoic-curie.212-227-153-4.plesk.page\/hr\/wp-json\/wp\/v2\/product_brand?post=745551"},{"taxonomy":"product_cat","embeddable":true,"href":"https:\/\/stoic-curie.212-227-153-4.plesk.page\/hr\/wp-json\/wp\/v2\/product_cat?post=745551"},{"taxonomy":"product_tag","embeddable":true,"href":"https:\/\/stoic-curie.212-227-153-4.plesk.page\/hr\/wp-json\/wp\/v2\/product_tag?post=745551"}],"curies":[{"name":"wp","href":"https:\/\/api.w.org\/{rel}","templated":true}]}}