{"id":745553,"date":"2025-03-03T20:23:34","date_gmt":"2025-03-03T19:23:34","guid":{"rendered":"https:\/\/stoic-curie.212-227-153-4.plesk.page\/producto\/kit-2-hidraulicna-crijeva-ultraflex-nautech-7mt\/"},"modified":"2026-02-25T00:01:25","modified_gmt":"2026-02-25T00:01:25","slug":"kit-2-hidraulicna-crijeva-ultraflex-nautech-7mt","status":"publish","type":"product","link":"https:\/\/stoic-curie.212-227-153-4.plesk.page\/hr\/product\/kit-2-hidraulicna-crijeva-ultraflex-nautech-7mt\/","title":{"rendered":"Kit 2 Hidraulicna crijeva Ultraflex Nautech 7mt"},"content":{"rendered":"<p>Kit 2 Hidraulicna crijeva Ultraflex Nautech 7mt &#8211; <\/p>\n<p>Nautech1 sustav upravljanja kit za vanbrodske motore: Mercury 2 i 4ST od 100 do 300 HP &#8211; Yamaha 4ST od F70 do F150 i od F200 do F300 &#8211; Honda 4ST 75\/90\/115A i od 135 do 250 HP &#8211; Suzuki 4ST od 100 do 175 HP &#8211; Tohatsu 4ST od 70 do 115 HP &#8211; Selva 2ST od 80 do 150 i 4ST 150 HP &#8211; Johnson 4ST od 90 do 140 HP. Prakti\u010dno i lako za instalaciju, uklju\u010duje: 1 UP28F pumpa upravlja\u010da (Cod MTM 4656601), 4,3 okretaja od krajnje do krajnje lijevo, 1 UC128-OBF\/1 cilindar (Cod MTM 4655014), 2 litre Ultraflex hidrauli\u010dnog ulja. Krozvode se koriste za prolazak 2 hidrauli\u010dne cijevi na krmi.<\/p>\n","protected":false},"excerpt":{"rendered":"<p>Kit 2 Hidraulicna crijeva Ultraflex Nautech 7mt &#8211; Nautech1 sustav upravljanja kit za vanbrodske motore: Mercury 2 i 4ST od<\/p>\n","protected":false},"featured_media":5944076,"comment_status":"open","ping_status":"closed","template":"","meta":[],"product_brand":[3501],"product_cat":[1823],"product_tag":[],"class_list":{"0":"post-745553","1":"product","2":"type-product","3":"status-publish","4":"has-post-thumbnail","6":"product_brand-ultraflex-uflex-hr","7":"product_cat-hidraulicno-kormilarenje","9":"first","10":"instock","11":"shipping-taxable","12":"purchasable","13":"product-type-simple"},"_links":{"self":[{"href":"https:\/\/stoic-curie.212-227-153-4.plesk.page\/hr\/wp-json\/wp\/v2\/product\/745553","targetHints":{"allow":["GET"]}}],"collection":[{"href":"https:\/\/stoic-curie.212-227-153-4.plesk.page\/hr\/wp-json\/wp\/v2\/product"}],"about":[{"href":"https:\/\/stoic-curie.212-227-153-4.plesk.page\/hr\/wp-json\/wp\/v2\/types\/product"}],"replies":[{"embeddable":true,"href":"https:\/\/stoic-curie.212-227-153-4.plesk.page\/hr\/wp-json\/wp\/v2\/comments?post=745553"}],"version-history":[{"count":0,"href":"https:\/\/stoic-curie.212-227-153-4.plesk.page\/hr\/wp-json\/wp\/v2\/product\/745553\/revisions"}],"wp:featuredmedia":[{"embeddable":true,"href":"https:\/\/stoic-curie.212-227-153-4.plesk.page\/hr\/wp-json\/wp\/v2\/media\/5944076"}],"wp:attachment":[{"href":"https:\/\/stoic-curie.212-227-153-4.plesk.page\/hr\/wp-json\/wp\/v2\/media?parent=745553"}],"wp:term":[{"taxonomy":"product_brand","embeddable":true,"href":"https:\/\/stoic-curie.212-227-153-4.plesk.page\/hr\/wp-json\/wp\/v2\/product_brand?post=745553"},{"taxonomy":"product_cat","embeddable":true,"href":"https:\/\/stoic-curie.212-227-153-4.plesk.page\/hr\/wp-json\/wp\/v2\/product_cat?post=745553"},{"taxonomy":"product_tag","embeddable":true,"href":"https:\/\/stoic-curie.212-227-153-4.plesk.page\/hr\/wp-json\/wp\/v2\/product_tag?post=745553"}],"curies":[{"name":"wp","href":"https:\/\/api.w.org\/{rel}","templated":true}]}}